{"id":990993,"date":"2024-04-23T18:58:27","date_gmt":"2024-04-23T21:58:27","guid":{"rendered":"https:\/\/projectsa.com.br\/?page_id=990993"},"modified":"2025-08-21T22:09:56","modified_gmt":"2025-08-22T01:09:56","slug":"transformando-o-gerenciamento-de-projetos-da-ca-com-o-microsoft-project-online","status":"publish","type":"page","link":"https:\/\/projectsa.com.br\/en\/casos-de-sucesso\/transformando-o-gerenciamento-de-projetos-da-ca-com-o-microsoft-project-online\/","title":{"rendered":"Transformando o Gerenciamento de Projetos da C&amp;A com o Microsoft Project Online\u00a0"},"content":{"rendered":"<div data-elementor-type=\"wp-page\" data-elementor-id=\"990993\" class=\"elementor elementor-990993\" data-elementor-post-type=\"page\">\n\t\t\t\t\t\t<section class=\"elementor-section elementor-top-section elementor-element elementor-element-3704f050 elementor-section-boxed elementor-section-height-default elementor-section-height-default\" data-id=\"3704f050\" data-element_type=\"section\">\n\t\t\t\t\t\t<div class=\"elementor-container elementor-column-gap-default\">\n\t\t\t\t\t<div class=\"elementor-column elementor-col-50 elementor-top-column elementor-element elementor-element-79293ee8\" data-id=\"79293ee8\" data-element_type=\"column\">\n\t\t\t<div class=\"elementor-widget-wrap elementor-element-populated\">\n\t\t\t\t\t\t<div class=\"elementor-element elementor-element-b50b6a9 elementor-widget elementor-widget-spacer\" data-id=\"b50b6a9\" data-element_type=\"widget\" data-widget_type=\"spacer.default\">\n\t\t\t\t\t\t\t<div class=\"elementor-spacer\">\n\t\t\t<div class=\"elementor-spacer-inner\"><\/div>\n\t\t<\/div>\n\t\t\t\t\t\t<\/div>\n\t\t\t\t<div class=\"elementor-element elementor-element-86f98e1 elementor-widget elementor-widget-heading\" data-id=\"86f98e1\" data-element_type=\"widget\" data-widget_type=\"heading.default\">\n\t\t\t\t\t<h2 class=\"elementor-heading-title elementor-size-default\">Transformando o Gerenciamento de Projetos da C&amp;A com o Microsoft Project Online\u00a0<\/h2>\t\t\t\t<\/div>\n\t\t\t\t<div class=\"elementor-element elementor-element-4da05d3f elementor-widget__width-initial elementor-widget elementor-widget-text-editor\" data-id=\"4da05d3f\" data-element_type=\"widget\" data-widget_type=\"text-editor.default\">\n\t\t\t\t\t\t\t\t\t<p><span data-contrast=\"auto\">A implementa\u00e7\u00e3o personalizada do Microsoft Project Online pela\u00a0ProjectSA\u00a0na C&amp;A revolucionou o gerenciamento de projetos da renomada varejista de moda. Ao aproveitar todo o potencial da plataforma, a C&amp;A experimentou um aumento significativo na efici\u00eancia, comunica\u00e7\u00e3o aprimorada e maior visibilidade em todas as etapas de seus projetos. Este caso de sucesso destaca os principais desafios enfrentados pela C&amp;A, a solu\u00e7\u00e3o proporcionada pela\u00a0ProjectSA\u00a0e os resultados obtidos ap\u00f3s a implementa\u00e7\u00e3o do Microsoft Project Online.<\/span>\u00a0<\/p>\t\t\t\t\t\t\t\t<\/div>\n\t\t\t\t\t<\/div>\n\t\t<\/div>\n\t\t\t\t<div class=\"elementor-column elementor-col-50 elementor-top-column elementor-element elementor-element-215873d\" data-id=\"215873d\" data-element_type=\"column\">\n\t\t\t<div class=\"elementor-widget-wrap elementor-element-populated\">\n\t\t\t\t\t\t<div class=\"elementor-element elementor-element-0bd7565 elementor-widget elementor-widget-spacer\" data-id=\"0bd7565\" data-element_type=\"widget\" data-widget_type=\"spacer.default\">\n\t\t\t\t\t\t\t<div class=\"elementor-spacer\">\n\t\t\t<div class=\"elementor-spacer-inner\"><\/div>\n\t\t<\/div>\n\t\t\t\t\t\t<\/div>\n\t\t\t\t<div class=\"elementor-element elementor-element-4eb602f elementor-widget elementor-widget-image\" data-id=\"4eb602f\" data-element_type=\"widget\" data-widget_type=\"image.default\">\n\t\t\t\t\t\t\t\t\t\t\t\t\t\t\t<img fetchpriority=\"high\" decoding=\"async\" width=\"800\" height=\"534\" src=\"https:\/\/projectsa.com.br\/wp-content\/uploads\/2025\/08\/Rotulos-no-Project-for-the-Web-1024x683.webp\" class=\"attachment-large size-large wp-image-992756\" alt=\"Microsoft Project Online\" srcset=\"https:\/\/projectsa.com.br\/wp-content\/uploads\/2025\/08\/Rotulos-no-Project-for-the-Web-1024x683.webp 1024w, https:\/\/projectsa.com.br\/wp-content\/uploads\/2025\/08\/Rotulos-no-Project-for-the-Web-300x200.webp 300w, https:\/\/projectsa.com.br\/wp-content\/uploads\/2025\/08\/Rotulos-no-Project-for-the-Web-768x512.webp 768w, https:\/\/projectsa.com.br\/wp-content\/uploads\/2025\/08\/Rotulos-no-Project-for-the-Web-1536x1024.webp 1536w, https:\/\/projectsa.com.br\/wp-content\/uploads\/2025\/08\/Rotulos-no-Project-for-the-Web-18x12.webp 18w, https:\/\/projectsa.com.br\/wp-content\/uploads\/2025\/08\/Rotulos-no-Project-for-the-Web.webp 1600w\" sizes=\"(max-width: 800px) 100vw, 800px\" \/>\t\t\t\t\t\t\t\t\t\t\t\t\t\t\t<\/div>\n\t\t\t\t\t<\/div>\n\t\t<\/div>\n\t\t\t\t\t<\/div>\n\t\t<\/section>\n\t\t\t\t<section class=\"elementor-section elementor-top-section elementor-element elementor-element-d3a8cb7 elementor-section-boxed elementor-section-height-default elementor-section-height-default\" data-id=\"d3a8cb7\" data-element_type=\"section\">\n\t\t\t\t\t\t<div class=\"elementor-container elementor-column-gap-default\">\n\t\t\t\t\t<div class=\"elementor-column elementor-col-100 elementor-top-column elementor-element elementor-element-b0eabbe\" data-id=\"b0eabbe\" data-element_type=\"column\">\n\t\t\t<div class=\"elementor-widget-wrap elementor-element-populated\">\n\t\t\t\t\t\t<div class=\"elementor-element elementor-element-65d7700 elementor-widget__width-initial elementor-widget elementor-widget-heading\" data-id=\"65d7700\" data-element_type=\"widget\" data-widget_type=\"heading.default\">\n\t\t\t\t\t<h2 class=\"elementor-heading-title elementor-size-default\">Desafio<\/h2>\t\t\t\t<\/div>\n\t\t\t\t<div class=\"elementor-element elementor-element-b7e7ecc elementor-widget__width-initial elementor-widget elementor-widget-text-editor\" data-id=\"b7e7ecc\" data-element_type=\"widget\" data-widget_type=\"text-editor.default\">\n\t\t\t\t\t\t\t\t\t<p>Antes de adotar o Microsoft Project Online, a C&amp;A enfrentava desafios significativos em seu processo de gerenciamento de projetos. A empresa utilizava ferramentas de gest\u00e3o desatualizadas e ineficientes, que n\u00e3o forneciam uma vis\u00e3o clara do progresso e do desempenho dos projetos em andamento. A falta de padroniza\u00e7\u00e3o nos processos e a comunica\u00e7\u00e3o deficiente entre as equipes tamb\u00e9m eram obst\u00e1culos para a conclus\u00e3o bem-sucedida dos projetos.\u00a0<\/p>\t\t\t\t\t\t\t\t<\/div>\n\t\t\t\t\t<\/div>\n\t\t<\/div>\n\t\t\t\t\t<\/div>\n\t\t<\/section>\n\t\t\t\t<section class=\"elementor-section elementor-top-section elementor-element elementor-element-3da4bb7d elementor-section-boxed elementor-section-height-default elementor-section-height-default\" data-id=\"3da4bb7d\" data-element_type=\"section\">\n\t\t\t\t\t\t<div class=\"elementor-container elementor-column-gap-default\">\n\t\t\t\t\t<div class=\"elementor-column elementor-col-100 elementor-top-column elementor-element elementor-element-4093bdf9\" data-id=\"4093bdf9\" data-element_type=\"column\">\n\t\t\t<div class=\"elementor-widget-wrap elementor-element-populated\">\n\t\t\t\t\t\t<div class=\"elementor-element elementor-element-54288231 elementor-widget elementor-widget-heading\" data-id=\"54288231\" data-element_type=\"widget\" data-widget_type=\"heading.default\">\n\t\t\t\t\t<h2 class=\"elementor-heading-title elementor-size-default\">Solu\u00e7\u00e3o<\/h2>\t\t\t\t<\/div>\n\t\t\t\t<div class=\"elementor-element elementor-element-7d198fca elementor-widget elementor-widget-text-editor\" data-id=\"7d198fca\" data-element_type=\"widget\" data-widget_type=\"text-editor.default\">\n\t\t\t\t\t\t\t\t\t<p><span data-contrast=\"auto\">A ProjectSA, uma renomada consultoria em gerenciamento de projetos, identificou as necessidades espec\u00edficas da C&amp;A e prop\u00f4s a implementa\u00e7\u00e3o personalizada do Microsoft Project Online. A equipe da ProjectSA trabalhou em estreita colabora\u00e7\u00e3o com a C&amp;A para entender os requisitos do neg\u00f3cio e personalizar a plataforma de acordo com suas necessidades.<\/span><span data-contrast=\"auto\">\u00a0<\/span>\u00a0<\/p><p><span data-contrast=\"auto\">A solu\u00e7\u00e3o implementada incluiu a configura\u00e7\u00e3o de um ambiente centralizado no Microsoft Project Online, com defini\u00e7\u00e3o de fluxos de trabalho,\u00a0templates\u00a0de projetos padronizados e recursos atribu\u00eddos de forma eficiente. A equipe da C&amp;A recebeu treinamento abrangente sobre a plataforma, garantindo que eles pudessem tirar o m\u00e1ximo proveito de seus recursos.<\/span>\u00a0<\/p>\t\t\t\t\t\t\t\t<\/div>\n\t\t\t\t\t<\/div>\n\t\t<\/div>\n\t\t\t\t\t<\/div>\n\t\t<\/section>\n\t\t\t\t<section class=\"elementor-section elementor-top-section elementor-element elementor-element-6a416d81 elementor-section-boxed elementor-section-height-default elementor-section-height-default\" data-id=\"6a416d81\" data-element_type=\"section\">\n\t\t\t\t\t\t<div class=\"elementor-container elementor-column-gap-default\">\n\t\t\t\t\t<div class=\"elementor-column elementor-col-100 elementor-top-column elementor-element elementor-element-55f3c07e\" data-id=\"55f3c07e\" data-element_type=\"column\">\n\t\t\t<div class=\"elementor-widget-wrap elementor-element-populated\">\n\t\t\t\t\t\t<div class=\"elementor-element elementor-element-6b9ccd89 elementor-widget elementor-widget-heading\" data-id=\"6b9ccd89\" data-element_type=\"widget\" data-widget_type=\"heading.default\">\n\t\t\t\t\t<h2 class=\"elementor-heading-title elementor-size-default\">Resultados<\/h2>\t\t\t\t<\/div>\n\t\t\t\t<div class=\"elementor-element elementor-element-8daa430 elementor-widget elementor-widget-text-editor\" data-id=\"8daa430\" data-element_type=\"widget\" data-widget_type=\"text-editor.default\">\n\t\t\t\t\t\t\t\t\t<p><span style=\"font-style: normal; font-variant-ligatures: normal; font-variant-caps: normal; font-weight: 400; font-size: 15px; font-family: Helvetica;\" data-contrast=\"auto\">Ap\u00f3s a implementa\u00e7\u00e3o do Microsoft Project Online, a C&amp;A testemunhou uma transforma\u00e7\u00e3o significativa em seu gerenciamento de projetos. Os resultados obtidos incluem:<\/span><\/p><p><span style=\"font-style: normal; font-variant-ligatures: normal; font-variant-caps: normal; font-weight: 400; font-size: 15px; font-family: Helvetica;\" data-contrast=\"auto\"><br><\/span><\/p><ol style=\"font-style: normal; font-variant-ligatures: normal; font-variant-caps: normal; font-weight: 400; font-size: 15px; font-family: Helvetica;\"><li><span data-contrast=\"auto\">Visibilidade aprimorada: A C&amp;A agora possui uma vis\u00e3o completa de todos os projetos em andamento, incluindo tarefas, marcos e recursos envolvidos. Isso permite que a equipe gerencial monitore o progresso, identifique poss\u00edveis gargalos e tome medidas corretivas oportunas.<\/span><\/li><\/ol><p style=\"font-style: normal; font-variant-ligatures: normal; font-variant-caps: normal; font-weight: 400; font-size: 15px; font-family: Helvetica;\"><span data-contrast=\"auto\">&nbsp;<\/span>&nbsp;<\/p><ol start=\"2\" style=\"font-style: normal; font-variant-ligatures: normal; font-variant-caps: normal; font-weight: 400; font-size: 15px; font-family: Helvetica;\"><li><span data-contrast=\"auto\">Comunica\u00e7\u00e3o eficiente: A colabora\u00e7\u00e3o entre as equipes melhorou consideravelmente devido \u00e0s ferramentas de comunica\u00e7\u00e3o integradas no Microsoft Project Online. As equipes podem compartilhar documentos, atualizar o status do projeto e trocar informa\u00e7\u00f5es relevantes em tempo real, garantindo uma comunica\u00e7\u00e3o mais r\u00e1pida e eficaz.<\/span><\/li><\/ol><p style=\"font-style: normal; font-variant-ligatures: normal; font-variant-caps: normal; font-weight: 400; font-size: 15px; font-family: Helvetica;\"><span data-contrast=\"auto\">&nbsp;<\/span>&nbsp;<\/p><ol start=\"3\" style=\"font-style: normal; font-variant-ligatures: normal; font-variant-caps: normal; font-weight: 400; font-size: 15px; font-family: Helvetica;\"><li><span data-contrast=\"auto\">Prazos cumpridos: Com o uso de templates padronizados, fluxos de trabalho otimizados e a atribui\u00e7\u00e3o adequada de recursos, a C&amp;A conseguiu cumprir prazos com mais consist\u00eancia. A equipe agora pode acompanhar o progresso das tarefas em tempo real e identificar desvios em rela\u00e7\u00e3o ao cronograma planejado.<\/span>&nbsp;<\/li><\/ol><p style=\"font-style: normal; font-variant-ligatures: normal; font-variant-caps: normal; font-weight: 400; font-size: 15px; font-family: Helvetica;\"><span data-contrast=\"auto\">&nbsp;<\/span>&nbsp;<\/p><p><span style=\"font-style: normal; font-variant-ligatures: normal; font-variant-caps: normal; font-weight: 400; font-size: 15px; font-family: Helvetica;\" data-contrast=\"auto\"><\/span><\/p><ol start=\"4\" style=\"font-style: normal; font-variant-ligatures: normal; font-variant-caps: normal; font-weight: 400; font-size: 15px; font-family: Helvetica;\"><li><span data-contrast=\"auto\">Efici\u00eancia aprimorada: A automa\u00e7\u00e3o de processos e a integra\u00e7\u00e3o de dados permitiram \u00e0 C&amp;A simplificar suas opera\u00e7\u00f5es de gerenciamento de projetos. Os relat\u00f3rios s\u00e3o gerados de forma automatizada, economizando tempo e esfor\u00e7o da equipe.<\/span><\/li><\/ol>\t\t\t\t\t\t\t\t<\/div>\n\t\t\t\t\t<\/div>\n\t\t<\/div>\n\t\t\t\t\t<\/div>\n\t\t<\/section>\n\t\t\t\t<\/div>","protected":false},"excerpt":{"rendered":"<p>Transformando o Gerenciamento de Projetos da C&amp;A com o Microsoft Project Online\u00a0 A implementa\u00e7\u00e3o personalizada do Microsoft Project Online pela\u00a0ProjectSA\u00a0na C&amp;A revolucionou o gerenciamento de projetos da renomada varejista de moda. Ao aproveitar todo o potencial da plataforma, a C&amp;A experimentou um aumento significativo na efici\u00eancia, comunica\u00e7\u00e3o aprimorada e maior visibilidade em todas as etapas [&hellip;]<\/p>","protected":false},"author":1,"featured_media":0,"parent":990275,"menu_order":0,"comment_status":"closed","ping_status":"closed","template":"","meta":{"footnotes":""},"class_list":["post-990993","page","type-page","status-publish","hentry"],"_links":{"self":[{"href":"https:\/\/projectsa.com.br\/en\/wp-json\/wp\/v2\/pages\/990993","targetHints":{"allow":["GET"]}}],"collection":[{"href":"https:\/\/projectsa.com.br\/en\/wp-json\/wp\/v2\/pages"}],"about":[{"href":"https:\/\/projectsa.com.br\/en\/wp-json\/wp\/v2\/types\/page"}],"author":[{"embeddable":true,"href":"https:\/\/projectsa.com.br\/en\/wp-json\/wp\/v2\/users\/1"}],"replies":[{"embeddable":true,"href":"https:\/\/projectsa.com.br\/en\/wp-json\/wp\/v2\/comments?post=990993"}],"version-history":[{"count":11,"href":"https:\/\/projectsa.com.br\/en\/wp-json\/wp\/v2\/pages\/990993\/revisions"}],"predecessor-version":[{"id":992761,"href":"https:\/\/projectsa.com.br\/en\/wp-json\/wp\/v2\/pages\/990993\/revisions\/992761"}],"up":[{"embeddable":true,"href":"https:\/\/projectsa.com.br\/en\/wp-json\/wp\/v2\/pages\/990275"}],"wp:attachment":[{"href":"https:\/\/projectsa.com.br\/en\/wp-json\/wp\/v2\/media?parent=990993"}],"curies":[{"name":"wp","href":"https:\/\/api.w.org\/{rel}","templated":true}]}}