{"id":990979,"date":"2024-04-23T18:54:58","date_gmt":"2024-04-23T21:54:58","guid":{"rendered":"https:\/\/projectsa.com.br\/?page_id=990979"},"modified":"2025-08-21T21:44:46","modified_gmt":"2025-08-22T00:44:46","slug":"case-microsoft-project-for-the-web-herbarium","status":"publish","type":"page","link":"https:\/\/projectsa.com.br\/en\/casos-de-sucesso\/case-microsoft-project-for-the-web-herbarium\/","title":{"rendered":"Transformando o Gerenciamento de Projetos da\u00a0Herbarium\u00a0com o Microsoft Project for\u00a0the\u00a0Web e a Solu\u00e7\u00e3o\u00a0ProjectSA\u00a0PPM\u00a0"},"content":{"rendered":"<div data-elementor-type=\"wp-page\" data-elementor-id=\"990979\" class=\"elementor elementor-990979\" data-elementor-post-type=\"page\">\n\t\t\t\t\t\t<section class=\"elementor-section elementor-top-section elementor-element elementor-element-6d97cd47 elementor-section-boxed elementor-section-height-default elementor-section-height-default\" data-id=\"6d97cd47\" data-element_type=\"section\">\n\t\t\t\t\t\t<div class=\"elementor-container elementor-column-gap-default\">\n\t\t\t\t\t<div class=\"elementor-column elementor-col-50 elementor-top-column elementor-element elementor-element-577261ef\" data-id=\"577261ef\" data-element_type=\"column\">\n\t\t\t<div class=\"elementor-widget-wrap elementor-element-populated\">\n\t\t\t\t\t\t<div class=\"elementor-element elementor-element-025b3ea elementor-widget elementor-widget-spacer\" data-id=\"025b3ea\" data-element_type=\"widget\" data-widget_type=\"spacer.default\">\n\t\t\t\t\t\t\t<div class=\"elementor-spacer\">\n\t\t\t<div class=\"elementor-spacer-inner\"><\/div>\n\t\t<\/div>\n\t\t\t\t\t\t<\/div>\n\t\t\t\t<div class=\"elementor-element elementor-element-666a848 elementor-widget elementor-widget-heading\" data-id=\"666a848\" data-element_type=\"widget\" data-widget_type=\"heading.default\">\n\t\t\t\t\t<h2 class=\"elementor-heading-title elementor-size-default\">Transforming Herbarium's Project Management with Microsoft Project for the Web <\/h2>\t\t\t\t<\/div>\n\t\t\t\t<div class=\"elementor-element elementor-element-7e4ae6aa elementor-widget elementor-widget-text-editor\" data-id=\"7e4ae6aa\" data-element_type=\"widget\" data-widget_type=\"text-editor.default\">\n\t\t\t\t\t\t\t\t\t<p><span data-contrast=\"auto\">Neste caso de sucesso, descreveremos como a empresa\u00a0ProjectSA, por meio de sua solu\u00e7\u00e3o personalizada\u00a0OnePlanner PPM, implementou o Microsoft Project for\u00a0the\u00a0Web para a\u00a0Herbarium, uma renomada empresa do setor de produtos naturais e fitoter\u00e1picos. A implementa\u00e7\u00e3o bem-sucedida resultou em um aprimoramento significativo no gerenciamento dos projetos de desenvolvimento de produtos da\u00a0Herbarium, permitindo maior efici\u00eancia, colabora\u00e7\u00e3o aprimorada e resultados de alta qualidade.<\/span><\/p><p>\u00a0<\/p>\t\t\t\t\t\t\t\t<\/div>\n\t\t\t\t\t<\/div>\n\t\t<\/div>\n\t\t\t\t<div class=\"elementor-column elementor-col-50 elementor-top-column elementor-element elementor-element-0880288\" data-id=\"0880288\" data-element_type=\"column\">\n\t\t\t<div class=\"elementor-widget-wrap elementor-element-populated\">\n\t\t\t\t\t\t<div class=\"elementor-element elementor-element-2a434b4 elementor-widget elementor-widget-spacer\" data-id=\"2a434b4\" data-element_type=\"widget\" data-widget_type=\"spacer.default\">\n\t\t\t\t\t\t\t<div class=\"elementor-spacer\">\n\t\t\t<div class=\"elementor-spacer-inner\"><\/div>\n\t\t<\/div>\n\t\t\t\t\t\t<\/div>\n\t\t\t\t<div class=\"elementor-element elementor-element-071cba5 elementor-widget elementor-widget-image\" data-id=\"071cba5\" data-element_type=\"widget\" data-widget_type=\"image.default\">\n\t\t\t\t\t\t\t\t\t\t\t\t\t\t\t<img fetchpriority=\"high\" decoding=\"async\" width=\"800\" height=\"533\" src=\"https:\/\/projectsa.com.br\/wp-content\/uploads\/2024\/04\/depth-of-field-1024x682.jpg\" class=\"attachment-large size-large wp-image-991017\" alt=\"Microsoft Project for the Web\" srcset=\"https:\/\/projectsa.com.br\/wp-content\/uploads\/2024\/04\/depth-of-field-1024x682.jpg 1024w, https:\/\/projectsa.com.br\/wp-content\/uploads\/2024\/04\/depth-of-field-300x200.jpg 300w, https:\/\/projectsa.com.br\/wp-content\/uploads\/2024\/04\/depth-of-field-768x512.jpg 768w, https:\/\/projectsa.com.br\/wp-content\/uploads\/2024\/04\/depth-of-field-1536x1024.jpg 1536w, https:\/\/projectsa.com.br\/wp-content\/uploads\/2024\/04\/depth-of-field.jpg 2000w\" sizes=\"(max-width: 800px) 100vw, 800px\" \/>\t\t\t\t\t\t\t\t\t\t\t\t\t\t\t<\/div>\n\t\t\t\t\t<\/div>\n\t\t<\/div>\n\t\t\t\t\t<\/div>\n\t\t<\/section>\n\t\t\t\t<section class=\"elementor-section elementor-top-section elementor-element elementor-element-dac273b elementor-section-boxed elementor-section-height-default elementor-section-height-default\" data-id=\"dac273b\" data-element_type=\"section\">\n\t\t\t\t\t\t<div class=\"elementor-container elementor-column-gap-default\">\n\t\t\t\t\t<div class=\"elementor-column elementor-col-100 elementor-top-column elementor-element elementor-element-1ba4b409\" data-id=\"1ba4b409\" data-element_type=\"column\">\n\t\t\t<div class=\"elementor-widget-wrap elementor-element-populated\">\n\t\t\t\t\t\t<div class=\"elementor-element elementor-element-6a2356fc elementor-widget elementor-widget-heading\" data-id=\"6a2356fc\" data-element_type=\"widget\" data-widget_type=\"heading.default\">\n\t\t\t\t\t<h2 class=\"elementor-heading-title elementor-size-default\">Introdu\u00e7\u00e3o<\/h2>\t\t\t\t<\/div>\n\t\t\t\t<div class=\"elementor-element elementor-element-384c7646 elementor-widget elementor-widget-text-editor\" data-id=\"384c7646\" data-element_type=\"widget\" data-widget_type=\"text-editor.default\">\n\t\t\t\t\t\t\t\t\t<p><span data-contrast=\"auto\">A\u00a0Herbarium\u00a0\u00e9 reconhecida como uma das principais empresas no mercado de produtos naturais e fitoter\u00e1picos. Com uma ampla gama de produtos que promovem a sa\u00fade e o bem-estar, a\u00a0Herbarium\u00a0sempre se esfor\u00e7ou para manter altos padr\u00f5es de qualidade em seus processos e produtos. No entanto, a gest\u00e3o dos projetos de desenvolvimento de produtos se tornou um desafio \u00e0 medida que a empresa crescia. Foi quando a\u00a0ProjectSA\u00a0entrou em cena com sua solu\u00e7\u00e3o\u00a0OnePlanner PPM e o Microsoft Project for\u00a0the\u00a0Web, oferecendo uma abordagem personalizada para atender \u00e0s necessidades espec\u00edficas da\u00a0Herbarium.<\/span><\/p>\t\t\t\t\t\t\t\t<\/div>\n\t\t\t\t\t<\/div>\n\t\t<\/div>\n\t\t\t\t\t<\/div>\n\t\t<\/section>\n\t\t\t\t<section class=\"elementor-section elementor-top-section elementor-element elementor-element-3415d827 elementor-section-boxed elementor-section-height-default elementor-section-height-default\" data-id=\"3415d827\" data-element_type=\"section\">\n\t\t\t\t\t\t<div class=\"elementor-container elementor-column-gap-default\">\n\t\t\t\t\t<div class=\"elementor-column elementor-col-100 elementor-top-column elementor-element elementor-element-58f9f53e\" data-id=\"58f9f53e\" data-element_type=\"column\">\n\t\t\t<div class=\"elementor-widget-wrap elementor-element-populated\">\n\t\t\t\t\t\t<div class=\"elementor-element elementor-element-3fbe8de3 elementor-widget elementor-widget-heading\" data-id=\"3fbe8de3\" data-element_type=\"widget\" data-widget_type=\"heading.default\">\n\t\t\t\t\t<h2 class=\"elementor-heading-title elementor-size-default\">Desafios<\/h2>\t\t\t\t<\/div>\n\t\t\t\t<div class=\"elementor-element elementor-element-3908493f elementor-widget elementor-widget-text-editor\" data-id=\"3908493f\" data-element_type=\"widget\" data-widget_type=\"text-editor.default\">\n\t\t\t\t\t\t\t\t\t<p><span data-contrast=\"auto\">Antes da implementa\u00e7\u00e3o do Microsoft Project for\u00a0the\u00a0Web e da solu\u00e7\u00e3o\u00a0OnePlanner PPM, a\u00a0Herbarium\u00a0enfrentava alguns desafios em seu processo de gerenciamento de projetos:<\/span><\/p><p><span data-contrast=\"auto\">\u00a0<\/span><\/p><ol><li><span data-contrast=\"auto\"> Falta de visibilidade e colabora\u00e7\u00e3o: A equipe de gerenciamento de projetos enfrentava dificuldades para acompanhar o progresso das tarefas, recursos e prazos, resultando em falta de visibilidade e colabora\u00e7\u00e3o entre os membros da equipe.<\/span><\/li><\/ol><p><span data-contrast=\"auto\">\u00a0<\/span><\/p><ol start=\"2\"><li><span data-contrast=\"auto\"> Dificuldades na tomada de decis\u00f5es: A falta de dados atualizados e precisos dificultava a tomada de decis\u00f5es informadas em rela\u00e7\u00e3o aos projetos, incluindo aloca\u00e7\u00e3o de recursos, prioriza\u00e7\u00e3o de tarefas e identifica\u00e7\u00e3o de poss\u00edveis gargalos.<\/span><\/li><\/ol><p><span data-contrast=\"auto\">\u00a0<\/span><\/p><ol start=\"3\"><li><span data-contrast=\"auto\"> Inefici\u00eancias operacionais: Os processos manuais e a falta de automa\u00e7\u00e3o levavam a atrasos, retrabalho e inefici\u00eancias operacionais, impactando negativamente a qualidade e o tempo de lan\u00e7amento dos produtos da Herbarium.<\/span><\/li><\/ol>\t\t\t\t\t\t\t\t<\/div>\n\t\t\t\t\t<\/div>\n\t\t<\/div>\n\t\t\t\t\t<\/div>\n\t\t<\/section>\n\t\t\t\t<section class=\"elementor-section elementor-top-section elementor-element elementor-element-371eebbc elementor-section-boxed elementor-section-height-default elementor-section-height-default\" data-id=\"371eebbc\" data-element_type=\"section\">\n\t\t\t\t\t\t<div class=\"elementor-container elementor-column-gap-default\">\n\t\t\t\t\t<div class=\"elementor-column elementor-col-100 elementor-top-column elementor-element elementor-element-249bd3b9\" data-id=\"249bd3b9\" data-element_type=\"column\">\n\t\t\t<div class=\"elementor-widget-wrap elementor-element-populated\">\n\t\t\t\t\t\t<div class=\"elementor-element elementor-element-2627d6b elementor-widget elementor-widget-heading\" data-id=\"2627d6b\" data-element_type=\"widget\" data-widget_type=\"heading.default\">\n\t\t\t\t\t<h2 class=\"elementor-heading-title elementor-size-default\">Solu\u00e7\u00e3o<\/h2>\t\t\t\t<\/div>\n\t\t\t\t<div class=\"elementor-element elementor-element-e0a0d15 elementor-widget elementor-widget-text-editor\" data-id=\"e0a0d15\" data-element_type=\"widget\" data-widget_type=\"text-editor.default\">\n\t\t\t\t\t\t\t\t\t<p><span data-contrast=\"auto\">A\u00a0ProjectSA, em estreita colabora\u00e7\u00e3o com a equipe da\u00a0Herbarium, desenvolveu uma solu\u00e7\u00e3o personalizada baseada no Microsoft Project for\u00a0the\u00a0Web, utilizando sua expertise em gerenciamento de projetos e a flexibilidade da plataforma. A implementa\u00e7\u00e3o da solu\u00e7\u00e3o\u00a0<a href=\"https:\/\/projectsa.com.br\/en\/oneplanner-ppm-acelerador-de-configuracao\/\">OnePlanner PPM<\/a> abordou os desafios espec\u00edficos da\u00a0Herbarium\u00a0da seguinte maneira:<\/span><span style=\"color: var( --e-global-color-vamtam_accent_8 ); letter-spacing: var(--vamtam-primary-font-letter-spacing-desktop,normal); text-transform: var(--vamtam-primary-font-transform,none);\">\u00a0<\/span><\/p><ol><li><span data-contrast=\"auto\"> Centraliza\u00e7\u00e3o e visibilidade: A solu\u00e7\u00e3o permitiu que a equipe da\u00a0Herbarium\u00a0centralizasse todas as informa\u00e7\u00f5es relevantes de projetos em uma \u00fanica plataforma. Atrav\u00e9s do Microsoft Project for\u00a0the\u00a0Web, os membros da equipe tiveram acesso instant\u00e2neo aos detalhes do projeto, incluindo tarefas, recursos, cronogramas e marcos, proporcionando maior visibilidade e transpar\u00eancia.<\/span><\/li><\/ol><ol start=\"2\"><li><span data-contrast=\"auto\"> Colabora\u00e7\u00e3o aprimorada: A solu\u00e7\u00e3o facilitou a colabora\u00e7\u00e3o entre os membros da equipe da\u00a0Herbarium. Recursos como compartilhamento de documentos, comunica\u00e7\u00e3o integrada e atualiza\u00e7\u00f5es em tempo\u00a0<\/span>real permitiram que a equipe trabalhasse de forma mais eficiente e coordenada, melhorando a comunica\u00e7\u00e3o e reduzindo lacunas de informa\u00e7\u00f5es.<\/li><\/ol><ol start=\"3\"><li><span data-contrast=\"auto\"> Monitoramento e relat\u00f3rios em tempo real: Com o Microsoft Project for the Web e a solu\u00e7\u00e3o OnePlanner PPM, a\u00a0Herbarium\u00a0obteve recursos robustos de monitoramento e gera\u00e7\u00e3o de relat\u00f3rios em tempo real. Isso permitiu que a equipe acompanhasse o progresso dos projetos, identificasse poss\u00edveis atrasos ou problemas e tomasse medidas corretivas imediatas para manter os projetos dentro do cronograma.<\/span><\/li><\/ol>\t\t\t\t\t\t\t\t<\/div>\n\t\t\t\t\t<\/div>\n\t\t<\/div>\n\t\t\t\t\t<\/div>\n\t\t<\/section>\n\t\t\t\t<section class=\"elementor-section elementor-top-section elementor-element elementor-element-252778d elementor-section-boxed elementor-section-height-default elementor-section-height-default\" data-id=\"252778d\" data-element_type=\"section\">\n\t\t\t\t\t\t<div class=\"elementor-container elementor-column-gap-default\">\n\t\t\t\t\t<div class=\"elementor-column elementor-col-100 elementor-top-column elementor-element elementor-element-1642baa4\" data-id=\"1642baa4\" data-element_type=\"column\">\n\t\t\t<div class=\"elementor-widget-wrap elementor-element-populated\">\n\t\t\t\t\t\t<div class=\"elementor-element elementor-element-375f2a44 elementor-widget elementor-widget-heading\" data-id=\"375f2a44\" data-element_type=\"widget\" data-widget_type=\"heading.default\">\n\t\t\t\t\t<h2 class=\"elementor-heading-title elementor-size-default\">Resultados<\/h2>\t\t\t\t<\/div>\n\t\t\t\t<div class=\"elementor-element elementor-element-7977de7 elementor-widget elementor-widget-text-editor\" data-id=\"7977de7\" data-element_type=\"widget\" data-widget_type=\"text-editor.default\">\n\t\t\t\t\t\t\t\t\t<p><span data-contrast=\"auto\">A implementa\u00e7\u00e3o personalizada da\u00a0<a href=\"https:\/\/projectsa.com.br\/en\/\">ProjectSA<\/a>, utilizando o Microsoft Project for\u00a0the\u00a0Web e a solu\u00e7\u00e3o\u00a0<span style=\"font-family: Helvetica; font-size: 15px; font-style: normal; font-variant-ligatures: normal; font-variant-caps: normal; font-weight: 400;\">OnePlanner PPM<\/span>, trouxe in\u00fameros benef\u00edcios para a\u00a0Herbarium:<\/span><\/p><ol><li><span data-contrast=\"auto\"> Maior efici\u00eancia e produtividade: A equipe da Herbarium ganhou efici\u00eancia significativa em seus processos de gerenciamento de projetos, economizando tempo e recursos. Os fluxos de trabalho automatizados e as funcionalidades avan\u00e7adas de acompanhamento permitiram que a equipe se concentrasse nas atividades de valor agregado.<\/span><\/li><\/ol><ol start=\"2\"><li><span data-contrast=\"auto\"> Melhoria na qualidade e no tempo de lan\u00e7amento do produto: A colabora\u00e7\u00e3o aprimorada, a visibilidade em tempo real e a capacidade de tomada de decis\u00f5es baseada em dados resultaram em produtos de maior qualidade e em lan\u00e7amentos mais r\u00e1pidos no mercado, atendendo \u00e0s expectativas dos clientes da Herbarium.<\/span><\/li><\/ol><ol start=\"3\"><li><span data-contrast=\"auto\"> Redu\u00e7\u00e3o de custos e riscos: Com a solu\u00e7\u00e3o ProjectSAPPM, a\u00a0Herbarium\u00a0conseguiu identificar e mitigar riscos potenciais em seus projetos, reduzindo custos associados a atrasos, retrabalho e problemas de qualidade.<\/span><\/li><\/ol>\t\t\t\t\t\t\t\t<\/div>\n\t\t\t\t\t<\/div>\n\t\t<\/div>\n\t\t\t\t\t<\/div>\n\t\t<\/section>\n\t\t\t\t<section class=\"elementor-section elementor-top-section elementor-element elementor-element-59ded711 elementor-section-boxed elementor-section-height-default elementor-section-height-default\" data-id=\"59ded711\" data-element_type=\"section\">\n\t\t\t\t\t\t<div class=\"elementor-container elementor-column-gap-default\">\n\t\t\t\t\t<div class=\"elementor-column elementor-col-100 elementor-top-column elementor-element elementor-element-28b3e86c\" data-id=\"28b3e86c\" data-element_type=\"column\">\n\t\t\t<div class=\"elementor-widget-wrap elementor-element-populated\">\n\t\t\t\t\t\t<div class=\"elementor-element elementor-element-1f2fa4e elementor-widget elementor-widget-heading\" data-id=\"1f2fa4e\" data-element_type=\"widget\" data-widget_type=\"heading.default\">\n\t\t\t\t\t<h2 class=\"elementor-heading-title elementor-size-default\">Conclus\u00e3o<\/h2>\t\t\t\t<\/div>\n\t\t\t\t<div class=\"elementor-element elementor-element-bb0a785 elementor-widget elementor-widget-text-editor\" data-id=\"bb0a785\" data-element_type=\"widget\" data-widget_type=\"text-editor.default\">\n\t\t\t\t\t\t\t\t\t<p><span data-contrast=\"auto\">A implementa\u00e7\u00e3o personalizada do Microsoft Project for&nbsp;the&nbsp;Web e da solu\u00e7\u00e3o&nbsp;<span style=\"font-family: Helvetica; font-size: 15px; font-style: normal; font-variant-ligatures: normal; font-variant-caps: normal; font-weight: 400;\">OnePlanner PPM<\/span>&nbsp;pela&nbsp;ProjectSA&nbsp;permitiu \u00e0&nbsp;Herbarium&nbsp;aprimorar significativamente o gerenciamento de seus projetos de desenvolvimento de produtos. A empresa obteve maior efici\u00eancia, colabora\u00e7\u00e3o aprimorada e resultados de alta qualidade. Com uma abordagem personalizada e adaptada \u00e0s suas necessidades espec\u00edficas, a&nbsp;Herbarium&nbsp;est\u00e1 pronta para continuar sua trajet\u00f3ria de sucesso no mercado de produtos naturais e fitoter\u00e1picos, impulsionada por uma gest\u00e3o de projetos eficaz e inovadora.<\/span><\/p>\t\t\t\t\t\t\t\t<\/div>\n\t\t\t\t\t<\/div>\n\t\t<\/div>\n\t\t\t\t\t<\/div>\n\t\t<\/section>\n\t\t\t\t<\/div>","protected":false},"excerpt":{"rendered":"<p>Transformando o Gerenciamento de Projetos da Herbarium com o Microsoft Project for the Web Neste caso de sucesso, descreveremos como a empresa\u00a0ProjectSA, por meio de sua solu\u00e7\u00e3o personalizada\u00a0OnePlanner PPM, implementou o Microsoft Project for\u00a0the\u00a0Web para a\u00a0Herbarium, uma renomada empresa do setor de produtos naturais e fitoter\u00e1picos. A implementa\u00e7\u00e3o bem-sucedida resultou em um aprimoramento significativo no [&hellip;]<\/p>","protected":false},"author":1,"featured_media":0,"parent":990275,"menu_order":0,"comment_status":"closed","ping_status":"closed","template":"elementor_header_footer","meta":{"footnotes":""},"class_list":["post-990979","page","type-page","status-publish","hentry"],"_links":{"self":[{"href":"https:\/\/projectsa.com.br\/en\/wp-json\/wp\/v2\/pages\/990979","targetHints":{"allow":["GET"]}}],"collection":[{"href":"https:\/\/projectsa.com.br\/en\/wp-json\/wp\/v2\/pages"}],"about":[{"href":"https:\/\/projectsa.com.br\/en\/wp-json\/wp\/v2\/types\/page"}],"author":[{"embeddable":true,"href":"https:\/\/projectsa.com.br\/en\/wp-json\/wp\/v2\/users\/1"}],"replies":[{"embeddable":true,"href":"https:\/\/projectsa.com.br\/en\/wp-json\/wp\/v2\/comments?post=990979"}],"version-history":[{"count":20,"href":"https:\/\/projectsa.com.br\/en\/wp-json\/wp\/v2\/pages\/990979\/revisions"}],"predecessor-version":[{"id":992754,"href":"https:\/\/projectsa.com.br\/en\/wp-json\/wp\/v2\/pages\/990979\/revisions\/992754"}],"up":[{"embeddable":true,"href":"https:\/\/projectsa.com.br\/en\/wp-json\/wp\/v2\/pages\/990275"}],"wp:attachment":[{"href":"https:\/\/projectsa.com.br\/en\/wp-json\/wp\/v2\/media?parent=990979"}],"curies":[{"name":"wp","href":"https:\/\/api.w.org\/{rel}","templated":true}]}}