{"id":990972,"date":"2024-04-23T18:53:25","date_gmt":"2024-04-23T21:53:25","guid":{"rendered":"https:\/\/projectsa.com.br\/?page_id=990972"},"modified":"2025-08-25T08:29:43","modified_gmt":"2025-08-25T11:29:43","slug":"gestao-de-projetos-com-oneplanner-ppm-na-dellys","status":"publish","type":"page","link":"https:\/\/projectsa.com.br\/en\/casos-de-sucesso\/gestao-de-projetos-com-oneplanner-ppm-na-dellys\/","title":{"rendered":"Gest\u00e3o de Projetos com OnePlanner PPM na Dellys"},"content":{"rendered":"<div data-elementor-type=\"wp-page\" data-elementor-id=\"990972\" class=\"elementor elementor-990972\" data-elementor-post-type=\"page\">\n\t\t\t\t\t\t<section class=\"elementor-section elementor-top-section elementor-element elementor-element-78e07a1 elementor-section-boxed elementor-section-height-default elementor-section-height-default\" data-id=\"78e07a1\" data-element_type=\"section\">\n\t\t\t\t\t\t<div class=\"elementor-container elementor-column-gap-default\">\n\t\t\t\t\t<div class=\"elementor-column elementor-col-50 elementor-top-column elementor-element elementor-element-2d71912\" data-id=\"2d71912\" data-element_type=\"column\">\n\t\t\t<div class=\"elementor-widget-wrap elementor-element-populated\">\n\t\t\t\t\t\t<div class=\"elementor-element elementor-element-cd9a273 elementor-widget elementor-widget-spacer\" data-id=\"cd9a273\" data-element_type=\"widget\" data-widget_type=\"spacer.default\">\n\t\t\t\t\t\t\t<div class=\"elementor-spacer\">\n\t\t\t<div class=\"elementor-spacer-inner\"><\/div>\n\t\t<\/div>\n\t\t\t\t\t\t<\/div>\n\t\t\t\t<div class=\"elementor-element elementor-element-729ccb2 elementor-widget elementor-widget-heading\" data-id=\"729ccb2\" data-element_type=\"widget\" data-widget_type=\"heading.default\">\n\t\t\t\t\t<h2 class=\"elementor-heading-title elementor-size-default\">Gest\u00e3o de Projetos com OnePlanner PPM na Dellys<\/h2>\t\t\t\t<\/div>\n\t\t\t\t<div class=\"elementor-element elementor-element-77e9239 elementor-widget elementor-widget-text-editor\" data-id=\"77e9239\" data-element_type=\"widget\" data-widget_type=\"text-editor.default\">\n\t\t\t\t\t\t\t\t\t<p><span data-contrast=\"auto\">A\u00a0Dellys\u00a0Food Service \u00e9 uma empresa renomada no setor de alimentos e bebidas, especializada em fornecer solu\u00e7\u00f5es de refei\u00e7\u00f5es para empresas e institui\u00e7\u00f5es. Com uma ampla gama de servi\u00e7os e produtos, a\u00a0Dellys\u00a0Food Service tem crescido rapidamente e expandiu sua presen\u00e7a no mercado nacional. Como parte de sua estrat\u00e9gia de crescimento, a empresa tem investido significativamente em projetos de tecnologia da informa\u00e7\u00e3o para otimizar suas opera\u00e7\u00f5es internas, melhorar a efici\u00eancia e fornecer um melhor servi\u00e7o aos seus clientes.<\/span>\u00a0<\/p>\t\t\t\t\t\t\t\t<\/div>\n\t\t\t\t\t<\/div>\n\t\t<\/div>\n\t\t\t\t<div class=\"elementor-column elementor-col-50 elementor-top-column elementor-element elementor-element-c236178\" data-id=\"c236178\" data-element_type=\"column\">\n\t\t\t<div class=\"elementor-widget-wrap elementor-element-populated\">\n\t\t\t\t\t\t<div class=\"elementor-element elementor-element-627131a elementor-widget elementor-widget-spacer\" data-id=\"627131a\" data-element_type=\"widget\" data-widget_type=\"spacer.default\">\n\t\t\t\t\t\t\t<div class=\"elementor-spacer\">\n\t\t\t<div class=\"elementor-spacer-inner\"><\/div>\n\t\t<\/div>\n\t\t\t\t\t\t<\/div>\n\t\t\t\t<div class=\"elementor-element elementor-element-918fb46 elementor-widget elementor-widget-image\" data-id=\"918fb46\" data-element_type=\"widget\" data-widget_type=\"image.default\">\n\t\t\t\t\t\t\t\t\t\t\t\t\t\t\t<img fetchpriority=\"high\" decoding=\"async\" width=\"800\" height=\"450\" src=\"https:\/\/projectsa.com.br\/wp-content\/uploads\/2024\/04\/empty-warehouse-in-logistic-center-warehouse-for-storage-and-distribution-centers-1024x576.jpg\" class=\"attachment-large size-large wp-image-991024\" alt=\"Gest\u00e3o de Projetos com OnePlanner PPM na Dellys\" srcset=\"https:\/\/projectsa.com.br\/wp-content\/uploads\/2024\/04\/empty-warehouse-in-logistic-center-warehouse-for-storage-and-distribution-centers-1024x576.jpg 1024w, https:\/\/projectsa.com.br\/wp-content\/uploads\/2024\/04\/empty-warehouse-in-logistic-center-warehouse-for-storage-and-distribution-centers-300x169.jpg 300w, https:\/\/projectsa.com.br\/wp-content\/uploads\/2024\/04\/empty-warehouse-in-logistic-center-warehouse-for-storage-and-distribution-centers-768x432.jpg 768w, https:\/\/projectsa.com.br\/wp-content\/uploads\/2024\/04\/empty-warehouse-in-logistic-center-warehouse-for-storage-and-distribution-centers-1536x864.jpg 1536w, https:\/\/projectsa.com.br\/wp-content\/uploads\/2024\/04\/empty-warehouse-in-logistic-center-warehouse-for-storage-and-distribution-centers.jpg 2000w\" sizes=\"(max-width: 800px) 100vw, 800px\" \/>\t\t\t\t\t\t\t\t\t\t\t\t\t\t\t<\/div>\n\t\t\t\t\t<\/div>\n\t\t<\/div>\n\t\t\t\t\t<\/div>\n\t\t<\/section>\n\t\t\t\t<section class=\"elementor-section elementor-top-section elementor-element elementor-element-2addec3c elementor-section-boxed elementor-section-height-default elementor-section-height-default\" data-id=\"2addec3c\" data-element_type=\"section\">\n\t\t\t\t\t\t<div class=\"elementor-container elementor-column-gap-default\">\n\t\t\t\t\t<div class=\"elementor-column elementor-col-100 elementor-top-column elementor-element elementor-element-47d69027\" data-id=\"47d69027\" data-element_type=\"column\">\n\t\t\t<div class=\"elementor-widget-wrap elementor-element-populated\">\n\t\t\t\t\t\t<div class=\"elementor-element elementor-element-63ee3bcb elementor-widget__width-initial elementor-widget elementor-widget-heading\" data-id=\"63ee3bcb\" data-element_type=\"widget\" data-widget_type=\"heading.default\">\n\t\t\t\t\t<h2 class=\"elementor-heading-title elementor-size-default\">Desafio<\/h2>\t\t\t\t<\/div>\n\t\t\t\t<div class=\"elementor-element elementor-element-cbbf6e3 elementor-widget__width-initial elementor-widget elementor-widget-text-editor\" data-id=\"cbbf6e3\" data-element_type=\"widget\" data-widget_type=\"text-editor.default\">\n\t\t\t\t\t\t\t\t\t<p><span data-contrast=\"auto\">Antes de implementar a <a href=\"https:\/\/projectsa.com.br\/en\/oneplanner-ppm-acelerador-de-configuracao\/\">solu\u00e7\u00e3o Gest\u00e3o de Projetos com OnePlanner PPM<\/a> com o Microsoft Project for the Web, a Dellys Food Service enfrentava alguns desafios no gerenciamento de seus projetos de tecnologia da informa\u00e7\u00e3o. A empresa dependia de planilhas manuais e processos fragmentados para rastrear e monitorar o progresso dos projetos. Isso resultava em falta de visibilidade em tempo real, atrasos na entrega e dificuldades na tomada de decis\u00f5es estrat\u00e9gicas. A Dellys Food Service estava buscando uma solu\u00e7\u00e3o que pudesse centralizar o gerenciamento de projetos, simplificar a colabora\u00e7\u00e3o entre as equipes e fornecer uma vis\u00e3o clara do status e dos recursos dispon\u00edveis.<\/span>\u00a0<\/p>\t\t\t\t\t\t\t\t<\/div>\n\t\t\t\t\t<\/div>\n\t\t<\/div>\n\t\t\t\t\t<\/div>\n\t\t<\/section>\n\t\t\t\t<section class=\"elementor-section elementor-top-section elementor-element elementor-element-32a302ed elementor-section-boxed elementor-section-height-default elementor-section-height-default\" data-id=\"32a302ed\" data-element_type=\"section\">\n\t\t\t\t\t\t<div class=\"elementor-container elementor-column-gap-default\">\n\t\t\t\t\t<div class=\"elementor-column elementor-col-100 elementor-top-column elementor-element elementor-element-2acbff88\" data-id=\"2acbff88\" data-element_type=\"column\">\n\t\t\t<div class=\"elementor-widget-wrap elementor-element-populated\">\n\t\t\t\t\t\t<div class=\"elementor-element elementor-element-379991f5 elementor-widget__width-initial elementor-widget elementor-widget-heading\" data-id=\"379991f5\" data-element_type=\"widget\" data-widget_type=\"heading.default\">\n\t\t\t\t\t<h2 class=\"elementor-heading-title elementor-size-default\">Solu\u00e7\u00e3o<\/h2>\t\t\t\t<\/div>\n\t\t\t\t<div class=\"elementor-element elementor-element-505f04ef elementor-widget__width-initial elementor-widget elementor-widget-text-editor\" data-id=\"505f04ef\" data-element_type=\"widget\" data-widget_type=\"text-editor.default\">\n\t\t\t\t\t\t\t\t\t<p><span data-contrast=\"auto\">A\u00a0Dellys\u00a0Food Service optou pela implementa\u00e7\u00e3o do Microsoft Project for\u00a0the\u00a0Web em conjunto com a solu\u00e7\u00e3o OnePlanner PPM, fornecida pela\u00a0ProjectSA, uma renomada empresa de consultoria em gerenciamento de projetos. A\u00a0ProjectSA\u00a0personalizou a implementa\u00e7\u00e3o de acordo com as necessidades espec\u00edficas da\u00a0Dellys\u00a0Food Service, levando em considera\u00e7\u00e3o os requisitos e processos internos da empresa.<\/span>\u00a0<\/p><p><span data-contrast=\"auto\">A solu\u00e7\u00e3o OnePlanner PPM\u00a0permitiu \u00e0\u00a0Dellys\u00a0Food Service criar um ambiente centralizado para gerenciar todos os seus projetos de tecnologia da informa\u00e7\u00e3o. Com a integra\u00e7\u00e3o do Microsoft Project for\u00a0the\u00a0Web, a equipe da\u00a0Dellys\u00a0Food Service p\u00f4de criar, planejar e rastrear projetos de forma colaborativa. A solu\u00e7\u00e3o ofereceu recursos avan\u00e7ados, como a cria\u00e7\u00e3o de cronogramas, atribui\u00e7\u00e3o de recursos, rastreamento de tarefas e gerenciamento de or\u00e7amento, tudo isso de forma intuitiva e visualmente atraente.<\/span>\u00a0<\/p><p><span data-contrast=\"auto\">Al\u00e9m disso, a solu\u00e7\u00e3o OnePlanner PPM\u00a0trouxe visibilidade em tempo real para os l\u00edderes e stakeholders da\u00a0Dellys\u00a0Food Service. Eles puderam acessar informa\u00e7\u00f5es atualizadas sobre o progresso dos projetos, identificar riscos e tomar decis\u00f5es informadas com base em dados precisos. A solu\u00e7\u00e3o tamb\u00e9m permitiu a cria\u00e7\u00e3o de relat\u00f3rios personalizados para acompanhar o desempenho dos projetos e garantir a conformidade com os prazos e metas estabelecidos.<\/span>\u00a0<\/p>\t\t\t\t\t\t\t\t<\/div>\n\t\t\t\t\t<\/div>\n\t\t<\/div>\n\t\t\t\t\t<\/div>\n\t\t<\/section>\n\t\t\t\t<section class=\"elementor-section elementor-top-section elementor-element elementor-element-19ed44b6 elementor-section-boxed elementor-section-height-default elementor-section-height-default\" data-id=\"19ed44b6\" data-element_type=\"section\">\n\t\t\t\t\t\t<div class=\"elementor-container elementor-column-gap-default\">\n\t\t\t\t\t<div class=\"elementor-column elementor-col-100 elementor-top-column elementor-element elementor-element-6993cf25\" data-id=\"6993cf25\" data-element_type=\"column\">\n\t\t\t<div class=\"elementor-widget-wrap elementor-element-populated\">\n\t\t\t\t\t\t<div class=\"elementor-element elementor-element-6d8a6fe0 elementor-widget__width-initial elementor-widget elementor-widget-heading\" data-id=\"6d8a6fe0\" data-element_type=\"widget\" data-widget_type=\"heading.default\">\n\t\t\t\t\t<h2 class=\"elementor-heading-title elementor-size-default\">Resultados<\/h2>\t\t\t\t<\/div>\n\t\t\t\t<div class=\"elementor-element elementor-element-45665b7b elementor-widget__width-initial elementor-widget elementor-widget-text-editor\" data-id=\"45665b7b\" data-element_type=\"widget\" data-widget_type=\"text-editor.default\">\n\t\t\t\t\t\t\t\t\t<p><span data-contrast=\"auto\">A implementa\u00e7\u00e3o personalizada do Microsoft Project for\u00a0the\u00a0Web pela\u00a0ProjectSA\u00a0trouxe diversos benef\u00edcios para a\u00a0Dellys\u00a0Food Service. Alguns dos resultados obtidos foram:<\/span>\u00a0<\/p><ol><li><span data-contrast=\"auto\"> Visibilidade e Controle Aprimorados: A Dellys Food Service obteve uma vis\u00e3o clara e em tempo real de<\/span>\u00a0todos os seus projetos de tecnologia da informa\u00e7\u00e3o. Isso permitiu uma melhor aloca\u00e7\u00e3o de recursos, identifica\u00e7\u00e3o e mitiga\u00e7\u00e3o de riscos e tomada de decis\u00f5es estrat\u00e9gicas mais eficientes.<span style=\"color: var( --e-global-color-vamtam_accent_8 ); letter-spacing: var(--vamtam-primary-font-letter-spacing-desktop,normal); text-transform: var(--vamtam-primary-font-transform,none);\">\u00a0<\/span><\/li><\/ol><ol start=\"2\"><li><span data-contrast=\"auto\"> Colabora\u00e7\u00e3o Aumentada: A solu\u00e7\u00e3o OnePlanner PPM\u00a0melhorou a colabora\u00e7\u00e3o entre as equipes da\u00a0Dellys\u00a0Food Service, permitindo que todos os membros do projeto compartilhassem informa\u00e7\u00f5es, atualizassem o status das tarefas e colaborassem de forma mais efetiva.<\/span>\u00a0<\/li><\/ol><ol start=\"3\"><li><span data-contrast=\"auto\"> Melhoria na Entrega de Projetos: Com uma vis\u00e3o clara do progresso dos projetos e recursos dispon\u00edveis, a Dellys Food Service conseguiu otimizar o planejamento e a execu\u00e7\u00e3o de projetos, resultando em entregas dentro do prazo e redu\u00e7\u00e3o de atrasos.<\/span>\u00a0<\/li><\/ol><ol start=\"4\"><li><span data-contrast=\"auto\"> Melhor Tomada de Decis\u00e3o: Os relat\u00f3rios personalizados gerados pela solu\u00e7\u00e3o OnePlanner PPM\u00a0permitiram que os l\u00edderes da\u00a0Dellys\u00a0Food Service tomassem decis\u00f5es mais informadas, com base em dados atualizados e precisos sobre o desempenho dos projetos.<\/span>\u00a0<\/li><\/ol>\t\t\t\t\t\t\t\t<\/div>\n\t\t\t\t\t<\/div>\n\t\t<\/div>\n\t\t\t\t\t<\/div>\n\t\t<\/section>\n\t\t\t\t<section class=\"elementor-section elementor-top-section elementor-element elementor-element-6cb95076 elementor-section-boxed elementor-section-height-default elementor-section-height-default\" data-id=\"6cb95076\" data-element_type=\"section\">\n\t\t\t\t\t\t<div class=\"elementor-container elementor-column-gap-default\">\n\t\t\t\t\t<div class=\"elementor-column elementor-col-100 elementor-top-column elementor-element elementor-element-56d5a840\" data-id=\"56d5a840\" data-element_type=\"column\">\n\t\t\t<div class=\"elementor-widget-wrap elementor-element-populated\">\n\t\t\t\t\t\t<div class=\"elementor-element elementor-element-3f47c52e elementor-widget__width-initial elementor-widget elementor-widget-heading\" data-id=\"3f47c52e\" data-element_type=\"widget\" data-widget_type=\"heading.default\">\n\t\t\t\t\t<h2 class=\"elementor-heading-title elementor-size-default\">Conclus\u00e3o<\/h2>\t\t\t\t<\/div>\n\t\t\t\t<div class=\"elementor-element elementor-element-242e8edc elementor-widget__width-initial elementor-widget elementor-widget-text-editor\" data-id=\"242e8edc\" data-element_type=\"widget\" data-widget_type=\"text-editor.default\">\n\t\t\t\t\t\t\t\t\t<p><span data-contrast=\"auto\">A implementa\u00e7\u00e3o personalizada do Microsoft Project for\u00a0the\u00a0Web pela\u00a0ProjectSA\u00a0foi fundamental para a\u00a0Dellys\u00a0Food Service aprimorar o gerenciamento de seus projetos de tecnologia da informa\u00e7\u00e3o. A solu\u00e7\u00e3o proporcionou visibilidade, controle e colabora\u00e7\u00e3o aprimorados, resultando em uma entrega mais eficiente de projetos e tomada de decis\u00f5es estrat\u00e9gicas embasadas em dados confi\u00e1veis. Com a parceria da\u00a0ProjectSA, a\u00a0Dellys\u00a0Food Service fortaleceu sua posi\u00e7\u00e3o no mercado e est\u00e1 preparada para enfrentar os desafios futuros com sucesso.<\/span>\u00a0<\/p>\t\t\t\t\t\t\t\t<\/div>\n\t\t\t\t\t<\/div>\n\t\t<\/div>\n\t\t\t\t\t<\/div>\n\t\t<\/section>\n\t\t\t\t<\/div>","protected":false},"excerpt":{"rendered":"<p>Gest\u00e3o de Projetos com OnePlanner PPM na Dellys A\u00a0Dellys\u00a0Food Service \u00e9 uma empresa renomada no setor de alimentos e bebidas, especializada em fornecer solu\u00e7\u00f5es de refei\u00e7\u00f5es para empresas e institui\u00e7\u00f5es. Com uma ampla gama de servi\u00e7os e produtos, a\u00a0Dellys\u00a0Food Service tem crescido rapidamente e expandiu sua presen\u00e7a no mercado nacional. Como parte de sua estrat\u00e9gia [&hellip;]<\/p>","protected":false},"author":1,"featured_media":0,"parent":990275,"menu_order":0,"comment_status":"closed","ping_status":"closed","template":"elementor_header_footer","meta":{"footnotes":""},"class_list":["post-990972","page","type-page","status-publish","hentry"],"_links":{"self":[{"href":"https:\/\/projectsa.com.br\/en\/wp-json\/wp\/v2\/pages\/990972","targetHints":{"allow":["GET"]}}],"collection":[{"href":"https:\/\/projectsa.com.br\/en\/wp-json\/wp\/v2\/pages"}],"about":[{"href":"https:\/\/projectsa.com.br\/en\/wp-json\/wp\/v2\/types\/page"}],"author":[{"embeddable":true,"href":"https:\/\/projectsa.com.br\/en\/wp-json\/wp\/v2\/users\/1"}],"replies":[{"embeddable":true,"href":"https:\/\/projectsa.com.br\/en\/wp-json\/wp\/v2\/comments?post=990972"}],"version-history":[{"count":102,"href":"https:\/\/projectsa.com.br\/en\/wp-json\/wp\/v2\/pages\/990972\/revisions"}],"predecessor-version":[{"id":992880,"href":"https:\/\/projectsa.com.br\/en\/wp-json\/wp\/v2\/pages\/990972\/revisions\/992880"}],"up":[{"embeddable":true,"href":"https:\/\/projectsa.com.br\/en\/wp-json\/wp\/v2\/pages\/990275"}],"wp:attachment":[{"href":"https:\/\/projectsa.com.br\/en\/wp-json\/wp\/v2\/media?parent=990972"}],"curies":[{"name":"wp","href":"https:\/\/api.w.org\/{rel}","templated":true}]}}