{"id":990965,"date":"2024-04-23T18:51:43","date_gmt":"2024-04-23T21:51:43","guid":{"rendered":"https:\/\/projectsa.com.br\/?page_id=990965"},"modified":"2025-08-22T08:05:55","modified_gmt":"2025-08-22T11:05:55","slug":"project-for-the-web-na-ti-do-agronegocio","status":"publish","type":"page","link":"https:\/\/projectsa.com.br\/en\/casos-de-sucesso\/project-for-the-web-na-ti-do-agronegocio\/","title":{"rendered":"Project for the Web na TI do Agroneg\u00f3cio"},"content":{"rendered":"<div data-elementor-type=\"wp-page\" data-elementor-id=\"990965\" class=\"elementor elementor-990965\" data-elementor-post-type=\"page\">\n\t\t\t\t\t\t<section class=\"elementor-section elementor-top-section elementor-element elementor-element-48d00481 elementor-section-boxed elementor-section-height-default elementor-section-height-default\" data-id=\"48d00481\" data-element_type=\"section\">\n\t\t\t\t\t\t<div class=\"elementor-container elementor-column-gap-default\">\n\t\t\t\t\t<div class=\"elementor-column elementor-col-50 elementor-top-column elementor-element elementor-element-4ae5a58e\" data-id=\"4ae5a58e\" data-element_type=\"column\">\n\t\t\t<div class=\"elementor-widget-wrap elementor-element-populated\">\n\t\t\t\t\t\t<div class=\"elementor-element elementor-element-151ac7b elementor-widget elementor-widget-spacer\" data-id=\"151ac7b\" data-element_type=\"widget\" data-widget_type=\"spacer.default\">\n\t\t\t\t\t\t\t<div class=\"elementor-spacer\">\n\t\t\t<div class=\"elementor-spacer-inner\"><\/div>\n\t\t<\/div>\n\t\t\t\t\t\t<\/div>\n\t\t\t\t<div class=\"elementor-element elementor-element-80ec01e elementor-widget elementor-widget-heading\" data-id=\"80ec01e\" data-element_type=\"widget\" data-widget_type=\"heading.default\">\n\t\t\t\t\t<h2 class=\"elementor-heading-title elementor-size-default\">Project for the Web na TI do Agroneg\u00f3cio<\/h2>\t\t\t\t<\/div>\n\t\t\t\t<div class=\"elementor-element elementor-element-5d765b94 elementor-widget elementor-widget-text-editor\" data-id=\"5d765b94\" data-element_type=\"widget\" data-widget_type=\"text-editor.default\">\n\t\t\t\t\t\t\t\t\t<p><span data-contrast=\"auto\">A\u00a0ProjectSA, uma renomada provedora de solu\u00e7\u00f5es de gerenciamento de projetos, trabalhou em estreita colabora\u00e7\u00e3o com a empresa\u00a0Jotabasso\u00a0para implementar com sucesso o Microsoft Project for\u00a0the\u00a0Web, personalizado pela solu\u00e7\u00e3o\u00a0OnePlanner PPM. Essa implementa\u00e7\u00e3o personalizada resultou em uma transforma\u00e7\u00e3o significativa nas opera\u00e7\u00f5es de gerenciamento de projetos da\u00a0Jotabasso, trazendo maior efici\u00eancia, visibilidade e controle aos seus processos. Atrav\u00e9s dessa parceria bem-sucedida, a\u00a0Jotabasso\u00a0alcan\u00e7ou melhores resultados e superou seus objetivos estrat\u00e9gicos de neg\u00f3cios.<\/span>\u00a0<\/p>\t\t\t\t\t\t\t\t<\/div>\n\t\t\t\t\t<\/div>\n\t\t<\/div>\n\t\t\t\t<div class=\"elementor-column elementor-col-50 elementor-top-column elementor-element elementor-element-bfa2481\" data-id=\"bfa2481\" data-element_type=\"column\">\n\t\t\t<div class=\"elementor-widget-wrap elementor-element-populated\">\n\t\t\t\t\t\t<div class=\"elementor-element elementor-element-d274a46 elementor-widget elementor-widget-spacer\" data-id=\"d274a46\" data-element_type=\"widget\" data-widget_type=\"spacer.default\">\n\t\t\t\t\t\t\t<div class=\"elementor-spacer\">\n\t\t\t<div class=\"elementor-spacer-inner\"><\/div>\n\t\t<\/div>\n\t\t\t\t\t\t<\/div>\n\t\t\t\t<div class=\"elementor-element elementor-element-6055561 elementor-widget elementor-widget-image\" data-id=\"6055561\" data-element_type=\"widget\" data-widget_type=\"image.default\">\n\t\t\t\t\t\t\t\t\t\t\t\t\t\t\t<img fetchpriority=\"high\" decoding=\"async\" width=\"800\" height=\"533\" src=\"https:\/\/projectsa.com.br\/wp-content\/uploads\/2025\/08\/carrot-plantation-1024x682.webp\" class=\"attachment-large size-large wp-image-992794\" alt=\"Project for the Web na TI do Agroneg\u00f3cio\" srcset=\"https:\/\/projectsa.com.br\/wp-content\/uploads\/2025\/08\/carrot-plantation-1024x682.webp 1024w, https:\/\/projectsa.com.br\/wp-content\/uploads\/2025\/08\/carrot-plantation-300x200.webp 300w, https:\/\/projectsa.com.br\/wp-content\/uploads\/2025\/08\/carrot-plantation-768x512.webp 768w, https:\/\/projectsa.com.br\/wp-content\/uploads\/2025\/08\/carrot-plantation-1536x1023.webp 1536w, https:\/\/projectsa.com.br\/wp-content\/uploads\/2025\/08\/carrot-plantation-18x12.webp 18w, https:\/\/projectsa.com.br\/wp-content\/uploads\/2025\/08\/carrot-plantation.webp 1600w\" sizes=\"(max-width: 800px) 100vw, 800px\" \/>\t\t\t\t\t\t\t\t\t\t\t\t\t\t\t<\/div>\n\t\t\t\t\t<\/div>\n\t\t<\/div>\n\t\t\t\t\t<\/div>\n\t\t<\/section>\n\t\t\t\t<section class=\"elementor-section elementor-top-section elementor-element elementor-element-d1925c elementor-section-boxed elementor-section-height-default elementor-section-height-default\" data-id=\"d1925c\" data-element_type=\"section\">\n\t\t\t\t\t\t<div class=\"elementor-container elementor-column-gap-default\">\n\t\t\t\t\t<div class=\"elementor-column elementor-col-100 elementor-top-column elementor-element elementor-element-7a7dacae\" data-id=\"7a7dacae\" data-element_type=\"column\">\n\t\t\t<div class=\"elementor-widget-wrap elementor-element-populated\">\n\t\t\t\t\t\t<div class=\"elementor-element elementor-element-1a1ba20 elementor-widget elementor-widget-heading\" data-id=\"1a1ba20\" data-element_type=\"widget\" data-widget_type=\"heading.default\">\n\t\t\t\t\t<h2 class=\"elementor-heading-title elementor-size-default\">Descri\u00e7\u00e3o do Projeto<\/h2>\t\t\t\t<\/div>\n\t\t\t\t<div class=\"elementor-element elementor-element-107d4c1e elementor-widget elementor-widget-text-editor\" data-id=\"107d4c1e\" data-element_type=\"widget\" data-widget_type=\"text-editor.default\">\n\t\t\t\t\t\t\t\t\t<p><span data-contrast=\"auto\">A&nbsp;Jotabasso, uma empresa l\u00edder no setor de manufatura, enfrentava desafios significativos no gerenciamento de projetos. Com uma extensa carteira de projetos complexos, a empresa tinha dificuldades em obter uma vis\u00e3o consolidada de todos os projetos em andamento, bem como em monitorar o progresso, o cronograma e os recursos alocados. Isso levou a atrasos, lacunas de comunica\u00e7\u00e3o e falta de transpar\u00eancia.<\/span>&nbsp;<\/p>\n<p><span data-contrast=\"auto\">A&nbsp;ProjectSA&nbsp;entrou em cena como parceira estrat\u00e9gica para ajudar a&nbsp;Jotabasso&nbsp;a superar esses desafios. Primeiramente, os especialistas em gerenciamento de projetos da&nbsp;ProjectSA&nbsp;realizaram uma an\u00e1lise detalhada das necessidades da&nbsp;Jotabasso, compreendendo seus fluxos de trabalho, processos e requisitos espec\u00edficos. Com base nessa an\u00e1lise, a equipe da&nbsp;ProjectSA&nbsp;desenvolveu uma solu\u00e7\u00e3o personalizada utilizando o&nbsp;OnePlanner PPM, integrado ao Microsoft Project for&nbsp;the&nbsp;Web.<\/span>&nbsp;<\/p>\t\t\t\t\t\t\t\t<\/div>\n\t\t\t\t\t<\/div>\n\t\t<\/div>\n\t\t\t\t\t<\/div>\n\t\t<\/section>\n\t\t\t\t<section class=\"elementor-section elementor-top-section elementor-element elementor-element-180c2ef4 elementor-section-boxed elementor-section-height-default elementor-section-height-default\" data-id=\"180c2ef4\" data-element_type=\"section\">\n\t\t\t\t\t\t<div class=\"elementor-container elementor-column-gap-default\">\n\t\t\t\t\t<div class=\"elementor-column elementor-col-100 elementor-top-column elementor-element elementor-element-d32eb93\" data-id=\"d32eb93\" data-element_type=\"column\">\n\t\t\t<div class=\"elementor-widget-wrap elementor-element-populated\">\n\t\t\t\t\t\t<div class=\"elementor-element elementor-element-2117bb86 elementor-widget elementor-widget-heading\" data-id=\"2117bb86\" data-element_type=\"widget\" data-widget_type=\"heading.default\">\n\t\t\t\t\t<h2 class=\"elementor-heading-title elementor-size-default\">Solu\u00e7\u00e3o<\/h2>\t\t\t\t<\/div>\n\t\t\t\t<div class=\"elementor-element elementor-element-379196f9 elementor-widget elementor-widget-text-editor\" data-id=\"379196f9\" data-element_type=\"widget\" data-widget_type=\"text-editor.default\">\n\t\t\t\t\t\t\t\t\t<ol><li><span data-contrast=\"auto\">Centraliza\u00e7\u00e3o dos projetos: Todos os projetos daJotabassof oram consolidados em uma \u00fanica plataforma, fornecendo uma vis\u00e3o unificada de todas as atividades e permitindo uma melhor coordena\u00e7\u00e3o entre as equipes.<\/span>\u00a0<\/li><\/ol><ol start=\"2\"><li><span data-contrast=\"auto\"> Acompanhamento de recursos: A equipe da Jotabasso p\u00f4de alocar recursos de forma eficiente, acompanhando a disponibilidade e as atribui\u00e7\u00f5es de cada membro da equipe em tempo real. Isso ajudou a evitar conflitos e a garantir a utiliza\u00e7\u00e3o ideal dos recursos.<\/span>\u00a0<\/li><\/ol><ol start=\"3\"><li><span data-contrast=\"auto\"> Gest\u00e3o de cronogramas: Com o ProjectSA PPM, a Jotabasso foi capaz de criar cronogramas detalhados para cada projeto, permitindo o monitoramento cont\u00ednuo do progresso e a identifica\u00e7\u00e3o proativa de poss\u00edveis atrasos.<\/span>\u00a0<\/li><\/ol><ol start=\"4\"><li><span data-contrast=\"auto\"> Colabora\u00e7\u00e3o e comunica\u00e7\u00e3o aprimoradas: A solu\u00e7\u00e3o implementada pela ProjectSA facilitou a colabora\u00e7\u00e3o entre os membros da equipe, fornecendo recursos de compartilhamento de arquivos, coment\u00e1rios e notifica\u00e7\u00f5es em tempo real. Isso ajudou a melhorar a comunica\u00e7\u00e3o interna e a manter todos os envolvidos atualizados sobre o status dos projetos.<\/span>\u00a0<\/li><\/ol>\t\t\t\t\t\t\t\t<\/div>\n\t\t\t\t\t<\/div>\n\t\t<\/div>\n\t\t\t\t\t<\/div>\n\t\t<\/section>\n\t\t\t\t<section class=\"elementor-section elementor-top-section elementor-element elementor-element-1458a5ba elementor-section-boxed elementor-section-height-default elementor-section-height-default\" data-id=\"1458a5ba\" data-element_type=\"section\">\n\t\t\t\t\t\t<div class=\"elementor-container elementor-column-gap-default\">\n\t\t\t\t\t<div class=\"elementor-column elementor-col-100 elementor-top-column elementor-element elementor-element-73cfe94b\" data-id=\"73cfe94b\" data-element_type=\"column\">\n\t\t\t<div class=\"elementor-widget-wrap elementor-element-populated\">\n\t\t\t\t\t\t<div class=\"elementor-element elementor-element-20961c70 elementor-widget elementor-widget-heading\" data-id=\"20961c70\" data-element_type=\"widget\" data-widget_type=\"heading.default\">\n\t\t\t\t\t<h2 class=\"elementor-heading-title elementor-size-default\">Resultados<\/h2>\t\t\t\t<\/div>\n\t\t\t\t<div class=\"elementor-element elementor-element-3bad0f9e elementor-widget elementor-widget-text-editor\" data-id=\"3bad0f9e\" data-element_type=\"widget\" data-widget_type=\"text-editor.default\">\n\t\t\t\t\t\t\t\t\t<ol><li><p><span data-contrast=\"auto\">A implementa\u00e7\u00e3o personalizada do Microsoft Project for\u00a0the\u00a0Web com a <a href=\"https:\/\/projectsa.com.br\/en\/\">solu\u00e7\u00e3o\u00a0ProjectSA\u00a0PPM<\/a> trouxe diversos resultados positivos para a\u00a0Jotabasso. Alguns dos principais benef\u00edcios incluem:<\/span>\u00a0<\/p><ol><li><span data-contrast=\"auto\"> Melhor visibilidade e controle: A Jotabasso agora tem uma vis\u00e3o consolidada de todos os seus projetos, permitindo uma tomada de decis\u00e3o mais informada e um controle mais efetivo sobre os recursos e cronogramas.<\/span>\u00a0\u00a0<span style=\"color: var( --e-global-color-vamtam_accent_8 ); letter-spacing: var(--vamtam-primary-font-letter-spacing-desktop,normal); text-transform: var(--vamtam-primary-font-transform,none);\">\u00a0<\/span><\/li><\/ol><ol start=\"2\"><li><span data-contrast=\"auto\"> Efici\u00eancia aprimorada: Com a automa\u00e7\u00e3o de processos e a padroniza\u00e7\u00e3o de fluxos de trabalho, a Jotabasso experimentou um aumento significativo na efici\u00eancia operacional, economizando tempo e recursos valiosos.<\/span>\u00a0<\/li><\/ol><ol start=\"3\"><li><span data-contrast=\"auto\"> Cumprimento de prazos: Acompanhar os cronogramas de forma mais precisa permitiu que a Jotabasso cumprisse prazos com maior consist\u00eancia, melhorando a satisfa\u00e7\u00e3o do cliente e fortalecendo sua reputa\u00e7\u00e3o no mercado.<\/span>\u00a0<\/li><\/ol><ol start=\"4\"><li><span data-contrast=\"auto\"> Colabora\u00e7\u00e3o aprimorada: A equipe da Jotabasso conseguiu colaborar de maneira mais eficaz, compartilhando informa\u00e7\u00f5es e atualiza\u00e7\u00f5es em tempo real, o que resultou em uma comunica\u00e7\u00e3o mais clara e uma tomada de decis\u00e3o mais r\u00e1pida.<\/span>\u00a0<\/li><\/ol><\/li><\/ol>\t\t\t\t\t\t\t\t<\/div>\n\t\t\t\t\t<\/div>\n\t\t<\/div>\n\t\t\t\t\t<\/div>\n\t\t<\/section>\n\t\t\t\t<section class=\"elementor-section elementor-top-section elementor-element elementor-element-6842a58c elementor-section-boxed elementor-section-height-default elementor-section-height-default\" data-id=\"6842a58c\" data-element_type=\"section\">\n\t\t\t\t\t\t<div class=\"elementor-container elementor-column-gap-default\">\n\t\t\t\t\t<div class=\"elementor-column elementor-col-100 elementor-top-column elementor-element elementor-element-36a68fa\" data-id=\"36a68fa\" data-element_type=\"column\">\n\t\t\t<div class=\"elementor-widget-wrap elementor-element-populated\">\n\t\t\t\t\t\t<div class=\"elementor-element elementor-element-4058d7e6 elementor-widget elementor-widget-heading\" data-id=\"4058d7e6\" data-element_type=\"widget\" data-widget_type=\"heading.default\">\n\t\t\t\t\t<h2 class=\"elementor-heading-title elementor-size-default\">Conclus\u00e3o<\/h2>\t\t\t\t<\/div>\n\t\t\t\t<div class=\"elementor-element elementor-element-31ef1891 elementor-widget elementor-widget-text-editor\" data-id=\"31ef1891\" data-element_type=\"widget\" data-widget_type=\"text-editor.default\">\n\t\t\t\t\t\t\t\t\t<p><span data-contrast=\"auto\">Atrav\u00e9s da implementa\u00e7\u00e3o personalizada do Microsoft Project for\u00a0the\u00a0Web com a solu\u00e7\u00e3o\u00a0ProjectSA\u00a0PPM, a\u00a0Jotabasso\u00a0obteve uma transforma\u00e7\u00e3o significativa em sua gest\u00e3o de projetos. A parceria com a\u00a0ProjectSA\u00a0permitiu que a empresa superasse seus desafios e alcan\u00e7asse melhores resultados em termos de efici\u00eancia, controle e entrega de projetos. A\u00a0Jotabasso\u00a0agora est\u00e1 bem posicionada para enfrentar futuros desafios e continuar sua trajet\u00f3ria de crescimento sustent\u00e1vel no setor de manufatura.<\/span>\u00a0<\/p>\t\t\t\t\t\t\t\t<\/div>\n\t\t\t\t\t<\/div>\n\t\t<\/div>\n\t\t\t\t\t<\/div>\n\t\t<\/section>\n\t\t\t\t<\/div>","protected":false},"excerpt":{"rendered":"<p>Project for the Web na TI do Agroneg\u00f3cio A\u00a0ProjectSA, uma renomada provedora de solu\u00e7\u00f5es de gerenciamento de projetos, trabalhou em estreita colabora\u00e7\u00e3o com a empresa\u00a0Jotabasso\u00a0para implementar com sucesso o Microsoft Project for\u00a0the\u00a0Web, personalizado pela solu\u00e7\u00e3o\u00a0OnePlanner PPM. Essa implementa\u00e7\u00e3o personalizada resultou em uma transforma\u00e7\u00e3o significativa nas opera\u00e7\u00f5es de gerenciamento de projetos da\u00a0Jotabasso, trazendo maior efici\u00eancia, visibilidade [&hellip;]<\/p>","protected":false},"author":1,"featured_media":0,"parent":990275,"menu_order":0,"comment_status":"closed","ping_status":"closed","template":"elementor_header_footer","meta":{"footnotes":""},"class_list":["post-990965","page","type-page","status-publish","hentry"],"_links":{"self":[{"href":"https:\/\/projectsa.com.br\/en\/wp-json\/wp\/v2\/pages\/990965","targetHints":{"allow":["GET"]}}],"collection":[{"href":"https:\/\/projectsa.com.br\/en\/wp-json\/wp\/v2\/pages"}],"about":[{"href":"https:\/\/projectsa.com.br\/en\/wp-json\/wp\/v2\/types\/page"}],"author":[{"embeddable":true,"href":"https:\/\/projectsa.com.br\/en\/wp-json\/wp\/v2\/users\/1"}],"replies":[{"embeddable":true,"href":"https:\/\/projectsa.com.br\/en\/wp-json\/wp\/v2\/comments?post=990965"}],"version-history":[{"count":17,"href":"https:\/\/projectsa.com.br\/en\/wp-json\/wp\/v2\/pages\/990965\/revisions"}],"predecessor-version":[{"id":992797,"href":"https:\/\/projectsa.com.br\/en\/wp-json\/wp\/v2\/pages\/990965\/revisions\/992797"}],"up":[{"embeddable":true,"href":"https:\/\/projectsa.com.br\/en\/wp-json\/wp\/v2\/pages\/990275"}],"wp:attachment":[{"href":"https:\/\/projectsa.com.br\/en\/wp-json\/wp\/v2\/media?parent=990965"}],"curies":[{"name":"wp","href":"https:\/\/api.w.org\/{rel}","templated":true}]}}