{"id":990945,"date":"2024-04-23T18:45:46","date_gmt":"2024-04-23T21:45:46","guid":{"rendered":"https:\/\/projectsa.com.br\/?page_id=990945"},"modified":"2025-08-21T22:24:01","modified_gmt":"2025-08-22T01:24:01","slug":"project-for-the-web-para-o-planejamento-de-paradas-de-manutencao","status":"publish","type":"page","link":"https:\/\/projectsa.com.br\/en\/casos-de-sucesso\/project-for-the-web-para-o-planejamento-de-paradas-de-manutencao\/","title":{"rendered":"Project for the Web para o Planejamento de Paradas de Manuten\u00e7\u00e3o"},"content":{"rendered":"<div data-elementor-type=\"wp-page\" data-elementor-id=\"990945\" class=\"elementor elementor-990945\" data-elementor-post-type=\"page\">\n\t\t\t\t<div class=\"elementor-element elementor-element-7ea634b e-flex e-con-boxed e-con e-parent\" data-id=\"7ea634b\" data-element_type=\"container\">\n\t\t\t\t\t<div class=\"e-con-inner\">\n\t\t<div class=\"elementor-element elementor-element-08e542e e-con-full e-flex e-con e-child\" data-id=\"08e542e\" data-element_type=\"container\">\n\t\t\t\t<div class=\"elementor-element elementor-element-5e511e2 elementor-widget elementor-widget-spacer\" data-id=\"5e511e2\" data-element_type=\"widget\" data-widget_type=\"spacer.default\">\n\t\t\t\t\t\t\t<div class=\"elementor-spacer\">\n\t\t\t<div class=\"elementor-spacer-inner\"><\/div>\n\t\t<\/div>\n\t\t\t\t\t\t<\/div>\n\t\t\t\t<div class=\"elementor-element elementor-element-1967d54 elementor-widget elementor-widget-heading\" data-id=\"1967d54\" data-element_type=\"widget\" data-widget_type=\"heading.default\">\n\t\t\t\t\t<h2 class=\"elementor-heading-title elementor-size-default\">Project for the Web para o Planejamento de Paradas de Manuten\u00e7\u00e3o<\/h2>\t\t\t\t<\/div>\n\t\t\t\t<div class=\"elementor-element elementor-element-054f8bc elementor-widget elementor-widget-text-editor\" data-id=\"054f8bc\" data-element_type=\"widget\" data-widget_type=\"text-editor.default\">\n\t\t\t\t\t\t\t\t\t<p><span data-contrast=\"auto\">A\u00a0Raizen, uma das principais empresas do setor de energia do Brasil, tem se destacado nos \u00faltimos anos por sua busca cont\u00ednua por melhorias em seus processos e servi\u00e7os. Como parte de seus esfor\u00e7os para aprimorar a efici\u00eancia e a produtividade em suas opera\u00e7\u00f5es, a empresa optou por implementar a solu\u00e7\u00e3o de gerenciamento de projetos da\u00a0ProjectSA, o OnePlanner PPM.<\/span>\u00a0<\/p><p>\u00a0<\/p>\t\t\t\t\t\t\t\t<\/div>\n\t\t\t\t<\/div>\n\t\t<div class=\"elementor-element elementor-element-1cd290d e-con-full e-flex e-con e-child\" data-id=\"1cd290d\" data-element_type=\"container\">\n\t\t\t\t<div class=\"elementor-element elementor-element-bb9b643 elementor-widget elementor-widget-spacer\" data-id=\"bb9b643\" data-element_type=\"widget\" data-widget_type=\"spacer.default\">\n\t\t\t\t\t\t\t<div class=\"elementor-spacer\">\n\t\t\t<div class=\"elementor-spacer-inner\"><\/div>\n\t\t<\/div>\n\t\t\t\t\t\t<\/div>\n\t\t\t\t<div class=\"elementor-element elementor-element-65ad8a9 elementor-widget elementor-widget-image\" data-id=\"65ad8a9\" data-element_type=\"widget\" data-widget_type=\"image.default\">\n\t\t\t\t\t\t\t\t\t\t\t\t\t\t\t<img fetchpriority=\"high\" decoding=\"async\" width=\"800\" height=\"620\" src=\"https:\/\/projectsa.com.br\/wp-content\/uploads\/2025\/08\/petrochemical-plant-2025-03-18-14-56-13-utc-scaled-1-1024x793.webp\" class=\"attachment-large size-large wp-image-992781\" alt=\"Project for the Web\" srcset=\"https:\/\/projectsa.com.br\/wp-content\/uploads\/2025\/08\/petrochemical-plant-2025-03-18-14-56-13-utc-scaled-1-1024x793.webp 1024w, https:\/\/projectsa.com.br\/wp-content\/uploads\/2025\/08\/petrochemical-plant-2025-03-18-14-56-13-utc-scaled-1-300x232.webp 300w, https:\/\/projectsa.com.br\/wp-content\/uploads\/2025\/08\/petrochemical-plant-2025-03-18-14-56-13-utc-scaled-1-768x595.webp 768w, https:\/\/projectsa.com.br\/wp-content\/uploads\/2025\/08\/petrochemical-plant-2025-03-18-14-56-13-utc-scaled-1-1536x1189.webp 1536w, https:\/\/projectsa.com.br\/wp-content\/uploads\/2025\/08\/petrochemical-plant-2025-03-18-14-56-13-utc-scaled-1-15x12.webp 15w, https:\/\/projectsa.com.br\/wp-content\/uploads\/2025\/08\/petrochemical-plant-2025-03-18-14-56-13-utc-scaled-1.webp 1600w\" sizes=\"(max-width: 800px) 100vw, 800px\" \/>\t\t\t\t\t\t\t\t\t\t\t\t\t\t\t<\/div>\n\t\t\t\t<\/div>\n\t\t\t\t\t<\/div>\n\t\t\t\t<\/div>\n\t\t\t\t<section class=\"elementor-section elementor-top-section elementor-element elementor-element-ad5f7ec elementor-section-boxed elementor-section-height-default elementor-section-height-default\" data-id=\"ad5f7ec\" data-element_type=\"section\">\n\t\t\t\t\t\t<div class=\"elementor-container elementor-column-gap-default\">\n\t\t\t\t\t<div class=\"elementor-column elementor-col-100 elementor-top-column elementor-element elementor-element-26ff091\" data-id=\"26ff091\" data-element_type=\"column\">\n\t\t\t<div class=\"elementor-widget-wrap elementor-element-populated\">\n\t\t\t\t\t\t<div class=\"elementor-element elementor-element-a7be605 elementor-widget__width-initial elementor-widget elementor-widget-heading\" data-id=\"a7be605\" data-element_type=\"widget\" data-widget_type=\"heading.default\">\n\t\t\t\t\t<h2 class=\"elementor-heading-title elementor-size-default\">Implementa\u00e7\u00e3o<\/h2>\t\t\t\t<\/div>\n\t\t\t\t<div class=\"elementor-element elementor-element-dca48cb elementor-widget__width-initial elementor-widget elementor-widget-text-editor\" data-id=\"dca48cb\" data-element_type=\"widget\" data-widget_type=\"text-editor.default\">\n\t\t\t\t\t\t\t\t\t<p><span style=\"color: var( --e-global-color-vamtam_accent_8 ); letter-spacing: var(--vamtam-primary-font-letter-spacing-desktop,normal); text-transform: var(--vamtam-primary-font-transform,none);\" data-contrast=\"auto\">A implementa\u00e7\u00e3o do\u00a0<\/span><span style=\"text-align: var(--text-align); color: var( --e-global-color-primary ); font-family: var( --e-global-typography-b2ce6af-font-family ), Sans-serif; font-size: var( --e-global-typography-b2ce6af-font-size ); font-style: var( --e-global-typography-b2ce6af-font-style ); font-weight: var( --e-global-typography-b2ce6af-font-weight ); letter-spacing: var( --e-global-typography-b2ce6af-letter-spacing ); text-transform: var( --e-global-typography-b2ce6af-text-transform ); word-spacing: var( --e-global-typography-b2ce6af-word-spacing );\">OnePlanner PPM<\/span><span style=\"text-align: var(--text-align); color: var( --e-global-color-vamtam_accent_8 ); font-family: var( --e-global-typography-b2ce6af-font-family ), Sans-serif; font-size: var( --e-global-typography-b2ce6af-font-size ); font-style: var( --e-global-typography-b2ce6af-font-style ); font-weight: var( --e-global-typography-b2ce6af-font-weight ); letter-spacing: var(--vamtam-primary-font-letter-spacing-desktop,normal); text-transform: var(--vamtam-primary-font-transform,none); word-spacing: var( --e-global-typography-b2ce6af-word-spacing );\" data-contrast=\"auto\">\u00a0foi especialmente ben\u00e9fica para a\u00a0Raizen\u00a0no gerenciamento de projetos de parada de manuten\u00e7\u00e3o, uma vez que essas paradas s\u00e3o cruciais para a manuten\u00e7\u00e3o das opera\u00e7\u00f5es e para garantir a seguran\u00e7a dos colaboradores. Com a solu\u00e7\u00e3o da\u00a0ProjectSA, a empresa p\u00f4de aprimorar significativamente o gerenciamento desses projetos, tornando o processo mais \u00e1gil e eficiente.<\/span><span style=\"text-align: var(--text-align); color: var( --e-global-color-vamtam_accent_8 ); font-family: var( --e-global-typography-b2ce6af-font-family ), Sans-serif; font-size: var( --e-global-typography-b2ce6af-font-size ); font-style: var( --e-global-typography-b2ce6af-font-style ); font-weight: var( --e-global-typography-b2ce6af-font-weight ); letter-spacing: var(--vamtam-primary-font-letter-spacing-desktop,normal); text-transform: var(--vamtam-primary-font-transform,none); word-spacing: var( --e-global-typography-b2ce6af-word-spacing );\">\u00a0<\/span><\/p><p><span style=\"text-align: var(--text-align); color: var( --e-global-color-vamtam_accent_8 ); font-family: var( --e-global-typography-b2ce6af-font-family ), Sans-serif; font-size: var( --e-global-typography-b2ce6af-font-size ); font-style: var( --e-global-typography-b2ce6af-font-style ); font-weight: var( --e-global-typography-b2ce6af-font-weight ); letter-spacing: var(--vamtam-primary-font-letter-spacing-desktop,normal); text-transform: var(--vamtam-primary-font-transform,none); word-spacing: var( --e-global-typography-b2ce6af-word-spacing );\" data-contrast=\"auto\">O\u00a0<\/span><span style=\"text-align: var(--text-align); color: var( --e-global-color-primary ); font-family: var( --e-global-typography-b2ce6af-font-family ), Sans-serif; font-size: var( --e-global-typography-b2ce6af-font-size ); font-style: var( --e-global-typography-b2ce6af-font-style ); font-weight: var( --e-global-typography-b2ce6af-font-weight ); letter-spacing: var( --e-global-typography-b2ce6af-letter-spacing ); text-transform: var( --e-global-typography-b2ce6af-text-transform ); word-spacing: var( --e-global-typography-b2ce6af-word-spacing );\">OnePlanner PPM<\/span><span style=\"text-align: var(--text-align); color: var( --e-global-color-vamtam_accent_8 ); font-family: var( --e-global-typography-b2ce6af-font-family ), Sans-serif; font-size: var( --e-global-typography-b2ce6af-font-size ); font-style: var( --e-global-typography-b2ce6af-font-style ); font-weight: var( --e-global-typography-b2ce6af-font-weight ); letter-spacing: var(--vamtam-primary-font-letter-spacing-desktop,normal); text-transform: var(--vamtam-primary-font-transform,none); word-spacing: var( --e-global-typography-b2ce6af-word-spacing );\" data-contrast=\"auto\">\u00a0permite que a\u00a0Raizen\u00a0tenha uma vis\u00e3o clara do status de todos os projetos em andamento, desde o planejamento at\u00e9 a execu\u00e7\u00e3o. A solu\u00e7\u00e3o tamb\u00e9m permite a defini\u00e7\u00e3o de metas e objetivos espec\u00edficos, bem como o monitoramento do desempenho em tempo real, o que possibilita uma tomada de decis\u00e3o mais \u00e1gil e eficiente.<\/span><span style=\"text-align: var(--text-align); color: var( --e-global-color-vamtam_accent_8 ); font-family: var( --e-global-typography-b2ce6af-font-family ), Sans-serif; font-size: var( --e-global-typography-b2ce6af-font-size ); font-style: var( --e-global-typography-b2ce6af-font-style ); font-weight: var( --e-global-typography-b2ce6af-font-weight ); letter-spacing: var(--vamtam-primary-font-letter-spacing-desktop,normal); text-transform: var(--vamtam-primary-font-transform,none); word-spacing: var( --e-global-typography-b2ce6af-word-spacing );\">\u00a0<\/span><\/p>\t\t\t\t\t\t\t\t<\/div>\n\t\t\t\t\t<\/div>\n\t\t<\/div>\n\t\t\t\t\t<\/div>\n\t\t<\/section>\n\t\t\t\t<section class=\"elementor-section elementor-top-section elementor-element elementor-element-e3ec130 elementor-section-boxed elementor-section-height-default elementor-section-height-default\" data-id=\"e3ec130\" data-element_type=\"section\">\n\t\t\t\t\t\t<div class=\"elementor-container elementor-column-gap-default\">\n\t\t\t\t\t<div class=\"elementor-column elementor-col-100 elementor-top-column elementor-element elementor-element-be5ed5c\" data-id=\"be5ed5c\" data-element_type=\"column\">\n\t\t\t<div class=\"elementor-widget-wrap elementor-element-populated\">\n\t\t\t\t\t\t<div class=\"elementor-element elementor-element-1e4eb88 elementor-widget__width-initial elementor-widget elementor-widget-heading\" data-id=\"1e4eb88\" data-element_type=\"widget\" data-widget_type=\"heading.default\">\n\t\t\t\t\t<h2 class=\"elementor-heading-title elementor-size-default\">Benef\u00edcio<\/h2>\t\t\t\t<\/div>\n\t\t\t\t<div class=\"elementor-element elementor-element-f70d60a elementor-widget__width-initial elementor-widget elementor-widget-text-editor\" data-id=\"f70d60a\" data-element_type=\"widget\" data-widget_type=\"text-editor.default\">\n\t\t\t\t\t\t\t\t\t<p><span style=\"color: var( --e-global-color-vamtam_accent_8 ); letter-spacing: var(--vamtam-primary-font-letter-spacing-desktop,normal); text-transform: var(--vamtam-primary-font-transform,none);\" data-contrast=\"auto\">Outro benef\u00edcio significativo do<a href=\"https:\/\/projectsa.com.br\/en\/oneplanner-ppm-acelerador-de-configuracao\/\">\u00a0<\/a><\/span><span style=\"color: var( --e-global-color-primary ); font-family: var( --e-global-typography-b2ce6af-font-family ), Sans-serif; font-size: var( --e-global-typography-b2ce6af-font-size ); font-style: var( --e-global-typography-b2ce6af-font-style ); font-weight: var( --e-global-typography-b2ce6af-font-weight ); letter-spacing: var( --e-global-typography-b2ce6af-letter-spacing ); text-transform: var( --e-global-typography-b2ce6af-text-transform ); word-spacing: var( --e-global-typography-b2ce6af-word-spacing );\">OnePlanner PPM<\/span><span style=\"color: var( --e-global-color-vamtam_accent_8 ); font-family: var( --e-global-typography-b2ce6af-font-family ), Sans-serif; font-size: var( --e-global-typography-b2ce6af-font-size ); font-style: var( --e-global-typography-b2ce6af-font-style ); font-weight: var( --e-global-typography-b2ce6af-font-weight ); letter-spacing: var(--vamtam-primary-font-letter-spacing-desktop,normal); text-transform: var(--vamtam-primary-font-transform,none); word-spacing: var( --e-global-typography-b2ce6af-word-spacing );\" data-contrast=\"auto\">\u00a0foi a melhoria na comunica\u00e7\u00e3o entre as equipes de projetos. Com a solu\u00e7\u00e3o, as equipes podem colaborar de forma mais eficiente e compartilhar informa\u00e7\u00f5es e recursos de maneira mais f\u00e1cil e r\u00e1pida. Isso permitiu que a\u00a0Raizen\u00a0aprimorasse a comunica\u00e7\u00e3o interna e reduzisse o tempo gasto em reuni\u00f5es e trocas de e-mails, aumentando assim a produtividade geral da empresa.<\/span><span style=\"color: var( --e-global-color-vamtam_accent_8 ); font-family: var( --e-global-typography-b2ce6af-font-family ), Sans-serif; font-size: var( --e-global-typography-b2ce6af-font-size ); font-style: var( --e-global-typography-b2ce6af-font-style ); font-weight: var( --e-global-typography-b2ce6af-font-weight ); letter-spacing: var(--vamtam-primary-font-letter-spacing-desktop,normal); text-transform: var(--vamtam-primary-font-transform,none); word-spacing: var( --e-global-typography-b2ce6af-word-spacing );\">\u00a0<\/span><span style=\"color: var( --e-global-color-vamtam_accent_8 ); font-family: var( --e-global-typography-b2ce6af-font-family ), Sans-serif; font-size: var( --e-global-typography-b2ce6af-font-size ); font-style: var( --e-global-typography-b2ce6af-font-style ); font-weight: var( --e-global-typography-b2ce6af-font-weight ); letter-spacing: var(--vamtam-primary-font-letter-spacing-desktop,normal); text-transform: var(--vamtam-primary-font-transform,none); word-spacing: var( --e-global-typography-b2ce6af-word-spacing );\">\u00a0<\/span><\/p><p><span style=\"color: var( --e-global-color-vamtam_accent_8 ); letter-spacing: var(--vamtam-primary-font-letter-spacing-desktop,normal); text-transform: var(--vamtam-primary-font-transform,none);\" data-contrast=\"auto\">Al\u00e9m disso, a\u00a0ProjectSA\u00a0PPM ajudou a\u00a0Raizen\u00a0a identificar e solucionar problemas rapidamente. Com a solu\u00e7\u00e3o, a empresa pode detectar problemas em est\u00e1gios iniciais e tomar medidas preventivas, reduzindo o impacto negativo nos projetos e nas opera\u00e7\u00f5es.<\/span><span style=\"color: var( --e-global-color-vamtam_accent_8 ); letter-spacing: var(--vamtam-primary-font-letter-spacing-desktop,normal); text-transform: var(--vamtam-primary-font-transform,none);\">\u00a0<\/span><span style=\"color: var( --e-global-color-vamtam_accent_8 ); letter-spacing: var(--vamtam-primary-font-letter-spacing-desktop,normal); text-transform: var(--vamtam-primary-font-transform,none); font-family: var( --e-global-typography-b2ce6af-font-family ), Sans-serif; font-size: var( --e-global-typography-b2ce6af-font-size ); font-style: var( --e-global-typography-b2ce6af-font-style ); font-weight: var( --e-global-typography-b2ce6af-font-weight ); word-spacing: var( --e-global-typography-b2ce6af-word-spacing );\">\u00a0<\/span><\/p><p><span style=\"color: var( --e-global-color-vamtam_accent_8 ); letter-spacing: var(--vamtam-primary-font-letter-spacing-desktop,normal); text-transform: var(--vamtam-primary-font-transform,none);\" data-contrast=\"auto\">Em resumo, a implementa\u00e7\u00e3o da solu\u00e7\u00e3o de gerenciamento de projetos da\u00a0ProjectSA, o OnePlanner PPM, foi um passo importante para aprimorar a efici\u00eancia e a produtividade da\u00a0Raizen\u00a0em seus projetos de parada de manuten\u00e7\u00e3o. A solu\u00e7\u00e3o permitiu que a empresa tivesse uma vis\u00e3o clara do status dos projetos, melhorasse a comunica\u00e7\u00e3o entre as equipes e identificasse e solucionasse problemas rapidamente. Como resultado, a\u00a0Raizen\u00a0pode oferecer um servi\u00e7o mais eficiente e seguro para seus clientes e colaboradores.<\/span><span style=\"color: var( --e-global-color-vamtam_accent_8 ); letter-spacing: var(--vamtam-primary-font-letter-spacing-desktop,normal); text-transform: var(--vamtam-primary-font-transform,none);\">\u00a0<\/span><\/p>\t\t\t\t\t\t\t\t<\/div>\n\t\t\t\t\t<\/div>\n\t\t<\/div>\n\t\t\t\t\t<\/div>\n\t\t<\/section>\n\t\t<div class=\"elementor-element elementor-element-d3e7d5c e-flex e-con-boxed e-con e-parent\" data-id=\"d3e7d5c\" data-element_type=\"container\">\n\t\t\t\t\t<div class=\"e-con-inner\">\n\t\t\t\t<div class=\"elementor-element elementor-element-eb1ec65 elementor-widget elementor-widget-spacer\" data-id=\"eb1ec65\" data-element_type=\"widget\" data-widget_type=\"spacer.default\">\n\t\t\t\t\t\t\t<div class=\"elementor-spacer\">\n\t\t\t<div class=\"elementor-spacer-inner\"><\/div>\n\t\t<\/div>\n\t\t\t\t\t\t<\/div>\n\t\t\t\t\t<\/div>\n\t\t\t\t<\/div>\n\t\t\t\t<\/div>","protected":false},"excerpt":{"rendered":"<p>Project for the Web para o Planejamento de Paradas de Manuten\u00e7\u00e3o A\u00a0Raizen, uma das principais empresas do setor de energia do Brasil, tem se destacado nos \u00faltimos anos por sua busca cont\u00ednua por melhorias em seus processos e servi\u00e7os. Como parte de seus esfor\u00e7os para aprimorar a efici\u00eancia e a produtividade em suas opera\u00e7\u00f5es, a [&hellip;]<\/p>","protected":false},"author":1,"featured_media":0,"parent":990275,"menu_order":0,"comment_status":"closed","ping_status":"closed","template":"elementor_header_footer","meta":{"footnotes":""},"class_list":["post-990945","page","type-page","status-publish","hentry"],"_links":{"self":[{"href":"https:\/\/projectsa.com.br\/en\/wp-json\/wp\/v2\/pages\/990945","targetHints":{"allow":["GET"]}}],"collection":[{"href":"https:\/\/projectsa.com.br\/en\/wp-json\/wp\/v2\/pages"}],"about":[{"href":"https:\/\/projectsa.com.br\/en\/wp-json\/wp\/v2\/types\/page"}],"author":[{"embeddable":true,"href":"https:\/\/projectsa.com.br\/en\/wp-json\/wp\/v2\/users\/1"}],"replies":[{"embeddable":true,"href":"https:\/\/projectsa.com.br\/en\/wp-json\/wp\/v2\/comments?post=990945"}],"version-history":[{"count":23,"href":"https:\/\/projectsa.com.br\/en\/wp-json\/wp\/v2\/pages\/990945\/revisions"}],"predecessor-version":[{"id":992787,"href":"https:\/\/projectsa.com.br\/en\/wp-json\/wp\/v2\/pages\/990945\/revisions\/992787"}],"up":[{"embeddable":true,"href":"https:\/\/projectsa.com.br\/en\/wp-json\/wp\/v2\/pages\/990275"}],"wp:attachment":[{"href":"https:\/\/projectsa.com.br\/en\/wp-json\/wp\/v2\/media?parent=990945"}],"curies":[{"name":"wp","href":"https:\/\/api.w.org\/{rel}","templated":true}]}}