{"id":990290,"date":"2024-04-22T10:00:04","date_gmt":"2024-04-22T13:00:04","guid":{"rendered":"https:\/\/projectsa.com.br\/?page_id=990290"},"modified":"2025-07-29T16:11:57","modified_gmt":"2025-07-29T19:11:57","slug":"quem-somos","status":"publish","type":"page","link":"https:\/\/projectsa.com.br\/en\/quem-somos\/","title":{"rendered":"Who we are"},"content":{"rendered":"<div data-elementor-type=\"wp-page\" data-elementor-id=\"990290\" class=\"elementor elementor-990290\" data-elementor-post-type=\"page\">\n\t\t\t\t\t\t<section class=\"elementor-section elementor-top-section elementor-element elementor-element-27eabd3f elementor-section-boxed elementor-section-height-default elementor-section-height-default\" data-id=\"27eabd3f\" data-element_type=\"section\" data-settings=\"{&quot;background_background&quot;:&quot;classic&quot;}\">\n\t\t\t\t\t\t\t<div class=\"elementor-background-overlay\"><\/div>\n\t\t\t\t\t\t\t<div class=\"elementor-container elementor-column-gap-default\">\n\t\t\t\t\t<div class=\"elementor-column elementor-col-100 elementor-top-column elementor-element elementor-element-5e1dc8aa\" data-id=\"5e1dc8aa\" data-element_type=\"column\">\n\t\t\t<div class=\"elementor-widget-wrap elementor-element-populated\">\n\t\t\t\t\t\t<div class=\"elementor-element elementor-element-3f46c825 elementor-invisible elementor-widget elementor-widget-heading\" data-id=\"3f46c825\" data-element_type=\"widget\" data-settings=\"{&quot;_animation&quot;:&quot;fadeInUp&quot;}\" data-widget_type=\"heading.default\">\n\t\t\t\t\t<h1 class=\"elementor-heading-title elementor-size-default\">Who we are<\/h1>\t\t\t\t<\/div>\n\t\t\t\t\t<\/div>\n\t\t<\/div>\n\t\t\t\t\t<\/div>\n\t\t<\/section>\n\t\t\t\t<section class=\"elementor-section elementor-top-section elementor-element elementor-element-1a99f10c elementor-section-content-middle elementor-section-boxed elementor-section-height-default elementor-section-height-default\" data-id=\"1a99f10c\" data-element_type=\"section\">\n\t\t\t\t\t\t<div class=\"elementor-container elementor-column-gap-default\">\n\t\t\t\t\t<div class=\"elementor-column elementor-col-50 elementor-top-column elementor-element elementor-element-17d294ae\" data-id=\"17d294ae\" data-element_type=\"column\">\n\t\t\t<div class=\"elementor-widget-wrap elementor-element-populated\">\n\t\t\t\t\t\t<div class=\"elementor-element elementor-element-4cde7ebc elementor-widget elementor-widget-heading\" data-id=\"4cde7ebc\" data-element_type=\"widget\" data-widget_type=\"heading.default\">\n\t\t\t\t\t<h6 class=\"elementor-heading-title elementor-size-default\">NOSSA HIST\u00d3RIA<\/h6>\t\t\t\t<\/div>\n\t\t\t\t<div class=\"elementor-element elementor-element-7950661f elementor-widget elementor-widget-heading\" data-id=\"7950661f\" data-element_type=\"widget\" data-widget_type=\"heading.default\">\n\t\t\t\t\t<h2 class=\"elementor-heading-title elementor-size-default\">ProjectSA<\/h2>\t\t\t\t<\/div>\n\t\t\t\t<div class=\"elementor-element elementor-element-390c4e4f elementor-widget elementor-widget-text-editor\" data-id=\"390c4e4f\" data-element_type=\"widget\" data-widget_type=\"text-editor.default\">\n\t\t\t\t\t\t\t\t\t<p>A hist\u00f3ria da ProjectSA remonta a 2003, quando surgiu da necessidade premente de oferecer um servi\u00e7o de gest\u00e3o de projetos de alta qualidade, liderado por profissionais experientes na \u00e1rea. Desde ent\u00e3o, a empresa tem trilhado um caminho de crescimento e evolu\u00e7\u00e3o, consolidando-se como um ator fundamental no cen\u00e1rio de gerenciamento de projetos e solu\u00e7\u00f5es PPM (Portf\u00f3lio and Project Management).<\/p>\t\t\t\t\t\t\t\t<\/div>\n\t\t\t\t<div class=\"elementor-element elementor-element-0fe2473 elementor-widget elementor-widget-text-editor\" data-id=\"0fe2473\" data-element_type=\"widget\" data-widget_type=\"text-editor.default\">\n\t\t\t\t\t\t\t\t\t<p>Ao longo dos anos, a ProjectSA expandiu suas fronteiras, acumulando uma valiosa experi\u00eancia em projetos n\u00e3o apenas em sua terra natal, o Brasil, mas tamb\u00e9m em \u00e2mbitos internacionais, incluindo os Estados Unidos, Peru, Angola e Argentina. Essa experi\u00eancia diversificada permitiu que a empresa se destacasse em uma variedade de setores verticais, atendendo a uma ampla gama de necessidades e desafios de neg\u00f3cios.<\/p>\t\t\t\t\t\t\t\t<\/div>\n\t\t\t\t\t<\/div>\n\t\t<\/div>\n\t\t\t\t<div class=\"elementor-column elementor-col-50 elementor-top-column elementor-element elementor-element-5205f914\" data-id=\"5205f914\" data-element_type=\"column\">\n\t\t\t<div class=\"elementor-widget-wrap elementor-element-populated\">\n\t\t\t\t\t\t<div class=\"elementor-element elementor-element-abb30b1 elementor-widget elementor-widget-spacer\" data-id=\"abb30b1\" data-element_type=\"widget\" data-widget_type=\"spacer.default\">\n\t\t\t\t\t\t\t<div class=\"elementor-spacer\">\n\t\t\t<div class=\"elementor-spacer-inner\"><\/div>\n\t\t<\/div>\n\t\t\t\t\t\t<\/div>\n\t\t\t\t<div class=\"elementor-element elementor-element-aa05796 elementor-widget elementor-widget-text-editor\" data-id=\"aa05796\" data-element_type=\"widget\" data-widget_type=\"text-editor.default\">\n\t\t\t\t\t\t\t\t\t<p>O compromisso fundamental da ProjectSA sempre foi a resolu\u00e7\u00e3o eficiente dos problemas de neg\u00f3cios de seus clientes. Com esse objetivo em mente, a empresa deu um passo adiante, imergindo profundamente nas tecnologias de vanguarda, como Power BI, Power Apps, Power Automation e Dynamics 365. Hoje, a ProjectSA \u00e9 reconhecida como uma autoridade em especialistas nessas tecnologias, oferecendo um leque completo de servi\u00e7os para ajudar as empresas a maximizar seu potencial e impulsionar sua efici\u00eancia operacional.<\/p>\t\t\t\t\t\t\t\t<\/div>\n\t\t\t\t<div class=\"elementor-element elementor-element-5492cb1 elementor-widget elementor-widget-text-editor\" data-id=\"5492cb1\" data-element_type=\"widget\" data-widget_type=\"text-editor.default\">\n\t\t\t\t\t\t\t\t\t<p>A equipe altamente capacitada da ProjectSA est\u00e1 empenhada em fornecer solu\u00e7\u00f5es sob medida que atendam \u00e0s necessidades \u00fanicas de cada cliente. A abordagem centrada no cliente da empresa garante que cada projeto seja tratado com a m\u00e1xima aten\u00e7\u00e3o aos detalhes, visando sempre a satisfa\u00e7\u00e3o e o sucesso do cliente.<\/p>\t\t\t\t\t\t\t\t<\/div>\n\t\t\t\t<div class=\"elementor-element elementor-element-e6289d4 elementor-widget elementor-widget-text-editor\" data-id=\"e6289d4\" data-element_type=\"widget\" data-widget_type=\"text-editor.default\">\n\t\t\t\t\t\t\t\t\t<p>\u00c0 medida que a ProjectSA continua sua trajet\u00f3ria de crescimento e inova\u00e7\u00e3o, seu compromisso inabal\u00e1vel com a excel\u00eancia e o servi\u00e7o excepcional continua a ser a pedra angular de sua miss\u00e3o. A empresa aguarda ansiosamente a oportunidade de colaborar com mais clientes, enfrentar novos desafios e continuar a liderar o caminho na entrega de solu\u00e7\u00f5es de gerenciamento de projetos e tecnologia de ponta. Se voc\u00ea procura parceiros confi\u00e1veis e experientes para impulsionar o sucesso de seus projetos e opera\u00e7\u00f5es de neg\u00f3cios, a ProjectSA \u00e9 a escolha certa. Entre em contato hoje mesmo e descubra como podemos ajud\u00e1-lo a alcan\u00e7ar seus objetivos de forma eficaz e eficiente.<\/p>\t\t\t\t\t\t\t\t<\/div>\n\t\t\t\t\t<\/div>\n\t\t<\/div>\n\t\t\t\t\t<\/div>\n\t\t<\/section>\n\t\t\t\t<section class=\"elementor-section elementor-top-section elementor-element elementor-element-3bbc9b2c elementor-section-boxed elementor-section-height-default elementor-section-height-default\" data-id=\"3bbc9b2c\" data-element_type=\"section\" data-settings=\"{&quot;background_background&quot;:&quot;classic&quot;}\">\n\t\t\t\t\t\t\t<div class=\"elementor-background-overlay\"><\/div>\n\t\t\t\t\t\t\t<div class=\"elementor-container elementor-column-gap-default\">\n\t\t\t\t\t<div class=\"elementor-column elementor-col-100 elementor-top-column elementor-element elementor-element-70ba8510\" data-id=\"70ba8510\" data-element_type=\"column\">\n\t\t\t<div class=\"elementor-widget-wrap elementor-element-populated\">\n\t\t\t\t\t\t<div class=\"elementor-element elementor-element-2f5ee2a3 elementor-headline--style-highlight elementor-widget elementor-widget-animated-headline\" data-id=\"2f5ee2a3\" data-element_type=\"widget\" data-settings=\"{&quot;marker&quot;:&quot;underline&quot;,&quot;highlighted_text&quot;:&quot;+20 anos&quot;,&quot;headline_style&quot;:&quot;highlight&quot;,&quot;loop&quot;:&quot;yes&quot;,&quot;highlight_animation_duration&quot;:1200,&quot;highlight_iteration_delay&quot;:8000}\" data-widget_type=\"animated-headline.default\">\n\t\t\t\t\t\t\t<div class=\"elementor-headline\">\n\t\t\t\t<span class=\"elementor-headline-dynamic-wrapper elementor-headline-text-wrapper\">\n\t\t\t\t\t<span class=\"elementor-headline-dynamic-text elementor-headline-text-active\">+20 anos<\/span>\n\t\t\t\t<\/span>\n\t\t\t\t<\/div>\n\t\t\t\t\t\t<\/div>\n\t\t\t\t<div class=\"elementor-element elementor-element-1ad21ea5 elementor-widget elementor-widget-heading\" data-id=\"1ad21ea5\" data-element_type=\"widget\" data-widget_type=\"heading.default\">\n\t\t\t\t\t<div class=\"elementor-heading-title elementor-size-default\">Auxiliando empresas no gerenciamento de projetos com solu\u00e7\u00f5es Microsoft<\/div>\t\t\t\t<\/div>\n\t\t\t\t\t<\/div>\n\t\t<\/div>\n\t\t\t\t\t<\/div>\n\t\t<\/section>\n\t\t<div class=\"elementor-element elementor-element-8247bfc e-flex e-con-boxed e-con e-parent\" data-id=\"8247bfc\" data-element_type=\"container\">\n\t\t\t\t\t<div class=\"e-con-inner\">\n\t\t\t\t<div class=\"elementor-element elementor-element-92b2747 elementor-widget elementor-widget-image\" data-id=\"92b2747\" data-element_type=\"widget\" data-widget_type=\"image.default\">\n\t\t\t\t\t\t\t\t\t\t\t\t\t\t\t<img decoding=\"async\" width=\"300\" height=\"142\" src=\"https:\/\/projectsa.com.br\/wp-content\/uploads\/2025\/02\/MS-PLANNER-PARTNER-300x142.png\" class=\"attachment-medium size-medium wp-image-991375\" alt=\"\" srcset=\"https:\/\/projectsa.com.br\/wp-content\/uploads\/2025\/02\/MS-PLANNER-PARTNER-300x142.png 300w, https:\/\/projectsa.com.br\/wp-content\/uploads\/2025\/02\/MS-PLANNER-PARTNER-1024x484.png 1024w, https:\/\/projectsa.com.br\/wp-content\/uploads\/2025\/02\/MS-PLANNER-PARTNER-768x363.png 768w, https:\/\/projectsa.com.br\/wp-content\/uploads\/2025\/02\/MS-PLANNER-PARTNER-1536x725.png 1536w, https:\/\/projectsa.com.br\/wp-content\/uploads\/2025\/02\/MS-PLANNER-PARTNER.png 1819w\" sizes=\"(max-width: 300px) 100vw, 300px\" \/>\t\t\t\t\t\t\t\t\t\t\t\t\t\t\t<\/div>\n\t\t\t\t\t<\/div>\n\t\t\t\t<\/div>\n\t\t\t\t<section class=\"elementor-section elementor-top-section elementor-element elementor-element-736fa715 elementor-section-boxed elementor-section-height-default elementor-section-height-default\" data-id=\"736fa715\" data-element_type=\"section\">\n\t\t\t\t\t\t<div class=\"elementor-container elementor-column-gap-default\">\n\t\t\t\t\t<div class=\"elementor-column elementor-col-100 elementor-top-column elementor-element elementor-element-bfecd4c\" data-id=\"bfecd4c\" data-element_type=\"column\">\n\t\t\t<div class=\"elementor-widget-wrap\">\n\t\t\t\t\t\t\t<\/div>\n\t\t<\/div>\n\t\t\t\t\t<\/div>\n\t\t<\/section>\n\t\t\t\t<\/div>","protected":false},"excerpt":{"rendered":"<p>NOSSA HIST\u00d3RIA A ProjectSA A hist\u00f3ria da ProjectSA remonta a 2003, quando surgiu da necessidade premente de oferecer um servi\u00e7o de gest\u00e3o de projetos de alta qualidade, liderado por profissionais experientes na \u00e1rea. Desde ent\u00e3o, a empresa tem trilhado um caminho de crescimento e evolu\u00e7\u00e3o, consolidando-se como um ator fundamental no cen\u00e1rio de gerenciamento de [&hellip;]<\/p>","protected":false},"author":1,"featured_media":0,"parent":0,"menu_order":0,"comment_status":"closed","ping_status":"closed","template":"elementor_header_footer","meta":{"footnotes":""},"class_list":["post-990290","page","type-page","status-publish","hentry"],"_links":{"self":[{"href":"https:\/\/projectsa.com.br\/en\/wp-json\/wp\/v2\/pages\/990290","targetHints":{"allow":["GET"]}}],"collection":[{"href":"https:\/\/projectsa.com.br\/en\/wp-json\/wp\/v2\/pages"}],"about":[{"href":"https:\/\/projectsa.com.br\/en\/wp-json\/wp\/v2\/types\/page"}],"author":[{"embeddable":true,"href":"https:\/\/projectsa.com.br\/en\/wp-json\/wp\/v2\/users\/1"}],"replies":[{"embeddable":true,"href":"https:\/\/projectsa.com.br\/en\/wp-json\/wp\/v2\/comments?post=990290"}],"version-history":[{"count":58,"href":"https:\/\/projectsa.com.br\/en\/wp-json\/wp\/v2\/pages\/990290\/revisions"}],"predecessor-version":[{"id":992405,"href":"https:\/\/projectsa.com.br\/en\/wp-json\/wp\/v2\/pages\/990290\/revisions\/992405"}],"wp:attachment":[{"href":"https:\/\/projectsa.com.br\/en\/wp-json\/wp\/v2\/media?parent=990290"}],"curies":[{"name":"wp","href":"https:\/\/api.w.org\/{rel}","templated":true}]}}