{"id":990280,"date":"2024-04-22T09:57:42","date_gmt":"2024-04-22T12:57:42","guid":{"rendered":"https:\/\/projectsa.com.br\/?page_id=990280"},"modified":"2025-08-11T09:00:23","modified_gmt":"2025-08-11T12:00:23","slug":"blog","status":"publish","type":"page","link":"https:\/\/projectsa.com.br\/en\/blog\/","title":{"rendered":"Blog"},"content":{"rendered":"<div data-elementor-type=\"wp-page\" data-elementor-id=\"990280\" class=\"elementor elementor-990280\" data-elementor-post-type=\"page\">\n\t\t\t\t\t\t<section class=\"elementor-section elementor-top-section elementor-element elementor-element-4b1326ec elementor-section-boxed elementor-section-height-default elementor-section-height-default\" data-id=\"4b1326ec\" data-element_type=\"section\" data-settings=\"{&quot;background_background&quot;:&quot;classic&quot;}\">\n\t\t\t\t\t\t\t<div class=\"elementor-background-overlay\"><\/div>\n\t\t\t\t\t\t\t<div class=\"elementor-container elementor-column-gap-default\">\n\t\t\t\t\t<div class=\"elementor-column elementor-col-100 elementor-top-column elementor-element elementor-element-1e1ffe56\" data-id=\"1e1ffe56\" data-element_type=\"column\">\n\t\t\t<div class=\"elementor-widget-wrap elementor-element-populated\">\n\t\t\t\t\t\t<div class=\"elementor-element elementor-element-66b04253 elementor-invisible elementor-widget elementor-widget-heading\" data-id=\"66b04253\" data-element_type=\"widget\" data-settings=\"{&quot;_animation&quot;:&quot;fadeInUp&quot;}\" data-widget_type=\"heading.default\">\n\t\t\t\t\t<h1 class=\"elementor-heading-title elementor-size-default\">Blog<\/h1>\t\t\t\t<\/div>\n\t\t\t\t\t<\/div>\n\t\t<\/div>\n\t\t\t\t\t<\/div>\n\t\t<\/section>\n\t\t\t\t<section class=\"elementor-section elementor-top-section elementor-element elementor-element-5193613f elementor-section-boxed elementor-section-height-default elementor-section-height-default\" data-id=\"5193613f\" data-element_type=\"section\" data-settings=\"{&quot;background_background&quot;:&quot;classic&quot;}\">\n\t\t\t\t\t\t<div class=\"elementor-container elementor-column-gap-default\">\n\t\t\t\t\t<div class=\"elementor-column elementor-col-100 elementor-top-column elementor-element elementor-element-2c0887d0\" data-id=\"2c0887d0\" data-element_type=\"column\">\n\t\t\t<div class=\"elementor-widget-wrap elementor-element-populated\">\n\t\t\t\t\t\t<div class=\"elementor-element elementor-element-814594b elementor-grid-3 elementor-grid-tablet-2 elementor-grid-mobile-1 elementor-posts--thumbnail-top elementor-posts--show-avatar elementor-card-shadow-yes elementor-posts__hover-gradient elementor-widget elementor-widget-posts\" data-id=\"814594b\" data-element_type=\"widget\" data-settings=\"{&quot;pagination_type&quot;:&quot;numbers&quot;,&quot;cards_columns&quot;:&quot;3&quot;,&quot;cards_columns_tablet&quot;:&quot;2&quot;,&quot;cards_columns_mobile&quot;:&quot;1&quot;,&quot;cards_row_gap&quot;:{&quot;unit&quot;:&quot;px&quot;,&quot;size&quot;:35,&quot;sizes&quot;:[]},&quot;cards_row_gap_tablet&quot;:{&quot;unit&quot;:&quot;px&quot;,&quot;size&quot;:&quot;&quot;,&quot;sizes&quot;:[]},&quot;cards_row_gap_mobile&quot;:{&quot;unit&quot;:&quot;px&quot;,&quot;size&quot;:&quot;&quot;,&quot;sizes&quot;:[]}}\" data-widget_type=\"posts.cards\">\n\t\t\t\t<div class=\"elementor-widget-container\">\n\t\t\t\t\t\t\t<div class=\"elementor-posts-container elementor-posts elementor-posts--skin-cards elementor-grid\" role=\"list\">\n\t\t\t\t<article class=\"elementor-post elementor-grid-item post-993256 post type-post status-publish format-standard has-post-thumbnail hentry category-blog\" role=\"listitem\">\n\t\t\t<div class=\"elementor-post__card\">\n\t\t\t\t<a class=\"elementor-post__thumbnail__link\" href=\"https:\/\/projectsa.com.br\/en\/rascunho-automatico\/\" tabindex=\"-1\"><div class=\"elementor-post__thumbnail\"><img fetchpriority=\"high\" decoding=\"async\" width=\"300\" height=\"212\" src=\"https:\/\/projectsa.com.br\/wp-content\/uploads\/2026\/01\/ee34d6d0-87ea-4c2d-bfb0-b030a377b543-300x212.webp\" class=\"attachment-medium size-medium wp-image-993257\" alt=\"OnePlanner PPM Project Online\" srcset=\"https:\/\/projectsa.com.br\/wp-content\/uploads\/2026\/01\/ee34d6d0-87ea-4c2d-bfb0-b030a377b543-300x212.webp 300w, https:\/\/projectsa.com.br\/wp-content\/uploads\/2026\/01\/ee34d6d0-87ea-4c2d-bfb0-b030a377b543-1024x723.webp 1024w, https:\/\/projectsa.com.br\/wp-content\/uploads\/2026\/01\/ee34d6d0-87ea-4c2d-bfb0-b030a377b543-768x542.webp 768w, https:\/\/projectsa.com.br\/wp-content\/uploads\/2026\/01\/ee34d6d0-87ea-4c2d-bfb0-b030a377b543-1536x1084.webp 1536w, https:\/\/projectsa.com.br\/wp-content\/uploads\/2026\/01\/ee34d6d0-87ea-4c2d-bfb0-b030a377b543-18x12.webp 18w, https:\/\/projectsa.com.br\/wp-content\/uploads\/2026\/01\/ee34d6d0-87ea-4c2d-bfb0-b030a377b543.webp 1600w\" sizes=\"(max-width: 300px) 100vw, 300px\" \/><\/div><\/a>\n\t\t\t\t<div class=\"elementor-post__badge\">Blog<\/div>\n\t\t\t\t<div class=\"elementor-post__avatar\">\n\t\t\t\t\t<\/div>\n\t\t\t\t<div class=\"elementor-post__text\">\n\t\t\t\t<h3 class=\"elementor-post__title\">\n\t\t\t<a href=\"https:\/\/projectsa.com.br\/en\/rascunho-automatico\/\">\n\t\t\t\tOnePlanner PPM: mais de 3.000 tarefas e alternativa ao Project Online\t\t\t<\/a>\n\t\t<\/h3>\n\t\t\t\t<div class=\"elementor-post__excerpt\">\n\t\t\t<p>Empresas que est\u00e3o se preparando para migrar do Project Online enfrentam um desafio recorrente: como manter projetos complexos, com cronogramas extensos e milhares de tarefas,<\/p>\n\t\t<\/div>\n\t\t\t\t\t<div class=\"elementor-post__read-more-wrapper\">\n\t\t\n\t\t<a class=\"elementor-post__read-more\" href=\"https:\/\/projectsa.com.br\/en\/rascunho-automatico\/\" aria-label=\"Read more about OnePlanner PPM: mais de 3.000 tarefas e alternativa ao Project Online\" tabindex=\"-1\">\n\t\t\tMais \u00bb\t\t<\/a>\n\n\t\t\t\t\t<\/div>\n\t\t\t\t<\/div>\n\t\t\t\t\t<\/div>\n\t\t<\/article>\n\t\t\t\t<article class=\"elementor-post elementor-grid-item post-993240 post type-post status-publish format-standard has-post-thumbnail hentry category-blog\" role=\"listitem\">\n\t\t\t<div class=\"elementor-post__card\">\n\t\t\t\t<a class=\"elementor-post__thumbnail__link\" href=\"https:\/\/projectsa.com.br\/en\/campos-personalizados-microsoft-planner\/\" tabindex=\"-1\"><div class=\"elementor-post__thumbnail\"><img decoding=\"async\" width=\"300\" height=\"200\" src=\"https:\/\/projectsa.com.br\/wp-content\/uploads\/2025\/12\/1763472864494-300x200.jpg\" class=\"attachment-medium size-medium wp-image-993241\" alt=\"campos personalizados Microsoft Planner\" srcset=\"https:\/\/projectsa.com.br\/wp-content\/uploads\/2025\/12\/1763472864494-300x200.jpg 300w, https:\/\/projectsa.com.br\/wp-content\/uploads\/2025\/12\/1763472864494-768x512.jpg 768w, https:\/\/projectsa.com.br\/wp-content\/uploads\/2025\/12\/1763472864494-18x12.jpg 18w, https:\/\/projectsa.com.br\/wp-content\/uploads\/2025\/12\/1763472864494.jpg 800w\" sizes=\"(max-width: 300px) 100vw, 300px\" \/><\/div><\/a>\n\t\t\t\t<div class=\"elementor-post__badge\">Blog<\/div>\n\t\t\t\t<div class=\"elementor-post__avatar\">\n\t\t\t\t\t<\/div>\n\t\t\t\t<div class=\"elementor-post__text\">\n\t\t\t\t<h3 class=\"elementor-post__title\">\n\t\t\t<a href=\"https:\/\/projectsa.com.br\/en\/campos-personalizados-microsoft-planner\/\">\n\t\t\t\tCampos Personalizados no Microsoft Planner: limite, tipos e como reutilizar\t\t\t<\/a>\n\t\t<\/h3>\n\t\t\t\t<div class=\"elementor-post__excerpt\">\n\t\t\t<p>O Microsoft Planner permite criar campos personalizados para adaptar cada projeto \u00e0s necessidades espec\u00edficas da equipe. \u00c9 um recurso simples, mas extremamente \u00fatil para padronizar<\/p>\n\t\t<\/div>\n\t\t\t\t\t<div class=\"elementor-post__read-more-wrapper\">\n\t\t\n\t\t<a class=\"elementor-post__read-more\" href=\"https:\/\/projectsa.com.br\/en\/campos-personalizados-microsoft-planner\/\" aria-label=\"Read more about Campos Personalizados no Microsoft Planner: limite, tipos e como reutilizar\" tabindex=\"-1\">\n\t\t\tMais \u00bb\t\t<\/a>\n\n\t\t\t\t\t<\/div>\n\t\t\t\t<\/div>\n\t\t\t\t\t<\/div>\n\t\t<\/article>\n\t\t\t\t<article class=\"elementor-post elementor-grid-item post-993233 post type-post status-publish format-standard has-post-thumbnail hentry category-blog\" role=\"listitem\">\n\t\t\t<div class=\"elementor-post__card\">\n\t\t\t\t<a class=\"elementor-post__thumbnail__link\" href=\"https:\/\/projectsa.com.br\/en\/gerenciamento-riscos-planner-premium\/\" tabindex=\"-1\"><div class=\"elementor-post__thumbnail\"><img decoding=\"async\" width=\"300\" height=\"201\" src=\"https:\/\/projectsa.com.br\/wp-content\/uploads\/2025\/12\/1763551485791-300x201.jpg\" class=\"attachment-medium size-medium wp-image-993234\" alt=\"gerenciamento de riscos Microsoft Planner\" srcset=\"https:\/\/projectsa.com.br\/wp-content\/uploads\/2025\/12\/1763551485791-300x201.jpg 300w, https:\/\/projectsa.com.br\/wp-content\/uploads\/2025\/12\/1763551485791-768x516.jpg 768w, https:\/\/projectsa.com.br\/wp-content\/uploads\/2025\/12\/1763551485791-18x12.jpg 18w, https:\/\/projectsa.com.br\/wp-content\/uploads\/2025\/12\/1763551485791.jpg 800w\" sizes=\"(max-width: 300px) 100vw, 300px\" \/><\/div><\/a>\n\t\t\t\t<div class=\"elementor-post__badge\">Blog<\/div>\n\t\t\t\t<div class=\"elementor-post__avatar\">\n\t\t\t\t\t<\/div>\n\t\t\t\t<div class=\"elementor-post__text\">\n\t\t\t\t<h3 class=\"elementor-post__title\">\n\t\t\t<a href=\"https:\/\/projectsa.com.br\/en\/gerenciamento-riscos-planner-premium\/\">\n\t\t\t\tGerenciamento de Riscos no Microsoft Planner Premium: como funciona com OnePlanner PPM\t\t\t<\/a>\n\t\t<\/h3>\n\t\t\t\t<div class=\"elementor-post__excerpt\">\n\t\t\t<p>O Planner Premium, integrado ao OnePlanner PPM, permite gerenciar riscos de forma nativa dentro do Microsoft 365. Isso elimina planilhas paralelas e centraliza identifica\u00e7\u00e3o, an\u00e1lise<\/p>\n\t\t<\/div>\n\t\t\t\t\t<div class=\"elementor-post__read-more-wrapper\">\n\t\t\n\t\t<a class=\"elementor-post__read-more\" href=\"https:\/\/projectsa.com.br\/en\/gerenciamento-riscos-planner-premium\/\" aria-label=\"Read more about Gerenciamento de Riscos no Microsoft Planner Premium: como funciona com OnePlanner PPM\" tabindex=\"-1\">\n\t\t\tMais \u00bb\t\t<\/a>\n\n\t\t\t\t\t<\/div>\n\t\t\t\t<\/div>\n\t\t\t\t\t<\/div>\n\t\t<\/article>\n\t\t\t\t<article class=\"elementor-post elementor-grid-item post-993152 post type-post status-publish format-standard has-post-thumbnail hentry category-noticias category-planner\" role=\"listitem\">\n\t\t\t<div class=\"elementor-post__card\">\n\t\t\t\t<a class=\"elementor-post__thumbnail__link\" href=\"https:\/\/projectsa.com.br\/en\/task-chat-integrado-as-tarefas\/\" tabindex=\"-1\"><div class=\"elementor-post__thumbnail\"><img loading=\"lazy\" decoding=\"async\" width=\"300\" height=\"209\" src=\"https:\/\/projectsa.com.br\/wp-content\/uploads\/2025\/11\/Chat-MS-Planner-300x209.jpg\" class=\"attachment-medium size-medium wp-image-993157\" alt=\"\" srcset=\"https:\/\/projectsa.com.br\/wp-content\/uploads\/2025\/11\/Chat-MS-Planner-300x209.jpg 300w, https:\/\/projectsa.com.br\/wp-content\/uploads\/2025\/11\/Chat-MS-Planner-768x534.jpg 768w, https:\/\/projectsa.com.br\/wp-content\/uploads\/2025\/11\/Chat-MS-Planner-18x12.jpg 18w, https:\/\/projectsa.com.br\/wp-content\/uploads\/2025\/11\/Chat-MS-Planner.jpg 800w\" sizes=\"(max-width: 300px) 100vw, 300px\" \/><\/div><\/a>\n\t\t\t\t<div class=\"elementor-post__badge\">Not\u00edcias<\/div>\n\t\t\t\t<div class=\"elementor-post__avatar\">\n\t\t\t\t\t<\/div>\n\t\t\t\t<div class=\"elementor-post__text\">\n\t\t\t\t<h3 class=\"elementor-post__title\">\n\t\t\t<a href=\"https:\/\/projectsa.com.br\/en\/task-chat-integrado-as-tarefas\/\">\n\t\t\t\tTask Chat integrado \u00e0s tarefas\t\t\t<\/a>\n\t\t<\/h3>\n\t\t\t\t<div class=\"elementor-post__excerpt\">\n\t\t\t<p>Uma das novidades mais poderosas apresentadas no Ignite \u00e9 o Task Chat, um chat nativo dentro de cada tarefa do Planner \u2014 totalmente integrado ao<\/p>\n\t\t<\/div>\n\t\t\t\t\t<div class=\"elementor-post__read-more-wrapper\">\n\t\t\n\t\t<a class=\"elementor-post__read-more\" href=\"https:\/\/projectsa.com.br\/en\/task-chat-integrado-as-tarefas\/\" aria-label=\"Read more about Task Chat integrado \u00e0s tarefas\" tabindex=\"-1\">\n\t\t\tMais \u00bb\t\t<\/a>\n\n\t\t\t\t\t<\/div>\n\t\t\t\t<\/div>\n\t\t\t\t\t<\/div>\n\t\t<\/article>\n\t\t\t\t<article class=\"elementor-post elementor-grid-item post-993139 post type-post status-publish format-standard has-post-thumbnail hentry category-noticias category-planner\" role=\"listitem\">\n\t\t\t<div class=\"elementor-post__card\">\n\t\t\t\t<a class=\"elementor-post__thumbnail__link\" href=\"https:\/\/projectsa.com.br\/en\/novo-microsoft-planner-publique-seus-planos-como-modelos-reutilizaveis\/\" tabindex=\"-1\"><div class=\"elementor-post__thumbnail\"><img loading=\"lazy\" decoding=\"async\" width=\"300\" height=\"298\" src=\"https:\/\/projectsa.com.br\/wp-content\/uploads\/2025\/11\/Modelos-Planner-300x298.jpg\" class=\"attachment-medium size-medium wp-image-993144\" alt=\"\" srcset=\"https:\/\/projectsa.com.br\/wp-content\/uploads\/2025\/11\/Modelos-Planner-300x298.jpg 300w, https:\/\/projectsa.com.br\/wp-content\/uploads\/2025\/11\/Modelos-Planner-150x150.jpg 150w, https:\/\/projectsa.com.br\/wp-content\/uploads\/2025\/11\/Modelos-Planner-12x12.jpg 12w, https:\/\/projectsa.com.br\/wp-content\/uploads\/2025\/11\/Modelos-Planner.jpg 678w\" sizes=\"(max-width: 300px) 100vw, 300px\" \/><\/div><\/a>\n\t\t\t\t<div class=\"elementor-post__badge\">Not\u00edcias<\/div>\n\t\t\t\t<div class=\"elementor-post__avatar\">\n\t\t\t\t\t<\/div>\n\t\t\t\t<div class=\"elementor-post__text\">\n\t\t\t\t<h3 class=\"elementor-post__title\">\n\t\t\t<a href=\"https:\/\/projectsa.com.br\/en\/novo-microsoft-planner-publique-seus-planos-como-modelos-reutilizaveis\/\">\n\t\t\t\tNovo Microsoft Planner: publique seus planos como modelos reutiliz\u00e1veis\t\t\t<\/a>\n\t\t<\/h3>\n\t\t\t\t<div class=\"elementor-post__excerpt\">\n\t\t\t<p>O Microsoft Ignite confirmou mais uma grande evolu\u00e7\u00e3o no Planner: agora voc\u00ea pode publicar qualquer plano como modelo para sua organiza\u00e7\u00e3o \u2014 de forma simples,<\/p>\n\t\t<\/div>\n\t\t\t\t\t<div class=\"elementor-post__read-more-wrapper\">\n\t\t\n\t\t<a class=\"elementor-post__read-more\" href=\"https:\/\/projectsa.com.br\/en\/novo-microsoft-planner-publique-seus-planos-como-modelos-reutilizaveis\/\" aria-label=\"Read more about Novo Microsoft Planner: publique seus planos como modelos reutiliz\u00e1veis\" tabindex=\"-1\">\n\t\t\tMais \u00bb\t\t<\/a>\n\n\t\t\t\t\t<\/div>\n\t\t\t\t<\/div>\n\t\t\t\t\t<\/div>\n\t\t<\/article>\n\t\t\t\t<article class=\"elementor-post elementor-grid-item post-993127 post type-post status-publish format-standard has-post-thumbnail hentry category-noticias category-planner\" role=\"listitem\">\n\t\t\t<div class=\"elementor-post__card\">\n\t\t\t\t<a class=\"elementor-post__thumbnail__link\" href=\"https:\/\/projectsa.com.br\/en\/o-novo-microsoft-planner-esta-2x-mais-rapido\/\" tabindex=\"-1\"><div class=\"elementor-post__thumbnail\"><img loading=\"lazy\" decoding=\"async\" width=\"300\" height=\"296\" src=\"https:\/\/projectsa.com.br\/wp-content\/uploads\/2025\/11\/Planner-2X-300x296.jpg\" class=\"attachment-medium size-medium wp-image-993132\" alt=\"\" srcset=\"https:\/\/projectsa.com.br\/wp-content\/uploads\/2025\/11\/Planner-2X-300x296.jpg 300w, https:\/\/projectsa.com.br\/wp-content\/uploads\/2025\/11\/Planner-2X-12x12.jpg 12w, https:\/\/projectsa.com.br\/wp-content\/uploads\/2025\/11\/Planner-2X.jpg 419w\" sizes=\"(max-width: 300px) 100vw, 300px\" \/><\/div><\/a>\n\t\t\t\t<div class=\"elementor-post__badge\">Not\u00edcias<\/div>\n\t\t\t\t<div class=\"elementor-post__avatar\">\n\t\t\t\t\t<\/div>\n\t\t\t\t<div class=\"elementor-post__text\">\n\t\t\t\t<h3 class=\"elementor-post__title\">\n\t\t\t<a href=\"https:\/\/projectsa.com.br\/en\/o-novo-microsoft-planner-esta-2x-mais-rapido\/\">\n\t\t\t\tO novo Microsoft Planner est\u00e1 2x mais r\u00e1pido!\t\t\t<\/a>\n\t\t<\/h3>\n\t\t\t\t<div class=\"elementor-post__excerpt\">\n\t\t\t<p>A Microsoft anunciou no Ignite que o Planner passou por um grande salto de performance \u2014 agora est\u00e1 duas vezes mais r\u00e1pido para carregar planos,<\/p>\n\t\t<\/div>\n\t\t\t\t\t<div class=\"elementor-post__read-more-wrapper\">\n\t\t\n\t\t<a class=\"elementor-post__read-more\" href=\"https:\/\/projectsa.com.br\/en\/o-novo-microsoft-planner-esta-2x-mais-rapido\/\" aria-label=\"Read more about O novo Microsoft Planner est\u00e1 2x mais r\u00e1pido!\" tabindex=\"-1\">\n\t\t\tMais \u00bb\t\t<\/a>\n\n\t\t\t\t\t<\/div>\n\t\t\t\t<\/div>\n\t\t\t\t\t<\/div>\n\t\t<\/article>\n\t\t\t\t<\/div>\n\t\t\n\t\t\t\t<div class=\"e-load-more-anchor\" data-page=\"1\" data-max-page=\"6\" data-next-page=\"https:\/\/projectsa.com.br\/en\/wp-json\/wp\/v2\/pages\/990280\/page\/2\/\"><\/div>\n\t\t\t\t<nav class=\"elementor-pagination\" aria-label=\"Pagination\">\n\t\t\t<span aria-current=\"page\" class=\"page-numbers current\"><span class=\"elementor-screen-only\">Page<\/span>1<\/span>\n<a class=\"page-numbers\" href=\"https:\/\/projectsa.com.br\/en\/wp-json\/wp\/v2\/pages\/990280\/page\/2\/\"><span class=\"elementor-screen-only\">Page<\/span>2<\/a>\n<a class=\"page-numbers\" href=\"https:\/\/projectsa.com.br\/en\/wp-json\/wp\/v2\/pages\/990280\/page\/3\/\"><span class=\"elementor-screen-only\">Page<\/span>3<\/a>\n<a class=\"page-numbers\" href=\"https:\/\/projectsa.com.br\/en\/wp-json\/wp\/v2\/pages\/990280\/page\/4\/\"><span class=\"elementor-screen-only\">Page<\/span>4<\/a>\n<a class=\"page-numbers\" href=\"https:\/\/projectsa.com.br\/en\/wp-json\/wp\/v2\/pages\/990280\/page\/5\/\"><span class=\"elementor-screen-only\">Page<\/span>5<\/a>\t\t<\/nav>\n\t\t\t\t\t\t<\/div>\n\t\t\t\t<\/div>\n\t\t\t\t\t<\/div>\n\t\t<\/div>\n\t\t\t\t\t<\/div>\n\t\t<\/section>\n\t\t\t\t<\/div>","protected":false},"excerpt":{"rendered":"","protected":false},"author":1,"featured_media":0,"parent":0,"menu_order":0,"comment_status":"closed","ping_status":"closed","template":"elementor_header_footer","meta":{"footnotes":""},"class_list":["post-990280","page","type-page","status-publish","hentry"],"_links":{"self":[{"href":"https:\/\/projectsa.com.br\/en\/wp-json\/wp\/v2\/pages\/990280","targetHints":{"allow":["GET"]}}],"collection":[{"href":"https:\/\/projectsa.com.br\/en\/wp-json\/wp\/v2\/pages"}],"about":[{"href":"https:\/\/projectsa.com.br\/en\/wp-json\/wp\/v2\/types\/page"}],"author":[{"embeddable":true,"href":"https:\/\/projectsa.com.br\/en\/wp-json\/wp\/v2\/users\/1"}],"replies":[{"embeddable":true,"href":"https:\/\/projectsa.com.br\/en\/wp-json\/wp\/v2\/comments?post=990280"}],"version-history":[{"count":29,"href":"https:\/\/projectsa.com.br\/en\/wp-json\/wp\/v2\/pages\/990280\/revisions"}],"predecessor-version":[{"id":992530,"href":"https:\/\/projectsa.com.br\/en\/wp-json\/wp\/v2\/pages\/990280\/revisions\/992530"}],"wp:attachment":[{"href":"https:\/\/projectsa.com.br\/en\/wp-json\/wp\/v2\/media?parent=990280"}],"curies":[{"name":"wp","href":"https:\/\/api.w.org\/{rel}","templated":true}]}}