{"id":990260,"date":"2024-04-22T09:53:06","date_gmt":"2024-04-22T12:53:06","guid":{"rendered":"https:\/\/projectsa.com.br\/?page_id=990260"},"modified":"2025-12-11T08:50:03","modified_gmt":"2025-12-11T11:50:03","slug":"administracao-operacao-assistida-e-suporte-microsoft-project","status":"publish","type":"page","link":"https:\/\/projectsa.com.br\/en\/administracao-operacao-assistida-e-suporte-microsoft-project\/","title":{"rendered":"Administra\u00e7\u00e3o, Opera\u00e7\u00e3o Assistida e Suporte Microsoft Project"},"content":{"rendered":"<div data-elementor-type=\"wp-page\" data-elementor-id=\"990260\" class=\"elementor elementor-990260\" data-elementor-post-type=\"page\">\n\t\t\t\t\t\t<section class=\"elementor-section elementor-top-section elementor-element elementor-element-49d7d43b elementor-section-boxed elementor-section-height-default elementor-section-height-default\" data-id=\"49d7d43b\" data-element_type=\"section\" data-settings=\"{&quot;background_background&quot;:&quot;classic&quot;}\">\n\t\t\t\t\t\t\t<div class=\"elementor-background-overlay\"><\/div>\n\t\t\t\t\t\t\t<div class=\"elementor-container elementor-column-gap-default\">\n\t\t\t\t\t<div class=\"elementor-column elementor-col-100 elementor-top-column elementor-element elementor-element-5db0dc25\" data-id=\"5db0dc25\" data-element_type=\"column\">\n\t\t\t<div class=\"elementor-widget-wrap elementor-element-populated\">\n\t\t\t\t\t\t<div class=\"elementor-element elementor-element-77e1f745 elementor-invisible elementor-widget elementor-widget-heading\" data-id=\"77e1f745\" data-element_type=\"widget\" data-settings=\"{&quot;_animation&quot;:&quot;fadeInUp&quot;}\" data-widget_type=\"heading.default\">\n\t\t\t\t\t<h1 class=\"elementor-heading-title elementor-size-default\">Administra\u00e7\u00e3o, Opera\u00e7\u00e3o Assistida e Suporte<\/h1>\t\t\t\t<\/div>\n\t\t\t\t<div class=\"elementor-element elementor-element-7d8478ab elementor-invisible elementor-widget elementor-widget-heading\" data-id=\"7d8478ab\" data-element_type=\"widget\" data-settings=\"{&quot;_animation&quot;:&quot;fadeInUp&quot;,&quot;_animation_delay&quot;:200}\" data-widget_type=\"heading.default\">\n\t\t\t\t\t<h4 class=\"elementor-heading-title elementor-size-default\">N\u00f3s cuidamos de tudo para sua empresa focar na entrega dos projetos\n\n<\/h4>\t\t\t\t<\/div>\n\t\t\t\t\t<\/div>\n\t\t<\/div>\n\t\t\t\t\t<\/div>\n\t\t<\/section>\n\t\t\t\t<section class=\"elementor-section elementor-top-section elementor-element elementor-element-2b42f9d elementor-section-boxed elementor-section-height-default elementor-section-height-default\" data-id=\"2b42f9d\" data-element_type=\"section\">\n\t\t\t\t\t\t<div class=\"elementor-container elementor-column-gap-default\">\n\t\t\t\t\t<div class=\"elementor-column elementor-col-66 elementor-top-column elementor-element elementor-element-5126517d elementor-invisible\" data-id=\"5126517d\" data-element_type=\"column\" data-settings=\"{&quot;animation&quot;:&quot;fadeIn&quot;,&quot;animation_delay&quot;:200}\">\n\t\t\t<div class=\"elementor-widget-wrap elementor-element-populated\">\n\t\t\t\t\t\t<div class=\"elementor-element elementor-element-308f5579 elementor-widget elementor-widget-heading\" data-id=\"308f5579\" data-element_type=\"widget\" data-widget_type=\"heading.default\">\n\t\t\t\t\t<h3 class=\"elementor-heading-title elementor-size-default\">We act as a specialized team for your company.<\/h3>\t\t\t\t<\/div>\n\t\t\t\t<div class=\"elementor-element elementor-element-47bf513 elementor-widget elementor-widget-text-editor\" data-id=\"47bf513\" data-element_type=\"widget\" data-widget_type=\"text-editor.default\">\n\t\t\t\t\t\t\t\t\t<p>Nossa equipe de Suporte Microsoft Project conta com especialistas que maximizam seu desempenho. Oferecemos solu\u00e7\u00f5es personalizadas para efici\u00eancia e produtividade. Alcance sucesso com nossa assist\u00eancia t\u00e9cnica.<\/p>\t\t\t\t\t\t\t\t<\/div>\n\t\t<div class=\"elementor-element elementor-element-15ec6e0 e-flex e-con-boxed e-con e-parent\" data-id=\"15ec6e0\" data-element_type=\"container\">\n\t\t\t\t\t<div class=\"e-con-inner\">\n\t\t<div class=\"elementor-element elementor-element-b4252e9 e-grid e-con-boxed elementor-invisible e-con e-child\" data-id=\"b4252e9\" data-element_type=\"container\" data-settings=\"{&quot;animation&quot;:&quot;fadeInUp&quot;}\">\n\t\t\t\t\t<div class=\"e-con-inner\">\n\t\t\t\t<div class=\"elementor-element elementor-element-f73445f elementor-widget elementor-widget-image\" data-id=\"f73445f\" data-element_type=\"widget\" data-widget_type=\"image.default\">\n\t\t\t\t\t\t\t\t\t\t\t\t\t\t\t<img fetchpriority=\"high\" decoding=\"async\" width=\"386\" height=\"386\" src=\"https:\/\/projectsa.com.br\/wp-content\/uploads\/2024\/04\/NEW-PLANNER.png\" class=\"attachment-large size-large wp-image-991131\" alt=\"\" srcset=\"https:\/\/projectsa.com.br\/wp-content\/uploads\/2024\/04\/NEW-PLANNER.png 386w, https:\/\/projectsa.com.br\/wp-content\/uploads\/2024\/04\/NEW-PLANNER-300x300.png 300w, https:\/\/projectsa.com.br\/wp-content\/uploads\/2024\/04\/elementor\/thumbs\/NEW-PLANNER-qnfn1pkm7c6klswvh054pl7022rlp5wwiroc7pb2os.png 150w\" sizes=\"(max-width: 386px) 100vw, 386px\" \/>\t\t\t\t\t\t\t\t\t\t\t\t\t\t\t<\/div>\n\t\t\t\t<div class=\"elementor-element elementor-element-becd05f elementor-widget elementor-widget-image\" data-id=\"becd05f\" data-element_type=\"widget\" data-widget_type=\"image.default\">\n\t\t\t\t\t\t\t\t\t\t\t\t\t\t\t<img decoding=\"async\" width=\"386\" height=\"386\" src=\"https:\/\/projectsa.com.br\/wp-content\/uploads\/2024\/04\/PROJECT-FOR-THE-WEB.png\" class=\"attachment-large size-large wp-image-991132\" alt=\"\" srcset=\"https:\/\/projectsa.com.br\/wp-content\/uploads\/2024\/04\/PROJECT-FOR-THE-WEB.png 386w, https:\/\/projectsa.com.br\/wp-content\/uploads\/2024\/04\/PROJECT-FOR-THE-WEB-300x300.png 300w, https:\/\/projectsa.com.br\/wp-content\/uploads\/2024\/04\/PROJECT-FOR-THE-WEB-150x150.png 150w\" sizes=\"(max-width: 386px) 100vw, 386px\" \/>\t\t\t\t\t\t\t\t\t\t\t\t\t\t\t<\/div>\n\t\t\t\t<div class=\"elementor-element elementor-element-7840c06 elementor-widget elementor-widget-image\" data-id=\"7840c06\" data-element_type=\"widget\" data-widget_type=\"image.default\">\n\t\t\t\t\t\t\t\t\t\t\t\t\t\t\t<img decoding=\"async\" width=\"386\" height=\"386\" src=\"https:\/\/projectsa.com.br\/wp-content\/uploads\/2024\/04\/POWER-BI-1.png\" class=\"attachment-large size-large wp-image-991133\" alt=\"\" srcset=\"https:\/\/projectsa.com.br\/wp-content\/uploads\/2024\/04\/POWER-BI-1.png 386w, https:\/\/projectsa.com.br\/wp-content\/uploads\/2024\/04\/POWER-BI-1-300x300.png 300w, https:\/\/projectsa.com.br\/wp-content\/uploads\/2024\/04\/POWER-BI-1-150x150.png 150w\" sizes=\"(max-width: 386px) 100vw, 386px\" \/>\t\t\t\t\t\t\t\t\t\t\t\t\t\t\t<\/div>\n\t\t\t\t<div class=\"elementor-element elementor-element-68ee255 elementor-widget elementor-widget-image\" data-id=\"68ee255\" data-element_type=\"widget\" data-widget_type=\"image.default\">\n\t\t\t\t\t\t\t\t\t\t\t\t\t\t\t<img loading=\"lazy\" decoding=\"async\" width=\"386\" height=\"386\" src=\"https:\/\/projectsa.com.br\/wp-content\/uploads\/2024\/04\/POWER-APPS-1.png\" class=\"attachment-large size-large wp-image-991134\" alt=\"\" srcset=\"https:\/\/projectsa.com.br\/wp-content\/uploads\/2024\/04\/POWER-APPS-1.png 386w, https:\/\/projectsa.com.br\/wp-content\/uploads\/2024\/04\/POWER-APPS-1-300x300.png 300w, https:\/\/projectsa.com.br\/wp-content\/uploads\/2024\/04\/POWER-APPS-1-150x150.png 150w\" sizes=\"(max-width: 386px) 100vw, 386px\" \/>\t\t\t\t\t\t\t\t\t\t\t\t\t\t\t<\/div>\n\t\t\t\t<div class=\"elementor-element elementor-element-3322124 elementor-widget elementor-widget-image\" data-id=\"3322124\" data-element_type=\"widget\" data-widget_type=\"image.default\">\n\t\t\t\t\t\t\t\t\t\t\t\t\t\t\t<img loading=\"lazy\" decoding=\"async\" width=\"386\" height=\"386\" src=\"https:\/\/projectsa.com.br\/wp-content\/uploads\/2024\/04\/TEAMS.png\" class=\"attachment-large size-large wp-image-991136\" alt=\"\" srcset=\"https:\/\/projectsa.com.br\/wp-content\/uploads\/2024\/04\/TEAMS.png 386w, https:\/\/projectsa.com.br\/wp-content\/uploads\/2024\/04\/TEAMS-300x300.png 300w, https:\/\/projectsa.com.br\/wp-content\/uploads\/2024\/04\/TEAMS-150x150.png 150w\" sizes=\"(max-width: 386px) 100vw, 386px\" \/>\t\t\t\t\t\t\t\t\t\t\t\t\t\t\t<\/div>\n\t\t\t\t<div class=\"elementor-element elementor-element-70c7185 elementor-widget elementor-widget-image\" data-id=\"70c7185\" data-element_type=\"widget\" data-widget_type=\"image.default\">\n\t\t\t\t\t\t\t\t\t\t\t\t\t\t\t<img loading=\"lazy\" decoding=\"async\" width=\"386\" height=\"386\" src=\"https:\/\/projectsa.com.br\/wp-content\/uploads\/2024\/04\/POWER-AUTOMATE-1.png\" class=\"attachment-large size-large wp-image-991137\" alt=\"\" srcset=\"https:\/\/projectsa.com.br\/wp-content\/uploads\/2024\/04\/POWER-AUTOMATE-1.png 386w, https:\/\/projectsa.com.br\/wp-content\/uploads\/2024\/04\/POWER-AUTOMATE-1-300x300.png 300w, https:\/\/projectsa.com.br\/wp-content\/uploads\/2024\/04\/POWER-AUTOMATE-1-150x150.png 150w\" sizes=\"(max-width: 386px) 100vw, 386px\" \/>\t\t\t\t\t\t\t\t\t\t\t\t\t\t\t<\/div>\n\t\t\t\t<div class=\"elementor-element elementor-element-055f0a8 elementor-widget elementor-widget-image\" data-id=\"055f0a8\" data-element_type=\"widget\" data-widget_type=\"image.default\">\n\t\t\t\t\t\t\t\t\t\t\t\t\t\t\t<img loading=\"lazy\" decoding=\"async\" width=\"386\" height=\"386\" src=\"https:\/\/projectsa.com.br\/wp-content\/uploads\/2024\/04\/COPILOT.png\" class=\"attachment-large size-large wp-image-991138\" alt=\"\" srcset=\"https:\/\/projectsa.com.br\/wp-content\/uploads\/2024\/04\/COPILOT.png 386w, https:\/\/projectsa.com.br\/wp-content\/uploads\/2024\/04\/COPILOT-300x300.png 300w, https:\/\/projectsa.com.br\/wp-content\/uploads\/2024\/04\/COPILOT-150x150.png 150w\" sizes=\"(max-width: 386px) 100vw, 386px\" \/>\t\t\t\t\t\t\t\t\t\t\t\t\t\t\t<\/div>\n\t\t\t\t\t<\/div>\n\t\t\t\t<\/div>\n\t\t\t\t\t<\/div>\n\t\t\t\t<\/div>\n\t\t\t\t<section class=\"elementor-section elementor-inner-section elementor-element elementor-element-55ee8d53 elementor-section-content-middle animated-fast elementor-section-boxed elementor-section-height-default elementor-section-height-default elementor-invisible\" data-id=\"55ee8d53\" data-element_type=\"section\" data-settings=\"{&quot;background_background&quot;:&quot;classic&quot;,&quot;animation&quot;:&quot;fadeInRight&quot;}\">\n\t\t\t\t\t\t<div class=\"elementor-container elementor-column-gap-default\">\n\t\t\t\t\t<div class=\"elementor-column elementor-col-100 elementor-inner-column elementor-element elementor-element-73ac3ea7\" data-id=\"73ac3ea7\" data-element_type=\"column\">\n\t\t\t<div class=\"elementor-widget-wrap elementor-element-populated\">\n\t\t\t\t\t\t<div class=\"elementor-element elementor-element-3a4d337c elementor-widget elementor-widget-heading\" data-id=\"3a4d337c\" data-element_type=\"widget\" data-widget_type=\"heading.default\">\n\t\t\t\t\t<h5 class=\"elementor-heading-title elementor-size-default\">Specialized multidisciplinary team<\/h5>\t\t\t\t<\/div>\n\t\t\t\t<div class=\"elementor-element elementor-element-2686a374 elementor-widget elementor-widget-text-editor\" data-id=\"2686a374\" data-element_type=\"widget\" data-widget_type=\"text-editor.default\">\n\t\t\t\t\t\t\t\t\t<p>Nossa equipe de suporte altamente capacitada est\u00e1 comprometida em fornecer solu\u00e7\u00f5es personalizadas e um acompanhamento completo do projeto, que vai al\u00e9m das expectativas. Garantimos alta qualidade em todos os aspectos, visando a maximiza\u00e7\u00e3o do desempenho do uso do <a href=\"https:\/\/projectsa.com.br\/en\/configuracao-do-microsoft-planner\/\">Microsoft Planner<\/a> e Microsoft Project e, assim, impulsionar o sucesso de seus projetos de forma consistente e duradoura. Com a nossa abordagem orientada para resultados, voc\u00ea pode confiar que estar\u00e1 em boas m\u00e3os, alcan\u00e7ando seus objetivos com efici\u00eancia e excel\u00eancia.<\/p>\t\t\t\t\t\t\t\t<\/div>\n\t\t\t\t\t<\/div>\n\t\t<\/div>\n\t\t\t\t\t<\/div>\n\t\t<\/section>\n\t\t\t\t<section class=\"elementor-section elementor-inner-section elementor-element elementor-element-c8768a8 elementor-section-content-middle animated-fast elementor-section-boxed elementor-section-height-default elementor-section-height-default elementor-invisible\" data-id=\"c8768a8\" data-element_type=\"section\" data-settings=\"{&quot;background_background&quot;:&quot;classic&quot;,&quot;animation&quot;:&quot;fadeInRight&quot;}\">\n\t\t\t\t\t\t<div class=\"elementor-container elementor-column-gap-default\">\n\t\t\t\t\t<div class=\"elementor-column elementor-col-100 elementor-inner-column elementor-element elementor-element-d8522e7\" data-id=\"d8522e7\" data-element_type=\"column\">\n\t\t\t<div class=\"elementor-widget-wrap elementor-element-populated\">\n\t\t\t\t\t\t<div class=\"elementor-element elementor-element-c11499a elementor-widget elementor-widget-heading\" data-id=\"c11499a\" data-element_type=\"widget\" data-widget_type=\"heading.default\">\n\t\t\t\t\t<h5 class=\"elementor-heading-title elementor-size-default\">Redu\u00e7\u00e3o do custo efetivo de manuten\u00e7\u00e3o\n<\/h5>\t\t\t\t<\/div>\n\t\t\t\t<div class=\"elementor-element elementor-element-a88bb16 elementor-widget elementor-widget-text-editor\" data-id=\"a88bb16\" data-element_type=\"widget\" data-widget_type=\"text-editor.default\">\n\t\t\t\t\t\t\t\t\t<p>Nossa equipe multidisciplinar, composta por especialistas em diversas \u00e1reas, est\u00e1 empenhada em fornecer solu\u00e7\u00f5es abrangentes que resultam na redu\u00e7\u00e3o significativa dos custos de manuten\u00e7\u00e3o e na otimiza\u00e7\u00e3o das opera\u00e7\u00f5es de equipamentos e instala\u00e7\u00f5es. Com nossa abordagem hol\u00edstica, visamos n\u00e3o apenas \u00e0 efici\u00eancia econ\u00f4mica imediata, mas tamb\u00e9m ao desenvolvimento sustent\u00e1vel de longo prazo. Estamos comprometidos em maximizar o valor dos seus ativos, garantindo que cada aspecto da sua opera\u00e7\u00e3o opere de maneira eficaz e econ\u00f4mica, proporcionando benef\u00edcios tang\u00edveis para o seu neg\u00f3cio.<\/p>\t\t\t\t\t\t\t\t<\/div>\n\t\t\t\t\t<\/div>\n\t\t<\/div>\n\t\t\t\t\t<\/div>\n\t\t<\/section>\n\t\t\t\t<section class=\"elementor-section elementor-inner-section elementor-element elementor-element-5505ce1 elementor-section-content-middle animated-fast elementor-section-boxed elementor-section-height-default elementor-section-height-default elementor-invisible\" data-id=\"5505ce1\" data-element_type=\"section\" data-settings=\"{&quot;background_background&quot;:&quot;classic&quot;,&quot;animation&quot;:&quot;fadeInRight&quot;}\">\n\t\t\t\t\t\t<div class=\"elementor-container elementor-column-gap-default\">\n\t\t\t\t\t<div class=\"elementor-column elementor-col-100 elementor-inner-column elementor-element elementor-element-bbc8fff\" data-id=\"bbc8fff\" data-element_type=\"column\">\n\t\t\t<div class=\"elementor-widget-wrap elementor-element-populated\">\n\t\t\t\t\t\t<div class=\"elementor-element elementor-element-e6bdd81 elementor-widget elementor-widget-heading\" data-id=\"e6bdd81\" data-element_type=\"widget\" data-widget_type=\"heading.default\">\n\t\t\t\t\t<h5 class=\"elementor-heading-title elementor-size-default\">Fixed monthly cost<\/h5>\t\t\t\t<\/div>\n\t\t\t\t<div class=\"elementor-element elementor-element-a4475ff elementor-widget elementor-widget-text-editor\" data-id=\"a4475ff\" data-element_type=\"widget\" data-widget_type=\"text-editor.default\">\n\t\t\t\t\t\t\t\t\t<p>Apresentamos uma solu\u00e7\u00e3o especializada que vai al\u00e9m do comum, com um modelo de custo fixo mensal que visa proporcionar a voc\u00ea maior previsibilidade financeira e controle de gastos. Reconhecemos que cada empresa \u00e9 \u00fanica, por isso nossa equipe altamente qualificada est\u00e1 comprometida em fornecer servi\u00e7os totalmente personalizados para atender \u00e0s suas necessidades espec\u00edficas. Com essa abordagem sob medida, voc\u00ea pode contar conosco para oferecer solu\u00e7\u00f5es adaptadas ao seu contexto, garantindo efici\u00eancia e otimiza\u00e7\u00e3o de recursos, ao mesmo tempo em que mant\u00e9m um controle rigoroso sobre seus gastos, o que \u00e9 essencial para o crescimento sustent\u00e1vel do seu neg\u00f3cio.<\/p>\t\t\t\t\t\t\t\t<\/div>\n\t\t\t\t\t<\/div>\n\t\t<\/div>\n\t\t\t\t\t<\/div>\n\t\t<\/section>\n\t\t\t\t\t<\/div>\n\t\t<\/div>\n\t\t\t\t<div class=\"elementor-column elementor-col-33 elementor-top-column elementor-element elementor-element-7799636b elementor-invisible\" data-id=\"7799636b\" data-element_type=\"column\" data-settings=\"{&quot;animation&quot;:&quot;fadeIn&quot;,&quot;animation_delay&quot;:300}\">\n\t\t\t<div class=\"elementor-widget-wrap elementor-element-populated\">\n\t\t\t\t\t\t<section class=\"elementor-section elementor-inner-section elementor-element elementor-element-ff1cb0d elementor-section-boxed elementor-section-height-default elementor-section-height-default\" data-id=\"ff1cb0d\" data-element_type=\"section\" data-settings=\"{&quot;background_background&quot;:&quot;classic&quot;}\">\n\t\t\t\t\t\t<div class=\"elementor-container elementor-column-gap-default\">\n\t\t\t\t\t<div class=\"elementor-column elementor-col-100 elementor-inner-column elementor-element elementor-element-e3ae795\" data-id=\"e3ae795\" data-element_type=\"column\">\n\t\t\t<div class=\"elementor-widget-wrap elementor-element-populated\">\n\t\t\t\t\t\t<div class=\"elementor-element elementor-element-00bd7e3 elementor-widget elementor-widget-heading\" data-id=\"00bd7e3\" data-element_type=\"widget\" data-widget_type=\"heading.default\">\n\t\t\t\t\t<h3 class=\"elementor-heading-title elementor-size-default\">Contact us<\/h3>\t\t\t\t<\/div>\n\t\t\t\t<div class=\"elementor-element elementor-element-097429d elementor-tablet-button-align-start elementor-button-align-stretch elementor-widget elementor-widget-form\" data-id=\"097429d\" data-element_type=\"widget\" data-settings=\"{&quot;step_next_label&quot;:&quot;Next&quot;,&quot;step_previous_label&quot;:&quot;Previous&quot;,&quot;button_width&quot;:&quot;100&quot;,&quot;step_type&quot;:&quot;number_text&quot;,&quot;step_icon_shape&quot;:&quot;circle&quot;}\" data-widget_type=\"form.default\">\n\t\t\t\t\t\t\t<form class=\"elementor-form\" method=\"post\" name=\"New Form\" aria-label=\"New Form\" action=\"\">\n\t\t\t<input type=\"hidden\" name=\"post_id\" value=\"990260\"\/>\n\t\t\t<input type=\"hidden\" name=\"form_id\" value=\"097429d\"\/>\n\t\t\t<input type=\"hidden\" name=\"referer_title\" value=\"Suporte Microsoft Project | ProjectSA\" \/>\n\n\t\t\t\t\t\t\t<input type=\"hidden\" name=\"queried_id\" value=\"990260\"\/>\n\t\t\t\n\t\t\t<div class=\"elementor-form-fields-wrapper elementor-labels-above\">\n\t\t\t\t\t\t\t\t<div class=\"elementor-field-type-text elementor-field-group elementor-column elementor-field-group-name elementor-col-100 elementor-md-50\">\n\t\t\t\t\t\t\t\t\t\t\t\t<label for=\"form-field-name\" class=\"elementor-field-label\">\n\t\t\t\t\t\t\t\tName\t\t\t\t\t\t\t<\/label>\n\t\t\t\t\t\t\t\t\t\t\t\t\t\t<input size=\"1\" type=\"text\" name=\"form_fields[name]\" id=\"form-field-name\" class=\"elementor-field elementor-size-sm  elementor-field-textual\" placeholder=\"Name\">\n\t\t\t\t\t\t\t\t\t\t\t<\/div>\n\t\t\t\t\t\t\t\t<div class=\"elementor-field-type-email elementor-field-group elementor-column elementor-field-group-email elementor-col-100 elementor-md-50 elementor-field-required\">\n\t\t\t\t\t\t\t\t\t\t\t\t<label for=\"form-field-email\" class=\"elementor-field-label\">\n\t\t\t\t\t\t\t\tEmail \t\t\t\t\t\t\t<\/label>\n\t\t\t\t\t\t\t\t\t\t\t\t\t\t<input size=\"1\" type=\"email\" name=\"form_fields[email]\" id=\"form-field-email\" class=\"elementor-field elementor-size-sm  elementor-field-textual\" placeholder=\"Corporate Email\" required=\"required\">\n\t\t\t\t\t\t\t\t\t\t\t<\/div>\n\t\t\t\t\t\t\t\t<div class=\"elementor-field-type-textarea elementor-field-group elementor-column elementor-field-group-message elementor-col-100\">\n\t\t\t\t\t\t\t\t\t\t\t\t<label for=\"form-field-message\" class=\"elementor-field-label\">\n\t\t\t\t\t\t\t\tMessage\t\t\t\t\t\t\t<\/label>\n\t\t\t\t\t\t<textarea class=\"elementor-field-textual elementor-field  elementor-size-sm\" name=\"form_fields[message]\" id=\"form-field-message\" rows=\"4\" placeholder=\"Message\"><\/textarea>\t\t\t\t<\/div>\n\t\t\t\t\t\t\t\t<div class=\"elementor-field-type-recaptcha_v3 elementor-field-group elementor-column elementor-field-group-field_9afc258 elementor-col-100 recaptcha_v3-bottomright\">\n\t\t\t\t\t<div class=\"elementor-field\" id=\"form-field-field_9afc258\"><div class=\"elementor-g-recaptcha\" data-sitekey=\"6LenVSgsAAAAAFibcin0CrZiXLEb9n7is4ERrGw2\" data-type=\"v3\" data-action=\"Form\" data-badge=\"bottomright\" data-size=\"invisible\"><\/div><\/div>\t\t\t\t<\/div>\n\t\t\t\t\t\t\t\t<div class=\"elementor-field-group elementor-column elementor-field-type-submit elementor-col-100 e-form__buttons\">\n\t\t\t\t\t<button class=\"elementor-button elementor-size-sm\" type=\"submit\">\n\t\t\t\t\t\t<span class=\"elementor-button-content-wrapper\">\n\t\t\t\t\t\t\t\t\t\t\t\t\t\t\t\t\t\t\t\t\t\t<span class=\"elementor-button-text\">Get in touch<\/span>\n\t\t\t\t\t\t\t\t\t\t\t\t\t<\/span>\n\t\t\t\t\t<\/button>\n\t\t\t\t<\/div>\n\t\t\t<\/div>\n\t\t<input type=\"hidden\" name=\"trp-form-language\" value=\"en\"\/><\/form>\n\t\t\t\t\t\t<\/div>\n\t\t\t\t\t<\/div>\n\t\t<\/div>\n\t\t\t\t\t<\/div>\n\t\t<\/section>\n\t\t\t\t<section class=\"elementor-section elementor-inner-section elementor-element elementor-element-49314cc elementor-section-boxed elementor-section-height-default elementor-section-height-default\" data-id=\"49314cc\" data-element_type=\"section\" data-settings=\"{&quot;background_background&quot;:&quot;classic&quot;}\">\n\t\t\t\t\t\t<div class=\"elementor-container elementor-column-gap-default\">\n\t\t\t\t\t<div class=\"elementor-column elementor-col-100 elementor-inner-column elementor-element elementor-element-89d8e1c\" data-id=\"89d8e1c\" data-element_type=\"column\">\n\t\t\t<div class=\"elementor-widget-wrap elementor-element-populated\">\n\t\t\t\t\t\t<div class=\"elementor-element elementor-element-99f52cb elementor-widget elementor-widget-heading\" data-id=\"99f52cb\" data-element_type=\"widget\" data-widget_type=\"heading.default\">\n\t\t\t\t\t<h4 class=\"elementor-heading-title elementor-size-default\">WhatsApp<\/h4>\t\t\t\t<\/div>\n\t\t\t\t<div class=\"elementor-element elementor-element-0af27a3 elementor-widget elementor-widget-text-editor\" data-id=\"0af27a3\" data-element_type=\"widget\" data-widget_type=\"text-editor.default\">\n\t\t\t\t\t\t\t\t\t<p>Talk to our consultants and find out how we can help.<\/p>\t\t\t\t\t\t\t\t<\/div>\n\t\t\t\t<div class=\"elementor-element elementor-element-2d1bcf7 elementor-view-framed elementor-position-inline-start elementor-mobile-position-inline-start elementor-widget-tablet__width-initial elementor-shape-circle elementor-widget elementor-widget-icon-box\" data-id=\"2d1bcf7\" data-element_type=\"widget\" data-widget_type=\"icon-box.default\">\n\t\t\t\t\t\t\t<div class=\"elementor-icon-box-wrapper\">\n\n\t\t\t\t\t\t<div class=\"elementor-icon-box-icon\">\n\t\t\t\t<a href=\"https:\/\/api.whatsapp.com\/send?phone=1138311757\" target=\"_blank\" class=\"elementor-icon\" tabindex=\"-1\" rel=\"noopener\">\n\t\t\t\t<svg aria-hidden=\"true\" class=\"e-font-icon-svg e-fab-whatsapp\" viewbox=\"0 0 448 512\" xmlns=\"http:\/\/www.w3.org\/2000\/svg\"><path d=\"M380.9 97.1C339 55.1 283.2 32 223.9 32c-122.4 0-222 99.6-222 222 0 39.1 10.2 77.3 29.6 111L0 480l117.7-30.9c32.4 17.7 68.9 27 106.1 27h.1c122.3 0 224.1-99.6 224.1-222 0-59.3-25.2-115-67.1-157zm-157 341.6c-33.2 0-65.7-8.9-94-25.7l-6.7-4-69.8 18.3L72 359.2l-4.4-7c-18.5-29.4-28.2-63.3-28.2-98.2 0-101.7 82.8-184.5 184.6-184.5 49.3 0 95.6 19.2 130.4 54.1 34.8 34.9 56.2 81.2 56.1 130.5 0 101.8-84.9 184.6-186.6 184.6zm101.2-138.2c-5.5-2.8-32.8-16.2-37.9-18-5.1-1.9-8.8-2.8-12.5 2.8-3.7 5.6-14.3 18-17.6 21.8-3.2 3.7-6.5 4.2-12 1.4-32.6-16.3-54-29.1-75.5-66-5.7-9.8 5.7-9.1 16.3-30.3 1.8-3.7.9-6.9-.5-9.7-1.4-2.8-12.5-30.1-17.1-41.2-4.5-10.8-9.1-9.3-12.5-9.5-3.2-.2-6.9-.2-10.6-.2-3.7 0-9.7 1.4-14.8 6.9-5.1 5.6-19.4 19-19.4 46.3 0 27.3 19.9 53.7 22.6 57.4 2.8 3.7 39.1 59.7 94.8 83.8 35.2 15.2 49 16.5 66.6 13.9 10.7-1.6 32.8-13.4 37.4-26.4 4.6-13 4.6-24.1 3.2-26.4-1.3-2.5-5-3.9-10.5-6.6z\"><\/path><\/svg>\t\t\t\t<\/a>\n\t\t\t<\/div>\n\t\t\t\n\t\t\t\t\t\t<div class=\"elementor-icon-box-content\">\n\n\t\t\t\t\n\t\t\t\t\t\t\t\t\t<p class=\"elementor-icon-box-description\">\n\t\t\t\t\t\t+55 11 3837.1757\t\t\t\t\t<\/p>\n\t\t\t\t\n\t\t\t<\/div>\n\t\t\t\n\t\t<\/div>\n\t\t\t\t\t\t<\/div>\n\t\t\t\t\t<\/div>\n\t\t<\/div>\n\t\t\t\t\t<\/div>\n\t\t<\/section>\n\t\t\t\t\t<\/div>\n\t\t<\/div>\n\t\t\t\t\t<\/div>\n\t\t<\/section>\n\t\t\t\t<\/div>","protected":false},"excerpt":{"rendered":"<p>Administra\u00e7\u00e3o, Opera\u00e7\u00e3o Assistida e Suporte N\u00f3s cuidamos de tudo para sua empresa focar na entrega dos projetos Atuamos como uma equipe especializada para sua empresa. Nossa equipe de Suporte Microsoft Project conta com especialistas que maximizam seu desempenho. Oferecemos solu\u00e7\u00f5es personalizadas para efici\u00eancia e produtividade. Alcance sucesso com nossa assist\u00eancia t\u00e9cnica. Equipe multidisciplinar especializada Nossa [&hellip;]<\/p>","protected":false},"author":1,"featured_media":0,"parent":0,"menu_order":0,"comment_status":"closed","ping_status":"closed","template":"elementor_header_footer","meta":{"footnotes":""},"class_list":["post-990260","page","type-page","status-publish","hentry"],"_links":{"self":[{"href":"https:\/\/projectsa.com.br\/en\/wp-json\/wp\/v2\/pages\/990260","targetHints":{"allow":["GET"]}}],"collection":[{"href":"https:\/\/projectsa.com.br\/en\/wp-json\/wp\/v2\/pages"}],"about":[{"href":"https:\/\/projectsa.com.br\/en\/wp-json\/wp\/v2\/types\/page"}],"author":[{"embeddable":true,"href":"https:\/\/projectsa.com.br\/en\/wp-json\/wp\/v2\/users\/1"}],"replies":[{"embeddable":true,"href":"https:\/\/projectsa.com.br\/en\/wp-json\/wp\/v2\/comments?post=990260"}],"version-history":[{"count":68,"href":"https:\/\/projectsa.com.br\/en\/wp-json\/wp\/v2\/pages\/990260\/revisions"}],"predecessor-version":[{"id":993194,"href":"https:\/\/projectsa.com.br\/en\/wp-json\/wp\/v2\/pages\/990260\/revisions\/993194"}],"wp:attachment":[{"href":"https:\/\/projectsa.com.br\/en\/wp-json\/wp\/v2\/media?parent=990260"}],"curies":[{"name":"wp","href":"https:\/\/api.w.org\/{rel}","templated":true}]}}