{"id":990252,"date":"2024-04-22T09:49:47","date_gmt":"2024-04-22T12:49:47","guid":{"rendered":"https:\/\/projectsa.com.br\/?page_id=990252"},"modified":"2025-10-05T17:24:16","modified_gmt":"2025-10-05T20:24:16","slug":"migracao-do-project-online-para-o-microsoft-new-planner","status":"publish","type":"page","link":"https:\/\/projectsa.com.br\/en\/migracao-do-project-online-para-o-microsoft-new-planner\/","title":{"rendered":"Migra\u00e7\u00e3o do Project Online para o Microsoft New Planner"},"content":{"rendered":"<div data-elementor-type=\"wp-page\" data-elementor-id=\"990252\" class=\"elementor elementor-990252\" data-elementor-post-type=\"page\">\n\t\t\t\t\t\t<section class=\"elementor-section elementor-top-section elementor-element elementor-element-927e2a4 elementor-section-boxed elementor-section-height-default elementor-section-height-default\" data-id=\"927e2a4\" data-element_type=\"section\" data-settings=\"{&quot;background_background&quot;:&quot;classic&quot;}\">\n\t\t\t\t\t\t\t<div class=\"elementor-background-overlay\"><\/div>\n\t\t\t\t\t\t\t<div class=\"elementor-container elementor-column-gap-default\">\n\t\t\t\t\t<div class=\"elementor-column elementor-col-100 elementor-top-column elementor-element elementor-element-ae14590\" data-id=\"ae14590\" data-element_type=\"column\">\n\t\t\t<div class=\"elementor-widget-wrap elementor-element-populated\">\n\t\t\t\t\t\t<div class=\"elementor-element elementor-element-36ff841 elementor-invisible elementor-widget elementor-widget-heading\" data-id=\"36ff841\" data-element_type=\"widget\" data-settings=\"{&quot;_animation&quot;:&quot;fadeInUp&quot;}\" data-widget_type=\"heading.default\">\n\t\t\t\t\t<h1 class=\"elementor-heading-title elementor-size-default\">Migra\u00e7\u00e3o do Project Online para Microsoft Planner Premium<\/h1>\t\t\t\t<\/div>\n\t\t\t\t<div class=\"elementor-element elementor-element-724379d elementor-invisible elementor-widget elementor-widget-heading\" data-id=\"724379d\" data-element_type=\"widget\" data-settings=\"{&quot;_animation&quot;:&quot;fadeInUp&quot;,&quot;_animation_delay&quot;:200}\" data-widget_type=\"heading.default\">\n\t\t\t\t\t<h4 class=\"elementor-heading-title elementor-size-default\">Maximize a efici\u00eancia da sua gest\u00e3o de projetos<\/h4>\t\t\t\t<\/div>\n\t\t\t\t\t<\/div>\n\t\t<\/div>\n\t\t\t\t\t<\/div>\n\t\t<\/section>\n\t\t\t\t<section class=\"elementor-section elementor-top-section elementor-element elementor-element-8446953 elementor-section-boxed elementor-section-height-default elementor-section-height-default\" data-id=\"8446953\" data-element_type=\"section\">\n\t\t\t\t\t\t<div class=\"elementor-container elementor-column-gap-default\">\n\t\t\t\t\t<div class=\"elementor-column elementor-col-66 elementor-top-column elementor-element elementor-element-e9a9db9 elementor-invisible\" data-id=\"e9a9db9\" data-element_type=\"column\" data-settings=\"{&quot;animation&quot;:&quot;fadeIn&quot;,&quot;animation_delay&quot;:200}\">\n\t\t\t<div class=\"elementor-widget-wrap elementor-element-populated\">\n\t\t\t\t\t\t<div class=\"elementor-element elementor-element-53e5907 elementor-widget elementor-widget-heading\" data-id=\"53e5907\" data-element_type=\"widget\" data-widget_type=\"heading.default\">\n\t\t\t\t\t<h3 class=\"elementor-heading-title elementor-size-default\">Migre com seguran\u00e7a para o futuro da gest\u00e3o de projetos<\/h3>\t\t\t\t<\/div>\n\t\t\t\t<div class=\"elementor-element elementor-element-035e877 elementor-widget elementor-widget-text-editor\" data-id=\"035e877\" data-element_type=\"widget\" data-widget_type=\"text-editor.default\">\n\t\t\t\t\t\t\t\t\t<p data-start=\"215\" data-end=\"438\">A Microsoft anunciou a\u00a0<strong data-start=\"238\" data-end=\"274\">descontinua\u00e7\u00e3o do Project Online<\/strong>, e o momento de agir \u00e9 agora. Para garantir uma transi\u00e7\u00e3o eficiente e sem riscos, conte com o poder do\u00a0<strong data-start=\"378\" data-end=\"396\">OnePlanner PPM<\/strong>\u00a0\u2014 nosso acelerador exclusivo de migra\u00e7\u00e3o.<\/p><h3 data-start=\"440\" data-end=\"493\">OnePlanner PPM: efici\u00eancia, seguran\u00e7a e agilidade<\/h3><p data-start=\"495\" data-end=\"714\">Especialistas em gest\u00e3o de portf\u00f3lio e projetos, desenvolvemos uma solu\u00e7\u00e3o completa que\u00a0<strong data-start=\"583\" data-end=\"609\">automatiza e padroniza<\/strong>\u00a0todo o processo de migra\u00e7\u00e3o para o\u00a0<strong data-start=\"645\" data-end=\"674\">Microsoft Planner Premium<\/strong>, eliminando erros e economizando tempo.<\/p><p data-start=\"716\" data-end=\"754\">Com o OnePlanner, sua empresa garante:<\/p><ul data-start=\"756\" data-end=\"1056\"><li data-start=\"756\" data-end=\"822\"><p data-start=\"758\" data-end=\"822\"><strong data-start=\"760\" data-end=\"788\">Migra\u00e7\u00e3o r\u00e1pida e segura<\/strong>\u00a0de dados, projetos e estruturas<\/p><\/li><li data-start=\"823\" data-end=\"898\"><p data-start=\"825\" data-end=\"898\"><strong data-start=\"827\" data-end=\"896\">Preserva\u00e7\u00e3o de hist\u00f3ricos, customiza\u00e7\u00f5es e configura\u00e7\u00f5es cr\u00edticas<\/strong><\/p><\/li><li data-start=\"899\" data-end=\"982\"><p data-start=\"901\" data-end=\"982\"><strong data-start=\"903\" data-end=\"923\">Integra\u00e7\u00e3o total<\/strong>\u00a0com Microsoft 365, Power BI, Power Apps e Power Automate<\/p><\/li><li data-start=\"983\" data-end=\"1056\"><p data-start=\"985\" data-end=\"1056\"><strong data-start=\"987\" data-end=\"1010\">Ado\u00e7\u00e3o simplificada<\/strong>\u00a0do novo ambiente do Microsoft Planner Premium<\/p><\/li><\/ul><p data-start=\"1058\" data-end=\"1223\">Al\u00e9m disso, reunimos nossa experi\u00eancia em um\u00a0<strong data-start=\"1103\" data-end=\"1135\">livro publicado sobre o tema<\/strong>, com as melhores pr\u00e1ticas para uma transi\u00e7\u00e3o bem-sucedida. Somos refer\u00eancia no assunto.<\/p><h3 data-start=\"1225\" data-end=\"1250\">Por que migrar agora?<\/h3><p data-start=\"1252\" data-end=\"1447\">A migra\u00e7\u00e3o para o Microsoft Planner Premium vai al\u00e9m de uma atualiza\u00e7\u00e3o de software. \u00c9 a chance de modernizar a governan\u00e7a de projetos, impulsionar a colabora\u00e7\u00e3o e elevar a maturidade do seu PMO.<\/p><p data-start=\"1449\" data-end=\"1479\">Benef\u00edcios diretos da mudan\u00e7a:<\/p><ul data-start=\"1481\" data-end=\"1760\"><li data-start=\"1481\" data-end=\"1527\"><p data-start=\"1483\" data-end=\"1527\">Mais\u00a0<strong data-start=\"1490\" data-end=\"1527\">colabora\u00e7\u00e3o entre equipes e \u00e1reas<\/strong><\/p><\/li><li data-start=\"1528\" data-end=\"1594\"><p data-start=\"1530\" data-end=\"1594\"><strong data-start=\"1532\" data-end=\"1573\">Dashboards e relat\u00f3rios em tempo real<\/strong>\u00a0com dados confi\u00e1veis<\/p><\/li><li data-start=\"1595\" data-end=\"1649\"><p data-start=\"1597\" data-end=\"1649\">Alinhamento com as\u00a0<strong data-start=\"1618\" data-end=\"1649\">boas pr\u00e1ticas de governan\u00e7a<\/strong><\/p><\/li><li data-start=\"1650\" data-end=\"1702\"><p data-start=\"1652\" data-end=\"1702\"><strong data-start=\"1654\" data-end=\"1680\">Automa\u00e7\u00e3o de processos<\/strong>, reduzindo retrabalho<\/p><\/li><li data-start=\"1703\" data-end=\"1760\"><p data-start=\"1705\" data-end=\"1760\">Ado\u00e7\u00e3o de uma\u00a0<strong data-start=\"1721\" data-end=\"1760\">gest\u00e3o mais estrat\u00e9gica e integrada<\/strong><\/p><\/li><\/ul>\t\t\t\t\t\t\t\t<\/div>\n\t\t\t\t<div class=\"elementor-element elementor-element-da35288 elementor-widget elementor-widget-video\" data-id=\"da35288\" data-element_type=\"widget\" data-settings=\"{&quot;youtube_url&quot;:&quot;https:\\\/\\\/www.youtube.com\\\/watch?v=HAB-Y_WdPgg&amp;t=2s&quot;,&quot;video_type&quot;:&quot;youtube&quot;,&quot;controls&quot;:&quot;yes&quot;}\" data-widget_type=\"video.default\">\n\t\t\t\t\t\t\t<div class=\"elementor-wrapper elementor-open-inline\">\n\t\t\t<div class=\"elementor-video\"><\/div>\t\t<\/div>\n\t\t\t\t\t\t<\/div>\n\t\t\t\t\t<\/div>\n\t\t<\/div>\n\t\t\t\t<div class=\"elementor-column elementor-col-33 elementor-top-column elementor-element elementor-element-251019a elementor-invisible\" data-id=\"251019a\" data-element_type=\"column\" data-settings=\"{&quot;animation&quot;:&quot;fadeIn&quot;,&quot;animation_delay&quot;:300}\">\n\t\t\t<div class=\"elementor-widget-wrap elementor-element-populated\">\n\t\t\t\t\t\t<section class=\"elementor-section elementor-inner-section elementor-element elementor-element-c80e3b4 elementor-section-boxed elementor-section-height-default elementor-section-height-default\" data-id=\"c80e3b4\" data-element_type=\"section\" data-settings=\"{&quot;background_background&quot;:&quot;classic&quot;}\">\n\t\t\t\t\t\t<div class=\"elementor-container elementor-column-gap-default\">\n\t\t\t\t\t<div class=\"elementor-column elementor-col-100 elementor-inner-column elementor-element elementor-element-53b4cf7\" data-id=\"53b4cf7\" data-element_type=\"column\">\n\t\t\t<div class=\"elementor-widget-wrap elementor-element-populated\">\n\t\t\t\t\t\t<div class=\"elementor-element elementor-element-15f8251 elementor-widget elementor-widget-heading\" data-id=\"15f8251\" data-element_type=\"widget\" data-widget_type=\"heading.default\">\n\t\t\t\t\t<h3 class=\"elementor-heading-title elementor-size-default\">Contact us<\/h3>\t\t\t\t<\/div>\n\t\t\t\t<div class=\"elementor-element elementor-element-08a41a9 elementor-tablet-button-align-start elementor-button-align-stretch elementor-widget elementor-widget-form\" data-id=\"08a41a9\" data-element_type=\"widget\" data-settings=\"{&quot;step_next_label&quot;:&quot;Next&quot;,&quot;step_previous_label&quot;:&quot;Previous&quot;,&quot;button_width&quot;:&quot;100&quot;,&quot;step_type&quot;:&quot;number_text&quot;,&quot;step_icon_shape&quot;:&quot;circle&quot;}\" data-widget_type=\"form.default\">\n\t\t\t\t\t\t\t<form class=\"elementor-form\" method=\"post\" name=\"New Form\" aria-label=\"New Form\" action=\"\">\n\t\t\t<input type=\"hidden\" name=\"post_id\" value=\"990252\"\/>\n\t\t\t<input type=\"hidden\" name=\"form_id\" value=\"08a41a9\"\/>\n\t\t\t<input type=\"hidden\" name=\"referer_title\" value=\"Migra\u00e7\u00e3o do Project Online para o Microsoft New Planner | ProjectSA\" \/>\n\n\t\t\t\t\t\t\t<input type=\"hidden\" name=\"queried_id\" value=\"990252\"\/>\n\t\t\t\n\t\t\t<div class=\"elementor-form-fields-wrapper elementor-labels-above\">\n\t\t\t\t\t\t\t\t<div class=\"elementor-field-type-text elementor-field-group elementor-column elementor-field-group-name elementor-col-100 elementor-md-50\">\n\t\t\t\t\t\t\t\t\t\t\t\t<label for=\"form-field-name\" class=\"elementor-field-label\">\n\t\t\t\t\t\t\t\tName\t\t\t\t\t\t\t<\/label>\n\t\t\t\t\t\t\t\t\t\t\t\t\t\t<input size=\"1\" type=\"text\" name=\"form_fields[name]\" id=\"form-field-name\" class=\"elementor-field elementor-size-sm  elementor-field-textual\" placeholder=\"Name\">\n\t\t\t\t\t\t\t\t\t\t\t<\/div>\n\t\t\t\t\t\t\t\t<div class=\"elementor-field-type-email elementor-field-group elementor-column elementor-field-group-email elementor-col-100 elementor-md-50 elementor-field-required\">\n\t\t\t\t\t\t\t\t\t\t\t\t<label for=\"form-field-email\" class=\"elementor-field-label\">\n\t\t\t\t\t\t\t\tEmail \t\t\t\t\t\t\t<\/label>\n\t\t\t\t\t\t\t\t\t\t\t\t\t\t<input size=\"1\" type=\"email\" name=\"form_fields[email]\" id=\"form-field-email\" class=\"elementor-field elementor-size-sm  elementor-field-textual\" placeholder=\"Corporate Email\" required=\"required\">\n\t\t\t\t\t\t\t\t\t\t\t<\/div>\n\t\t\t\t\t\t\t\t<div class=\"elementor-field-type-textarea elementor-field-group elementor-column elementor-field-group-message elementor-col-100\">\n\t\t\t\t\t\t\t\t\t\t\t\t<label for=\"form-field-message\" class=\"elementor-field-label\">\n\t\t\t\t\t\t\t\tMessage\t\t\t\t\t\t\t<\/label>\n\t\t\t\t\t\t<textarea class=\"elementor-field-textual elementor-field  elementor-size-sm\" name=\"form_fields[message]\" id=\"form-field-message\" rows=\"4\" placeholder=\"Message\"><\/textarea>\t\t\t\t<\/div>\n\t\t\t\t\t\t\t\t<div class=\"elementor-field-group elementor-column elementor-field-type-submit elementor-col-100 e-form__buttons\">\n\t\t\t\t\t<button class=\"elementor-button elementor-size-sm\" type=\"submit\">\n\t\t\t\t\t\t<span class=\"elementor-button-content-wrapper\">\n\t\t\t\t\t\t\t\t\t\t\t\t\t\t\t\t\t\t\t\t\t\t<span class=\"elementor-button-text\">Get in touch<\/span>\n\t\t\t\t\t\t\t\t\t\t\t\t\t<\/span>\n\t\t\t\t\t<\/button>\n\t\t\t\t<\/div>\n\t\t\t<\/div>\n\t\t<input type=\"hidden\" name=\"trp-form-language\" value=\"en\"\/><\/form>\n\t\t\t\t\t\t<\/div>\n\t\t\t\t\t<\/div>\n\t\t<\/div>\n\t\t\t\t\t<\/div>\n\t\t<\/section>\n\t\t\t\t<section class=\"elementor-section elementor-inner-section elementor-element elementor-element-14c4361 elementor-section-boxed elementor-section-height-default elementor-section-height-default\" data-id=\"14c4361\" data-element_type=\"section\" data-settings=\"{&quot;background_background&quot;:&quot;classic&quot;}\">\n\t\t\t\t\t\t<div class=\"elementor-container elementor-column-gap-default\">\n\t\t\t\t\t<div class=\"elementor-column elementor-col-100 elementor-inner-column elementor-element elementor-element-282bde6\" data-id=\"282bde6\" data-element_type=\"column\">\n\t\t\t<div class=\"elementor-widget-wrap elementor-element-populated\">\n\t\t\t\t\t\t<div class=\"elementor-element elementor-element-e50c77b elementor-widget elementor-widget-heading\" data-id=\"e50c77b\" data-element_type=\"widget\" data-widget_type=\"heading.default\">\n\t\t\t\t\t<h4 class=\"elementor-heading-title elementor-size-default\">WhatsApp<\/h4>\t\t\t\t<\/div>\n\t\t\t\t<div class=\"elementor-element elementor-element-8309e09 elementor-widget elementor-widget-text-editor\" data-id=\"8309e09\" data-element_type=\"widget\" data-widget_type=\"text-editor.default\">\n\t\t\t\t\t\t\t\t\t<p>Talk to our consultants and find out how we can help.<\/p>\t\t\t\t\t\t\t\t<\/div>\n\t\t\t\t<div class=\"elementor-element elementor-element-f47d352 elementor-view-framed elementor-position-inline-start elementor-mobile-position-inline-start elementor-widget-tablet__width-initial elementor-shape-circle elementor-widget elementor-widget-icon-box\" data-id=\"f47d352\" data-element_type=\"widget\" data-widget_type=\"icon-box.default\">\n\t\t\t\t\t\t\t<div class=\"elementor-icon-box-wrapper\">\n\n\t\t\t\t\t\t<div class=\"elementor-icon-box-icon\">\n\t\t\t\t<a href=\"https:\/\/api.whatsapp.com\/send?phone=551138311757\" target=\"_blank\" class=\"elementor-icon\" tabindex=\"-1\" rel=\"noopener\">\n\t\t\t\t<svg aria-hidden=\"true\" class=\"e-font-icon-svg e-fab-whatsapp\" viewbox=\"0 0 448 512\" xmlns=\"http:\/\/www.w3.org\/2000\/svg\"><path d=\"M380.9 97.1C339 55.1 283.2 32 223.9 32c-122.4 0-222 99.6-222 222 0 39.1 10.2 77.3 29.6 111L0 480l117.7-30.9c32.4 17.7 68.9 27 106.1 27h.1c122.3 0 224.1-99.6 224.1-222 0-59.3-25.2-115-67.1-157zm-157 341.6c-33.2 0-65.7-8.9-94-25.7l-6.7-4-69.8 18.3L72 359.2l-4.4-7c-18.5-29.4-28.2-63.3-28.2-98.2 0-101.7 82.8-184.5 184.6-184.5 49.3 0 95.6 19.2 130.4 54.1 34.8 34.9 56.2 81.2 56.1 130.5 0 101.8-84.9 184.6-186.6 184.6zm101.2-138.2c-5.5-2.8-32.8-16.2-37.9-18-5.1-1.9-8.8-2.8-12.5 2.8-3.7 5.6-14.3 18-17.6 21.8-3.2 3.7-6.5 4.2-12 1.4-32.6-16.3-54-29.1-75.5-66-5.7-9.8 5.7-9.1 16.3-30.3 1.8-3.7.9-6.9-.5-9.7-1.4-2.8-12.5-30.1-17.1-41.2-4.5-10.8-9.1-9.3-12.5-9.5-3.2-.2-6.9-.2-10.6-.2-3.7 0-9.7 1.4-14.8 6.9-5.1 5.6-19.4 19-19.4 46.3 0 27.3 19.9 53.7 22.6 57.4 2.8 3.7 39.1 59.7 94.8 83.8 35.2 15.2 49 16.5 66.6 13.9 10.7-1.6 32.8-13.4 37.4-26.4 4.6-13 4.6-24.1 3.2-26.4-1.3-2.5-5-3.9-10.5-6.6z\"><\/path><\/svg>\t\t\t\t<\/a>\n\t\t\t<\/div>\n\t\t\t\n\t\t\t\t\t\t<div class=\"elementor-icon-box-content\">\n\n\t\t\t\t\n\t\t\t\t\t\t\t\t\t<p class=\"elementor-icon-box-description\">\n\t\t\t\t\t\t+55 11 3837.1757\t\t\t\t\t<\/p>\n\t\t\t\t\n\t\t\t<\/div>\n\t\t\t\n\t\t<\/div>\n\t\t\t\t\t\t<\/div>\n\t\t\t\t\t<\/div>\n\t\t<\/div>\n\t\t\t\t\t<\/div>\n\t\t<\/section>\n\t\t\t\t\t<\/div>\n\t\t<\/div>\n\t\t\t\t\t<\/div>\n\t\t<\/section>\n\t\t\t\t<section class=\"elementor-section elementor-top-section elementor-element elementor-element-323733d elementor-section-boxed elementor-section-height-default elementor-section-height-default\" data-id=\"323733d\" data-element_type=\"section\" data-settings=\"{&quot;background_background&quot;:&quot;classic&quot;}\">\n\t\t\t\t\t\t<div class=\"elementor-container elementor-column-gap-default\">\n\t\t\t\t\t<div class=\"elementor-column elementor-col-100 elementor-top-column elementor-element elementor-element-0f2c4a4\" data-id=\"0f2c4a4\" data-element_type=\"column\">\n\t\t\t<div class=\"elementor-widget-wrap elementor-element-populated\">\n\t\t\t\t\t\t<section class=\"elementor-section elementor-inner-section elementor-element elementor-element-e1d75fb elementor-section-boxed elementor-section-height-default elementor-section-height-default\" data-id=\"e1d75fb\" data-element_type=\"section\">\n\t\t\t\t\t\t<div class=\"elementor-container elementor-column-gap-default\">\n\t\t\t\t\t<div class=\"elementor-column elementor-col-33 elementor-inner-column elementor-element elementor-element-c22bee5\" data-id=\"c22bee5\" data-element_type=\"column\">\n\t\t\t<div class=\"elementor-widget-wrap elementor-element-populated\">\n\t\t\t\t\t\t<div class=\"elementor-element elementor-element-292b221 elementor-widget elementor-widget-image\" data-id=\"292b221\" data-element_type=\"widget\" data-widget_type=\"image.default\">\n\t\t\t\t\t\t\t\t\t\t\t\t\t\t\t<img decoding=\"async\" src=\"https:\/\/projectsa.com.br\/wp-content\/uploads\/elementor\/thumbs\/projectsa-brancologo-qn6pa79ebf1yiznemjtf8wvapz1cj3lh4warimwxkw.png\" title=\"projectsa-brancologo\" alt=\"projectsa-brancologo\" loading=\"lazy\" \/>\t\t\t\t\t\t\t\t\t\t\t\t\t\t\t<\/div>\n\t\t\t\t<div class=\"elementor-element elementor-element-82ace2d elementor-shape-circle e-grid-align-mobile-center elementor-grid-0 elementor-widget elementor-widget-social-icons\" data-id=\"82ace2d\" data-element_type=\"widget\" data-widget_type=\"social-icons.default\">\n\t\t\t\t\t\t\t<div class=\"elementor-social-icons-wrapper elementor-grid\" role=\"list\">\n\t\t\t\t\t\t\t<span class=\"elementor-grid-item\" role=\"listitem\">\n\t\t\t\t\t<a class=\"elementor-icon elementor-social-icon elementor-social-icon-youtube elementor-animation-pop elementor-repeater-item-702099c\" href=\"https:\/\/www.youtube.com\/user\/VideosProjectSA\" target=\"_blank\" rel=\"noopener\">\n\t\t\t\t\t\t<span class=\"elementor-screen-only\">Youtube<\/span>\n\t\t\t\t\t\t<svg aria-hidden=\"true\" class=\"e-font-icon-svg e-fab-youtube\" viewbox=\"0 0 576 512\" xmlns=\"http:\/\/www.w3.org\/2000\/svg\"><path d=\"M549.655 124.083c-6.281-23.65-24.787-42.276-48.284-48.597C458.781 64 288 64 288 64S117.22 64 74.629 75.486c-23.497 6.322-42.003 24.947-48.284 48.597-11.412 42.867-11.412 132.305-11.412 132.305s0 89.438 11.412 132.305c6.281 23.65 24.787 41.5 48.284 47.821C117.22 448 288 448 288 448s170.78 0 213.371-11.486c23.497-6.321 42.003-24.171 48.284-47.821 11.412-42.867 11.412-132.305 11.412-132.305s0-89.438-11.412-132.305zm-317.51 213.508V175.185l142.739 81.205-142.739 81.201z\"><\/path><\/svg>\t\t\t\t\t<\/a>\n\t\t\t\t<\/span>\n\t\t\t\t\t\t\t<span class=\"elementor-grid-item\" role=\"listitem\">\n\t\t\t\t\t<a class=\"elementor-icon elementor-social-icon elementor-social-icon-linkedin-in elementor-animation-pop elementor-repeater-item-b9adc1a\" href=\"https:\/\/br.linkedin.com\/company\/project-sa\" target=\"_blank\" rel=\"noopener\">\n\t\t\t\t\t\t<span class=\"elementor-screen-only\">Linkedin-in<\/span>\n\t\t\t\t\t\t<svg aria-hidden=\"true\" class=\"e-font-icon-svg e-fab-linkedin-in\" viewbox=\"0 0 448 512\" xmlns=\"http:\/\/www.w3.org\/2000\/svg\"><path d=\"M100.28 448H7.4V148.9h92.88zM53.79 108.1C24.09 108.1 0 83.5 0 53.8a53.79 53.79 0 0 1 107.58 0c0 29.7-24.1 54.3-53.79 54.3zM447.9 448h-92.68V302.4c0-34.7-.7-79.2-48.29-79.2-48.29 0-55.69 37.7-55.69 76.7V448h-92.78V148.9h89.08v40.8h1.3c12.4-23.5 42.69-48.3 87.88-48.3 94 0 111.28 61.9 111.28 142.3V448z\"><\/path><\/svg>\t\t\t\t\t<\/a>\n\t\t\t\t<\/span>\n\t\t\t\t\t\t\t<span class=\"elementor-grid-item\" role=\"listitem\">\n\t\t\t\t\t<a class=\"elementor-icon elementor-social-icon elementor-social-icon-x-twitter elementor-animation-pop elementor-repeater-item-0fcdddc\" href=\"https:\/\/twitter.com\/projectsa\" target=\"_blank\" rel=\"noopener\">\n\t\t\t\t\t\t<span class=\"elementor-screen-only\">X-twitter<\/span>\n\t\t\t\t\t\t<svg aria-hidden=\"true\" class=\"e-font-icon-svg e-fab-x-twitter\" viewbox=\"0 0 512 512\" xmlns=\"http:\/\/www.w3.org\/2000\/svg\"><path d=\"M389.2 48h70.6L305.6 224.2 487 464H345L233.7 318.6 106.5 464H35.8L200.7 275.5 26.8 48H172.4L272.9 180.9 389.2 48zM364.4 421.8h39.1L151.1 88h-42L364.4 421.8z\"><\/path><\/svg>\t\t\t\t\t<\/a>\n\t\t\t\t<\/span>\n\t\t\t\t\t<\/div>\n\t\t\t\t\t\t<\/div>\n\t\t\t\t\t<\/div>\n\t\t<\/div>\n\t\t\t\t<div class=\"elementor-column elementor-col-33 elementor-inner-column elementor-element elementor-element-31bc193 elementor-hidden-mobile\" data-id=\"31bc193\" data-element_type=\"column\">\n\t\t\t<div class=\"elementor-widget-wrap elementor-element-populated\">\n\t\t\t\t\t\t<div class=\"elementor-element elementor-element-f1bcee8 elementor-widget elementor-widget-heading\" data-id=\"f1bcee8\" data-element_type=\"widget\" data-widget_type=\"heading.default\">\n\t\t\t\t\t<h5 class=\"elementor-heading-title elementor-size-default\">Location<\/h5>\t\t\t\t<\/div>\n\t\t\t\t<div class=\"elementor-element elementor-element-346b29e elementor-widget elementor-widget-text-editor\" data-id=\"346b29e\" data-element_type=\"widget\" data-widget_type=\"text-editor.default\">\n\t\t\t\t\t\t\t\t\t<p>Av. Mofarrej, 348 \u2013 Conj. 204<br \/>Vila Leopoldina, S\u00e3o Paulo \u2013 SP<\/p>\t\t\t\t\t\t\t\t<\/div>\n\t\t\t\t\t<\/div>\n\t\t<\/div>\n\t\t\t\t<div class=\"elementor-column elementor-col-33 elementor-inner-column elementor-element elementor-element-b7ced0e\" data-id=\"b7ced0e\" data-element_type=\"column\" data-settings=\"{&quot;background_background&quot;:&quot;classic&quot;}\">\n\t\t\t<div class=\"elementor-widget-wrap elementor-element-populated\">\n\t\t\t\t\t\t<div class=\"elementor-element elementor-element-081c551 elementor-widget elementor-widget-heading\" data-id=\"081c551\" data-element_type=\"widget\" data-widget_type=\"heading.default\">\n\t\t\t\t\t<h5 class=\"elementor-heading-title elementor-size-default\">Contact<\/h5>\t\t\t\t<\/div>\n\t\t\t\t<div class=\"elementor-element elementor-element-a2330e3 elementor-icon-list--layout-traditional elementor-list-item-link-full_width elementor-widget elementor-widget-icon-list\" data-id=\"a2330e3\" data-element_type=\"widget\" data-widget_type=\"icon-list.default\">\n\t\t\t\t\t\t\t<ul class=\"elementor-icon-list-items\">\n\t\t\t\t\t\t\t<li class=\"elementor-icon-list-item\">\n\t\t\t\t\t\t\t\t\t\t\t<a href=\"mailto:projectsa@projectsa.com.br\">\n\n\t\t\t\t\t\t\t\t\t\t\t\t<span class=\"elementor-icon-list-icon\">\n\t\t\t\t\t\t\t<i aria-hidden=\"true\" class=\"ti-email\"><\/i>\t\t\t\t\t\t<\/span>\n\t\t\t\t\t\t\t\t\t\t<span class=\"elementor-icon-list-text\">projectsa@projectsa.com.br<\/span>\n\t\t\t\t\t\t\t\t\t\t\t<\/a>\n\t\t\t\t\t\t\t\t\t<\/li>\n\t\t\t\t\t\t\t\t<li class=\"elementor-icon-list-item\">\n\t\t\t\t\t\t\t\t\t\t\t<a href=\"https:\/\/api.whatsapp.com\/send?phone=551138311757\" target=\"_blank\" rel=\"noopener\">\n\n\t\t\t\t\t\t\t\t\t\t\t\t<span class=\"elementor-icon-list-icon\">\n\t\t\t\t\t\t\t<svg aria-hidden=\"true\" class=\"e-font-icon-svg e-fab-whatsapp\" viewbox=\"0 0 448 512\" xmlns=\"http:\/\/www.w3.org\/2000\/svg\"><path d=\"M380.9 97.1C339 55.1 283.2 32 223.9 32c-122.4 0-222 99.6-222 222 0 39.1 10.2 77.3 29.6 111L0 480l117.7-30.9c32.4 17.7 68.9 27 106.1 27h.1c122.3 0 224.1-99.6 224.1-222 0-59.3-25.2-115-67.1-157zm-157 341.6c-33.2 0-65.7-8.9-94-25.7l-6.7-4-69.8 18.3L72 359.2l-4.4-7c-18.5-29.4-28.2-63.3-28.2-98.2 0-101.7 82.8-184.5 184.6-184.5 49.3 0 95.6 19.2 130.4 54.1 34.8 34.9 56.2 81.2 56.1 130.5 0 101.8-84.9 184.6-186.6 184.6zm101.2-138.2c-5.5-2.8-32.8-16.2-37.9-18-5.1-1.9-8.8-2.8-12.5 2.8-3.7 5.6-14.3 18-17.6 21.8-3.2 3.7-6.5 4.2-12 1.4-32.6-16.3-54-29.1-75.5-66-5.7-9.8 5.7-9.1 16.3-30.3 1.8-3.7.9-6.9-.5-9.7-1.4-2.8-12.5-30.1-17.1-41.2-4.5-10.8-9.1-9.3-12.5-9.5-3.2-.2-6.9-.2-10.6-.2-3.7 0-9.7 1.4-14.8 6.9-5.1 5.6-19.4 19-19.4 46.3 0 27.3 19.9 53.7 22.6 57.4 2.8 3.7 39.1 59.7 94.8 83.8 35.2 15.2 49 16.5 66.6 13.9 10.7-1.6 32.8-13.4 37.4-26.4 4.6-13 4.6-24.1 3.2-26.4-1.3-2.5-5-3.9-10.5-6.6z\"><\/path><\/svg>\t\t\t\t\t\t<\/span>\n\t\t\t\t\t\t\t\t\t\t<span class=\"elementor-icon-list-text\">+55 11 3831.1757<\/span>\n\t\t\t\t\t\t\t\t\t\t\t<\/a>\n\t\t\t\t\t\t\t\t\t<\/li>\n\t\t\t\t\t\t<\/ul>\n\t\t\t\t\t\t<\/div>\n\t\t\t\t\t<\/div>\n\t\t<\/div>\n\t\t\t\t\t<\/div>\n\t\t<\/section>\n\t\t\t\t<section class=\"elementor-section elementor-inner-section elementor-element elementor-element-d49152f elementor-section-boxed elementor-section-height-default elementor-section-height-default\" data-id=\"d49152f\" data-element_type=\"section\">\n\t\t\t\t\t\t<div class=\"elementor-container elementor-column-gap-default\">\n\t\t\t\t\t<div class=\"elementor-column elementor-col-100 elementor-inner-column elementor-element elementor-element-bba4ad9\" data-id=\"bba4ad9\" data-element_type=\"column\">\n\t\t\t<div class=\"elementor-widget-wrap elementor-element-populated\">\n\t\t\t\t\t\t<div class=\"elementor-element elementor-element-db97ff6 elementor-widget elementor-widget-heading\" data-id=\"db97ff6\" data-element_type=\"widget\" data-widget_type=\"heading.default\">\n\t\t\t\t\t<div class=\"elementor-heading-title elementor-size-default\">Copyright \u00a9 2024 ProjectSA. Todos os Direitos Reservados.<\/div>\t\t\t\t<\/div>\n\t\t\t\t\t<\/div>\n\t\t<\/div>\n\t\t\t\t\t<\/div>\n\t\t<\/section>\n\t\t\t\t\t<\/div>\n\t\t<\/div>\n\t\t\t\t\t<\/div>\n\t\t<\/section>\n\t\t\t\t<\/div>","protected":false},"excerpt":{"rendered":"<p>Migra\u00e7\u00e3o do Project Online para Microsoft Planner Premium Maximize a efici\u00eancia da sua gest\u00e3o de projetos Migre com seguran\u00e7a para o futuro da gest\u00e3o de projetos A Microsoft anunciou a\u00a0descontinua\u00e7\u00e3o do Project Online, e o momento de agir \u00e9 agora. Para garantir uma transi\u00e7\u00e3o eficiente e sem riscos, conte com o poder do\u00a0OnePlanner PPM\u00a0\u2014 nosso [&hellip;]<\/p>","protected":false},"author":1,"featured_media":0,"parent":0,"menu_order":0,"comment_status":"closed","ping_status":"closed","template":"elementor_header_footer","meta":{"footnotes":""},"class_list":["post-990252","page","type-page","status-publish","hentry"],"_links":{"self":[{"href":"https:\/\/projectsa.com.br\/en\/wp-json\/wp\/v2\/pages\/990252","targetHints":{"allow":["GET"]}}],"collection":[{"href":"https:\/\/projectsa.com.br\/en\/wp-json\/wp\/v2\/pages"}],"about":[{"href":"https:\/\/projectsa.com.br\/en\/wp-json\/wp\/v2\/types\/page"}],"author":[{"embeddable":true,"href":"https:\/\/projectsa.com.br\/en\/wp-json\/wp\/v2\/users\/1"}],"replies":[{"embeddable":true,"href":"https:\/\/projectsa.com.br\/en\/wp-json\/wp\/v2\/comments?post=990252"}],"version-history":[{"count":122,"href":"https:\/\/projectsa.com.br\/en\/wp-json\/wp\/v2\/pages\/990252\/revisions"}],"predecessor-version":[{"id":993007,"href":"https:\/\/projectsa.com.br\/en\/wp-json\/wp\/v2\/pages\/990252\/revisions\/993007"}],"wp:attachment":[{"href":"https:\/\/projectsa.com.br\/en\/wp-json\/wp\/v2\/media?parent=990252"}],"curies":[{"name":"wp","href":"https:\/\/api.w.org\/{rel}","templated":true}]}}